{"id":29582,"date":"2026-02-06T12:46:28","date_gmt":"2026-02-06T11:46:28","guid":{"rendered":"https:\/\/dev.sm360.no\/nectarshop\/?page_id=29582"},"modified":"2026-02-06T13:01:32","modified_gmt":"2026-02-06T12:01:32","slug":"om-oss","status":"publish","type":"page","link":"https:\/\/dev.sm360.no\/nectarshop\/om-oss\/","title":{"rendered":"Om oss"},"content":{"rendered":"\t\t<div data-elementor-type=\"wp-page\" data-elementor-id=\"29582\" class=\"elementor elementor-29582\" data-elementor-post-type=\"page\">\n\t\t\t\t<div class=\"elementor-element elementor-element-35cbce5 e-flex e-con-boxed e-con e-parent\" data-id=\"35cbce5\" data-element_type=\"container\" data-e-type=\"container\">\n\t\t\t\t\t<div class=\"e-con-inner\">\n\t\t<div class=\"elementor-element elementor-element-2d575cc e-con-full e-flex e-con e-child\" data-id=\"2d575cc\" data-element_type=\"container\" data-e-type=\"container\">\n\t\t\t\t<div class=\"elementor-element elementor-element-408b299 elementor-widget elementor-widget-jet-headline\" data-id=\"408b299\" data-element_type=\"widget\" data-e-type=\"widget\" data-widget_type=\"jet-headline.default\">\n\t\t\t\t<div class=\"elementor-widget-container\">\n\t\t\t\t\t<h2 class=\"jet-headline jet-headline--direction-vertical\"><a class=\"jet-headline__link\" href=\"https:\/\/dev.sm360.no\/nectarshop\/butikk\/collections\/nyheter\/\"><span class=\"jet-headline__part jet-headline__first\"><span class=\"jet-headline__label\">Om Nectar<\/span><\/span><\/a><\/h2>\t\t\t\t<\/div>\n\t\t\t\t<\/div>\n\t\t\t\t<div class=\"elementor-element elementor-element-0a9a89d elementor-widget elementor-widget-text-editor\" data-id=\"0a9a89d\" data-element_type=\"widget\" data-e-type=\"widget\" data-widget_type=\"text-editor.default\">\n\t\t\t\t<div class=\"elementor-widget-container\">\n\t\t\t\t\t\t\t\t\t<h4 data-olk-copy-source=\"MessageBody\"><strong>Fra hjemmekontor\u00a0<span class=\"markn3ws8pq5q\" data-markjs=\"true\" data-ogac=\"\" data-ogab=\"\" data-ogsc=\"\" data-ogsb=\"\">til<\/span>\u00a0livets store \u00f8yeblikk \u2728<\/strong><\/h4><p>Det hele startet i en tid som snudde opp-ned p\u00e5 hverdagen v\u00e5r. Under pandemien, da verden lukket seg og stuen ble det faste m\u00f8testedet, ble<span class=\"x_gmail-Apple-converted-space\">\u00a0<\/span><b>Nectar<\/b><span class=\"x_gmail-Apple-converted-space\">\u00a0<\/span>f\u00f8dt.<\/p><p>Ideen var enkel, men viktig: Jeg \u00f8nsket \u00e5 skape kl\u00e6r som ga alle damer den ultimate f\u00f8lelsen av komfort i en tid hvor vi stort sett skulle &laquo;henge hjemme&raquo;. Vi trengte kl\u00e6r som f\u00f8ltes deilig og behagelig, uten at det gikk p\u00e5 bekostning av stilen.<\/p><h4><strong>En reise i utvikling<\/strong><\/h4><p>Siden den spede begynnelsen har mye endret seg. Vi har lagt bak oss de lange dagene hjemme, men \u00f8nsket om komfort og selvtillit har vi tatt med oss videre. Nectar har vokst i takt med dere, og i dag er jeg stolt av \u00e5 presentere to \u00e5rlige kolleksjoner.<\/p><p>Det som startet som behagelige hjemmekl\u00e6r, har utviklet seg\u00a0<span class=\"markn3ws8pq5q\" data-markjs=\"true\" data-ogac=\"\" data-ogab=\"\" data-ogsc=\"\" data-ogsb=\"\">til<\/span>\u00a0en komplett garderobe:<\/p><ul><li><p><b>Hverdagsfavoritter<\/b><span class=\"x_gmail-Apple-converted-space\">\u00a0<\/span>som t\u00e5ler en travel dag.<\/p><\/li><li><p><b>Elegante antrekk<\/b><span class=\"x_gmail-Apple-converted-space\">\u00a0<\/span><span class=\"markn3ws8pq5q\" data-markjs=\"true\" data-ogac=\"\" data-ogab=\"\" data-ogsc=\"\" data-ogsb=\"\">til<\/span>\u00a0livets sm\u00e5 og store anledninger.<\/p><\/li><li><p><b>Tidl\u00f8st design<\/b><span class=\"x_gmail-Apple-converted-space\">\u00a0<\/span>som er skapt for \u00e5 vare.<\/p><\/li><\/ul><h4 data-olk-copy-source=\"MessageBody\"><strong>For alle damer \u2013\u00a0<span class=\"markn3ws8pq5q\" data-markjs=\"true\" data-ogac=\"\" data-ogab=\"\" data-ogsc=\"\" data-ogsb=\"\">til<\/span>\u00a0alle anledninger<\/strong><\/h4><p>Selv om jeg n\u00e5 designer for bryllup, middager og jobb, er kjernen i Nectar fortsatt den samme:<span class=\"x_gmail-Apple-converted-space\">\u00a0<\/span><b>Kl\u00e6r skal f\u00f8les gode \u00e5 g\u00e5 i.<\/b><span class=\"x_gmail-Apple-converted-space\">\u00a0<\/span>Uansett hvor livet tar deg, skal plaggene fra Nectar f\u00e5 deg\u00a0<span class=\"markn3ws8pq5q\" data-markjs=\"true\" data-ogac=\"\" data-ogab=\"\" data-ogsc=\"\" data-ogsb=\"\">til<\/span>\u00a0\u00e5 f\u00f8le deg vel, akkurat som de gjorde da vi satt trygt hjemme i 2020.<\/p><p>I\u00a0<span class=\"markn3ws8pq5q\" data-markjs=\"true\" data-ogac=\"\" data-ogab=\"\" data-ogsc=\"\" data-ogsb=\"\">til<\/span>legg\u00a0<span class=\"markn3ws8pq5q\" data-markjs=\"true\" data-ogac=\"\" data-ogab=\"\" data-ogsc=\"\" data-ogsb=\"\">til<\/span>\u00a0\u00e5 finne Nectar i v\u00e5r egen nettbutikk, selges v\u00e5re kolleksjoner ogs\u00e5 i utvalgte og fantastiske butikker over hele Norge.<\/p><p>Takk for at du er en del av min reise! \ud83c\udf38<\/p><p>Ida<\/p>\t\t\t\t\t\t\t\t<\/div>\n\t\t\t\t<\/div>\n\t\t\t\t<div class=\"elementor-element elementor-element-33804dc elementor-widget elementor-widget-text-editor\" data-id=\"33804dc\" data-element_type=\"widget\" data-e-type=\"widget\" data-widget_type=\"text-editor.default\">\n\t\t\t\t<div class=\"elementor-widget-container\">\n\t\t\t\t\t\t\t\t\t<h4 data-olk-copy-source=\"MessageBody\"><strong>Kundeservice<\/strong><\/h4><p>Vi har telefontid fra\u00a0kl.\u00a009.00-16.00 mandag til fredag.<br \/>Svarer vi ikke p\u00e5 telefonen\u00a0s\u00e5 ring oss p\u00e5 nytt etter noen minutter.<\/p>\t\t\t\t\t\t\t\t<\/div>\n\t\t\t\t<\/div>\n\t\t\t\t<div class=\"elementor-element elementor-element-ba2e9ef elementor-icon-list--layout-traditional elementor-list-item-link-full_width elementor-widget elementor-widget-icon-list\" data-id=\"ba2e9ef\" data-element_type=\"widget\" data-e-type=\"widget\" data-widget_type=\"icon-list.default\">\n\t\t\t\t<div class=\"elementor-widget-container\">\n\t\t\t\t\t\t\t<ul class=\"elementor-icon-list-items\">\n\t\t\t\t\t\t\t<li class=\"elementor-icon-list-item\">\n\t\t\t\t\t\t\t\t\t\t\t<a href=\"tel:95904039\">\n\n\t\t\t\t\t\t\t\t\t\t\t\t<span class=\"elementor-icon-list-icon\">\n\t\t\t\t\t\t\t<i aria-hidden=\"true\" class=\"fas fa-phone-alt\"><\/i>\t\t\t\t\t\t<\/span>\n\t\t\t\t\t\t\t\t\t\t<span class=\"elementor-icon-list-text\">95 90 40 39<\/span>\n\t\t\t\t\t\t\t\t\t\t\t<\/a>\n\t\t\t\t\t\t\t\t\t<\/li>\n\t\t\t\t\t\t\t\t<li class=\"elementor-icon-list-item\">\n\t\t\t\t\t\t\t\t\t\t\t<a href=\"mailto:shop@nectarshop.no\">\n\n\t\t\t\t\t\t\t\t\t\t\t\t<span class=\"elementor-icon-list-icon\">\n\t\t\t\t\t\t\t<i aria-hidden=\"true\" class=\"far fa-envelope\"><\/i>\t\t\t\t\t\t<\/span>\n\t\t\t\t\t\t\t\t\t\t<span class=\"elementor-icon-list-text\"> shop@nectarshop.no<\/span>\n\t\t\t\t\t\t\t\t\t\t\t<\/a>\n\t\t\t\t\t\t\t\t\t<\/li>\n\t\t\t\t\t\t\t\t<li class=\"elementor-icon-list-item\">\n\t\t\t\t\t\t\t\t\t\t\t<span class=\"elementor-icon-list-icon\">\n\t\t\t\t\t\t\t<i aria-hidden=\"true\" class=\"fas fa-map-pin\"><\/i>\t\t\t\t\t\t<\/span>\n\t\t\t\t\t\t\t\t\t\t<span class=\"elementor-icon-list-text\">Kl\u00e6buveien 196 A, 7037 Trondheim<\/span>\n\t\t\t\t\t\t\t\t\t<\/li>\n\t\t\t\t\t\t<\/ul>\n\t\t\t\t\t\t<\/div>\n\t\t\t\t<\/div>\n\t\t\t\t<div class=\"elementor-element elementor-element-a0ae0a3 elementor-widget elementor-widget-text-editor\" data-id=\"a0ae0a3\" data-element_type=\"widget\" data-e-type=\"widget\" data-widget_type=\"text-editor.default\">\n\t\t\t\t<div class=\"elementor-widget-container\">\n\t\t\t\t\t\t\t\t\t<p><strong>Nectar the Brand AS<\/strong><br \/>Organisasjonsnummer: 931 026 488<\/p>\t\t\t\t\t\t\t\t<\/div>\n\t\t\t\t<\/div>\n\t\t\t\t<\/div>\n\t\t<div class=\"elementor-element elementor-element-bf2fc75 e-con-full e-flex e-con e-child\" data-id=\"bf2fc75\" data-element_type=\"container\" data-e-type=\"container\">\n\t\t\t\t<div class=\"elementor-element elementor-element-abd7d2e elementor-widget elementor-widget-gallery\" data-id=\"abd7d2e\" data-element_type=\"widget\" data-e-type=\"widget\" data-settings=\"{&quot;columns&quot;:2,&quot;aspect_ratio&quot;:&quot;9:16&quot;,&quot;columns_mobile&quot;:2,&quot;lazyload&quot;:&quot;yes&quot;,&quot;gallery_layout&quot;:&quot;grid&quot;,&quot;columns_tablet&quot;:2,&quot;gap&quot;:{&quot;unit&quot;:&quot;px&quot;,&quot;size&quot;:10,&quot;sizes&quot;:[]},&quot;gap_tablet&quot;:{&quot;unit&quot;:&quot;px&quot;,&quot;size&quot;:10,&quot;sizes&quot;:[]},&quot;gap_mobile&quot;:{&quot;unit&quot;:&quot;px&quot;,&quot;size&quot;:10,&quot;sizes&quot;:[]},&quot;link_to&quot;:&quot;file&quot;,&quot;overlay_background&quot;:&quot;yes&quot;,&quot;content_hover_animation&quot;:&quot;fade-in&quot;}\" data-widget_type=\"gallery.default\">\n\t\t\t\t<div class=\"elementor-widget-container\">\n\t\t\t\t\t\t\t<div class=\"elementor-gallery__container\">\n\t\t\t\t\t\t\t<a class=\"e-gallery-item elementor-gallery-item elementor-animated-content\" href=\"https:\/\/dev.sm360.no\/nectarshop\/wp-content\/uploads\/2025\/11\/CB128933-BA33-4373-AE92-202864212EBA_1_201_a-scaled-1.jpg\" data-elementor-open-lightbox=\"yes\" data-elementor-lightbox-slideshow=\"abd7d2e\" data-elementor-lightbox-title=\"CB128933-BA33-4373-AE92-202864212EBA_1_201_a-scaled\" data-e-action-hash=\"#elementor-action%3Aaction%3Dlightbox%26settings%3DeyJpZCI6Mjc5ODksInVybCI6Imh0dHBzOlwvXC9kZXYuc20zNjAubm9cL25lY3RhcnNob3BcL3dwLWNvbnRlbnRcL3VwbG9hZHNcLzIwMjVcLzExXC9DQjEyODkzMy1CQTMzLTQzNzMtQUU5Mi0yMDI4NjQyMTJFQkFfMV8yMDFfYS1zY2FsZWQtMS5qcGciLCJzbGlkZXNob3ciOiJhYmQ3ZDJlIn0%3D\">\n\t\t\t\t\t<div class=\"e-gallery-image elementor-gallery-item__image\" data-thumbnail=\"https:\/\/dev.sm360.no\/nectarshop\/wp-content\/uploads\/2025\/11\/CB128933-BA33-4373-AE92-202864212EBA_1_201_a-scaled-1.jpg\" data-width=\"1744\" data-height=\"2560\" aria-label=\"\" role=\"img\" ><\/div>\n\t\t\t\t\t\t\t\t\t\t\t<div class=\"elementor-gallery-item__overlay\"><\/div>\n\t\t\t\t\t\t\t\t\t\t\t\t\t\t<\/a>\n\t\t\t\t\t\t\t<a class=\"e-gallery-item elementor-gallery-item elementor-animated-content\" href=\"https:\/\/dev.sm360.no\/nectarshop\/wp-content\/uploads\/2025\/11\/61DBE004-DD3C-4F8D-8FA3-8CED7087AF98_1_201_a-scaled-1.jpg\" data-elementor-open-lightbox=\"yes\" data-elementor-lightbox-slideshow=\"abd7d2e\" data-elementor-lightbox-title=\"61DBE004-DD3C-4F8D-8FA3-8CED7087AF98_1_201_a-scaled\" data-e-action-hash=\"#elementor-action%3Aaction%3Dlightbox%26settings%3DeyJpZCI6MjgxMTQsInVybCI6Imh0dHBzOlwvXC9kZXYuc20zNjAubm9cL25lY3RhcnNob3BcL3dwLWNvbnRlbnRcL3VwbG9hZHNcLzIwMjVcLzExXC82MURCRTAwNC1ERDNDLTRGOEQtOEZBMy04Q0VENzA4N0FGOThfMV8yMDFfYS1zY2FsZWQtMS5qcGciLCJzbGlkZXNob3ciOiJhYmQ3ZDJlIn0%3D\">\n\t\t\t\t\t<div class=\"e-gallery-image elementor-gallery-item__image\" data-thumbnail=\"https:\/\/dev.sm360.no\/nectarshop\/wp-content\/uploads\/2025\/11\/61DBE004-DD3C-4F8D-8FA3-8CED7087AF98_1_201_a-scaled-1.jpg\" data-width=\"1621\" data-height=\"2560\" aria-label=\"\" role=\"img\" ><\/div>\n\t\t\t\t\t\t\t\t\t\t\t<div class=\"elementor-gallery-item__overlay\"><\/div>\n\t\t\t\t\t\t\t\t\t\t\t\t\t\t<\/a>\n\t\t\t\t\t\t\t<a class=\"e-gallery-item elementor-gallery-item elementor-animated-content\" href=\"https:\/\/dev.sm360.no\/nectarshop\/wp-content\/uploads\/2025\/11\/D05B82D5-A2BB-4B0F-8AE8-2199DDA81890_1_201_a-scaled-1.jpg\" data-elementor-open-lightbox=\"yes\" data-elementor-lightbox-slideshow=\"abd7d2e\" data-elementor-lightbox-title=\"D05B82D5-A2BB-4B0F-8AE8-2199DDA81890_1_201_a-scaled\" data-e-action-hash=\"#elementor-action%3Aaction%3Dlightbox%26settings%3DeyJpZCI6Mjc5OTAsInVybCI6Imh0dHBzOlwvXC9kZXYuc20zNjAubm9cL25lY3RhcnNob3BcL3dwLWNvbnRlbnRcL3VwbG9hZHNcLzIwMjVcLzExXC9EMDVCODJENS1BMkJCLTRCMEYtOEFFOC0yMTk5RERBODE4OTBfMV8yMDFfYS1zY2FsZWQtMS5qcGciLCJzbGlkZXNob3ciOiJhYmQ3ZDJlIn0%3D\">\n\t\t\t\t\t<div class=\"e-gallery-image elementor-gallery-item__image\" data-thumbnail=\"https:\/\/dev.sm360.no\/nectarshop\/wp-content\/uploads\/2025\/11\/D05B82D5-A2BB-4B0F-8AE8-2199DDA81890_1_201_a-scaled-1.jpg\" data-width=\"1808\" data-height=\"2560\" aria-label=\"\" role=\"img\" ><\/div>\n\t\t\t\t\t\t\t\t\t\t\t<div class=\"elementor-gallery-item__overlay\"><\/div>\n\t\t\t\t\t\t\t\t\t\t\t\t\t\t<\/a>\n\t\t\t\t\t\t\t<a class=\"e-gallery-item elementor-gallery-item elementor-animated-content\" href=\"https:\/\/dev.sm360.no\/nectarshop\/wp-content\/uploads\/2025\/11\/52FFE22B-2F2D-4D73-82D8-181312E1D90B_1_201_a-scaled-1.jpg\" data-elementor-open-lightbox=\"yes\" data-elementor-lightbox-slideshow=\"abd7d2e\" data-elementor-lightbox-title=\"52FFE22B-2F2D-4D73-82D8-181312E1D90B_1_201_a-scaled\" data-e-action-hash=\"#elementor-action%3Aaction%3Dlightbox%26settings%3DeyJpZCI6Mjc5ODgsInVybCI6Imh0dHBzOlwvXC9kZXYuc20zNjAubm9cL25lY3RhcnNob3BcL3dwLWNvbnRlbnRcL3VwbG9hZHNcLzIwMjVcLzExXC81MkZGRTIyQi0yRjJELTRENzMtODJEOC0xODEzMTJFMUQ5MEJfMV8yMDFfYS1zY2FsZWQtMS5qcGciLCJzbGlkZXNob3ciOiJhYmQ3ZDJlIn0%3D\">\n\t\t\t\t\t<div class=\"e-gallery-image elementor-gallery-item__image\" data-thumbnail=\"https:\/\/dev.sm360.no\/nectarshop\/wp-content\/uploads\/2025\/11\/52FFE22B-2F2D-4D73-82D8-181312E1D90B_1_201_a-scaled-1.jpg\" data-width=\"1621\" data-height=\"2560\" aria-label=\"\" role=\"img\" ><\/div>\n\t\t\t\t\t\t\t\t\t\t\t<div class=\"elementor-gallery-item__overlay\"><\/div>\n\t\t\t\t\t\t\t\t\t\t\t\t\t\t<\/a>\n\t\t\t\t\t<\/div>\n\t\t\t\t\t<\/div>\n\t\t\t\t<\/div>\n\t\t\t\t<\/div>\n\t\t\t\t\t<\/div>\n\t\t\t\t<\/div>\n\t\t\t\t<\/div>\n\t\t","protected":false},"excerpt":{"rendered":"<p>Om Nectar Fra hjemmekontor\u00a0til\u00a0livets store \u00f8yeblikk \u2728 Det hele startet i en tid som snudde opp-ned p\u00e5 hverdagen v\u00e5r. Under pandemien, da verden lukket seg og stuen ble det faste m\u00f8testedet, ble\u00a0Nectar\u00a0f\u00f8dt. Ideen var enkel, men viktig: Jeg \u00f8nsket \u00e5 skape kl\u00e6r som ga alle damer den ultimate f\u00f8lelsen av komfort i en tid hvor [&hellip;]<\/p>\n","protected":false},"author":37080,"featured_media":0,"parent":0,"menu_order":0,"comment_status":"closed","ping_status":"closed","template":"elementor_header_footer","meta":{"inline_featured_image":false,"_jet_sm_ready_style":"","_jet_sm_style":"","_jet_sm_controls_values":"","_jet_sm_fonts_collection":"","_jet_sm_fonts_links":"","footnotes":""},"class_list":["post-29582","page","type-page","status-publish","hentry"],"_links":{"self":[{"href":"https:\/\/dev.sm360.no\/nectarshop\/wp-json\/wp\/v2\/pages\/29582","targetHints":{"allow":["GET"]}}],"collection":[{"href":"https:\/\/dev.sm360.no\/nectarshop\/wp-json\/wp\/v2\/pages"}],"about":[{"href":"https:\/\/dev.sm360.no\/nectarshop\/wp-json\/wp\/v2\/types\/page"}],"author":[{"embeddable":true,"href":"https:\/\/dev.sm360.no\/nectarshop\/wp-json\/wp\/v2\/users\/37080"}],"replies":[{"embeddable":true,"href":"https:\/\/dev.sm360.no\/nectarshop\/wp-json\/wp\/v2\/comments?post=29582"}],"version-history":[{"count":7,"href":"https:\/\/dev.sm360.no\/nectarshop\/wp-json\/wp\/v2\/pages\/29582\/revisions"}],"predecessor-version":[{"id":29603,"href":"https:\/\/dev.sm360.no\/nectarshop\/wp-json\/wp\/v2\/pages\/29582\/revisions\/29603"}],"wp:attachment":[{"href":"https:\/\/dev.sm360.no\/nectarshop\/wp-json\/wp\/v2\/media?parent=29582"}],"curies":[{"name":"wp","href":"https:\/\/api.w.org\/{rel}","templated":true}]}}