{"id":29615,"date":"2026-02-06T13:10:39","date_gmt":"2026-02-06T12:10:39","guid":{"rendered":"https:\/\/dev.sm360.no\/nectarshop\/?page_id=29615"},"modified":"2026-02-06T13:11:40","modified_gmt":"2026-02-06T12:11:40","slug":"om-oss-3","status":"publish","type":"page","link":"https:\/\/dev.sm360.no\/nectarshop\/om-oss-3\/","title":{"rendered":"Retur og angreretter"},"content":{"rendered":"\t\t<div data-elementor-type=\"wp-page\" data-elementor-id=\"29615\" class=\"elementor elementor-29615\" data-elementor-post-type=\"page\">\n\t\t\t\t<div class=\"elementor-element elementor-element-35cbce5 e-flex e-con-boxed e-con e-parent\" data-id=\"35cbce5\" data-element_type=\"container\" data-e-type=\"container\">\n\t\t\t\t\t<div class=\"e-con-inner\">\n\t\t<div class=\"elementor-element elementor-element-2d575cc e-con-full e-flex e-con e-child\" data-id=\"2d575cc\" data-element_type=\"container\" data-e-type=\"container\">\n\t\t\t\t<div class=\"elementor-element elementor-element-408b299 elementor-widget elementor-widget-jet-headline\" data-id=\"408b299\" data-element_type=\"widget\" data-e-type=\"widget\" data-widget_type=\"jet-headline.default\">\n\t\t\t\t<div class=\"elementor-widget-container\">\n\t\t\t\t\t<h2 class=\"jet-headline jet-headline--direction-vertical\"><a class=\"jet-headline__link\" href=\"https:\/\/dev.sm360.no\/nectarshop\/butikk\/collections\/nyheter\/\"><span class=\"jet-headline__part jet-headline__first\"><span class=\"jet-headline__label\">Retur og angrerett<\/span><\/span><\/a><\/h2>\t\t\t\t<\/div>\n\t\t\t\t<\/div>\n\t\t\t\t<div class=\"elementor-element elementor-element-0a9a89d elementor-widget elementor-widget-text-editor\" data-id=\"0a9a89d\" data-element_type=\"widget\" data-e-type=\"widget\" data-widget_type=\"text-editor.default\">\n\t\t\t\t<div class=\"elementor-widget-container\">\n\t\t\t\t\t\t\t\t\t<p data-olk-copy-source=\"MessageBody\"><strong>Retur? Null stress \u2013 vi hjelper deg gjerne!<\/strong><\/p><p>Vi h\u00e5per du er forn\u00f8yd med kj\u00f8pet ditt, men om noe ikke ble helt som forventet, er det selvf\u00f8lgelig helt i orden \u00e5 returnere.<\/p><p>Du har 14 dagers returrett, og vi hjelper deg med at returprosessen g\u00e5r s\u00e5 smidig som mulig.<\/p><p>En retur forutsetter at varen er i sin fulle stand og helt ubrukt. Alle originale merker og prislapper skal henge p\u00e5 plagget. Varer med sminkeflekker, sterk lukt eller som er tilskitnet p\u00e5 annen m\u00e5te vil vi anse som brukt. Varer som anses som brukt, vil bli sendt tilbake til kj\u00f8per.<\/p><p>\u00d8nsker du \u00e5 f\u00e5 tilsendt en returseddel p\u00e5 mail, vil du bli trukket 129,- p\u00e5 ditt returbel\u00f8p dersom du benytter deg av den.<\/p><p><strong>Hvordan returnere:<\/strong><\/p><ol class=\"x_gmail-wp-block-list\"><li>Fyll ut returskjema som du fikk p\u00e5 mail med ordrebekreftelsen.<\/li><\/ol><ul class=\"x_gmail-wp-block-list\"><li>Her skriver du om du \u00f8nsker \u00e5 returnere, bytte eller reklamere.<\/li><li>Dato du mottok varen og datoen du sender den.<\/li><li>Ordrenummer. Dette er viktig for at vi skal behandle returen raskt<\/li><\/ul><ol class=\"x_gmail-wp-block-list\" start=\"2\"><li>Pakk varen fint inn. Du kan enten benytte deg av samme emballasje som du fikk varen levert i, eller anskaffe en ny form for emballasje. Du er ansvarlig for at varen er skikkelig pakket inn og at vi f\u00e5r produktet tilbake i den stand du fikk den.<\/li><\/ol><ol class=\"x_gmail-wp-block-list\" start=\"3\"><li>Du kan velge \u00e5 enten kj\u00f8pe porto p\u00e5 nett hos Posten eller Postnord, kj\u00f8pe porto p\u00e5 Post i butikk eller f\u00e5 tilsendt en returseddel av oss p\u00e5 mail. Ved det siste blir du belastet 129,- for benyttelse av etiketten.<\/li><\/ol><p>N\u00e5r vi har mottatt og behandlet returen, refunderer vi bel\u00f8pet til samme betalingsmetode du brukte ved kj\u00f8pet. Du f\u00e5r en bekreftelse p\u00e5 epost s\u00e5 snart alt er i orden.<\/p><p>Har du sp\u00f8rsm\u00e5l eller trenger v\u00e5r hjelp? V\u00e5rt team st\u00e5r klare til \u00e5 hjelpe deg med et smil!<\/p><p>Mail \u2013\u00a0<a title=\"mailto:shop@nectarshop.no\" href=\"mailto:shop@nectarshop.no\" data-linkindex=\"0\">shop@nectarshop.no<\/a><\/p><p><strong>NECTAR<\/strong><br \/>Kl\u00e6buveien 196 A, 7037 Trondheim<\/p><p><em>\u201d Angrerettloven gjelder kun ved forbrukerkj\u00f8p. Angreretten kan derfor ikke benyttes av firmaer eller andre som har handlet som ledd i n\u00e6ringsvirksomhet (jf. Andrerettloven \u00a7 6, punkt e). Angreretten gjelder ikke dersom varen ikke kan leveres tilbake i tiln\u00e6rmet samme stand og mengde, og beskadigelse eller forringelse skylder uaktsomhet eller manglende omsorg fra forbrukeren side (jf. Angrerettloven \u00a7 12, punkt a). Returkostnadene b\u00e6res av forbrukeren (jf. Angrerettloven \u00a7 15, f\u00f8rste ledd).\u201d<\/em><\/p><p><em>Vi godtar ikke returer som kommer etter angrefristen. Har du likevel sendt varen i retur etter fristen, vil vi sende den tilbake til deg p\u00e5 din bekostning.<\/em><\/p>\t\t\t\t\t\t\t\t<\/div>\n\t\t\t\t<\/div>\n\t\t\t\t<\/div>\n\t\t\t\t\t<\/div>\n\t\t\t\t<\/div>\n\t\t\t\t<\/div>\n\t\t","protected":false},"excerpt":{"rendered":"<p>Retur og angrerett Retur? Null stress \u2013 vi hjelper deg gjerne! Vi h\u00e5per du er forn\u00f8yd med kj\u00f8pet ditt, men om noe ikke ble helt som forventet, er det selvf\u00f8lgelig helt i orden \u00e5 returnere. Du har 14 dagers returrett, og vi hjelper deg med at returprosessen g\u00e5r s\u00e5 smidig som mulig. En retur forutsetter [&hellip;]<\/p>\n","protected":false},"author":37080,"featured_media":0,"parent":0,"menu_order":0,"comment_status":"closed","ping_status":"closed","template":"elementor_header_footer","meta":{"inline_featured_image":false,"_jet_sm_ready_style":"","_jet_sm_style":"","_jet_sm_controls_values":"","_jet_sm_fonts_collection":"","_jet_sm_fonts_links":"","footnotes":""},"class_list":["post-29615","page","type-page","status-publish","hentry"],"_links":{"self":[{"href":"https:\/\/dev.sm360.no\/nectarshop\/wp-json\/wp\/v2\/pages\/29615","targetHints":{"allow":["GET"]}}],"collection":[{"href":"https:\/\/dev.sm360.no\/nectarshop\/wp-json\/wp\/v2\/pages"}],"about":[{"href":"https:\/\/dev.sm360.no\/nectarshop\/wp-json\/wp\/v2\/types\/page"}],"author":[{"embeddable":true,"href":"https:\/\/dev.sm360.no\/nectarshop\/wp-json\/wp\/v2\/users\/37080"}],"replies":[{"embeddable":true,"href":"https:\/\/dev.sm360.no\/nectarshop\/wp-json\/wp\/v2\/comments?post=29615"}],"version-history":[{"count":7,"href":"https:\/\/dev.sm360.no\/nectarshop\/wp-json\/wp\/v2\/pages\/29615\/revisions"}],"predecessor-version":[{"id":29622,"href":"https:\/\/dev.sm360.no\/nectarshop\/wp-json\/wp\/v2\/pages\/29615\/revisions\/29622"}],"wp:attachment":[{"href":"https:\/\/dev.sm360.no\/nectarshop\/wp-json\/wp\/v2\/media?parent=29615"}],"curies":[{"name":"wp","href":"https:\/\/api.w.org\/{rel}","templated":true}]}}