{"id":10578,"date":"2025-07-03T09:03:25","date_gmt":"2025-07-03T07:03:25","guid":{"rendered":"https:\/\/dev.sm360.no\/nectarshop\/products\/ginny-bow-blouse-toile\/"},"modified":"2025-10-08T12:08:50","modified_gmt":"2025-10-08T10:08:50","slug":"ginny-bow-blouse-toile","status":"publish","type":"product","link":"https:\/\/dev.sm360.no\/nectarshop\/produkter\/ginny-bow-blouse-toile\/","title":{"rendered":"Ginny Bow Blouse &#8211; Toile"},"content":{"rendered":"<p><img fetchpriority=\"high\" decoding=\"async\" class=\"alignnone size-medium wp-image-12280\" src=\"https:\/\/dev.sm360.no\/nectarshop\/wp-content\/uploads\/2024\/09\/unnamed-11-300x214.jpg\" alt=\"\" width=\"300\" height=\"214\" srcset=\"https:\/\/dev.sm360.no\/nectarshop\/wp-content\/uploads\/2024\/09\/unnamed-11-300x214.jpg 300w, https:\/\/dev.sm360.no\/nectarshop\/wp-content\/uploads\/2024\/09\/unnamed-11-64x46.jpg 64w, https:\/\/dev.sm360.no\/nectarshop\/wp-content\/uploads\/2024\/09\/unnamed-11-768x549.jpg 768w, https:\/\/dev.sm360.no\/nectarshop\/wp-content\/uploads\/2024\/09\/unnamed-11-370x265.jpg 370w, https:\/\/dev.sm360.no\/nectarshop\/wp-content\/uploads\/2024\/09\/unnamed-11-600x429.jpg 600w, https:\/\/dev.sm360.no\/nectarshop\/wp-content\/uploads\/2024\/09\/unnamed-11-80x57.jpg 80w, https:\/\/dev.sm360.no\/nectarshop\/wp-content\/uploads\/2024\/09\/unnamed-11.jpg 827w\" sizes=\"(max-width: 300px) 100vw, 300px\" \/><\/p>\n<p>Merk at m\u00e5l p\u00e5 bryst m\u00e5 ganges med to (omkrets)<\/p>\n<p>&nbsp;<\/p>\n<p>&nbsp;<\/p>\n","protected":false},"excerpt":{"rendered":"<p>R\u00e5lekker bluse i et vakkert unikt print. Blusen har b\u00e5nd som enten kan knytes foran i sl\u00f8yfe, henge l\u00f8st eller knyte bak i nakken.<\/p>\n<p>Poly blend<\/p>\n<p>Hedda er 178 cm og bruker str. S<\/p>\n","protected":false},"featured_media":24175,"comment_status":"open","ping_status":"closed","template":"","meta":{"inline_featured_image":false,"_jet_sm_ready_style":"","_jet_sm_style":"","_jet_sm_controls_values":"","_jet_sm_fonts_collection":"","_jet_sm_fonts_links":""},"product_brand":[],"product_cat":[473,463],"product_tag":[492,84,144,145,195,43,435],"class_list":{"0":"post-10578","1":"product","2":"type-product","3":"status-publish","4":"has-post-thumbnail","6":"product_cat-nyheter","7":"product_cat-trending","8":"product_tag-maiantrekk","9":"product_tag-aw24","10":"product_tag-blouse","11":"product_tag-bluse","12":"product_tag-ginny","13":"product_tag-nectar-shop","14":"product_tag-red-toile","15":"pif-has-gallery","17":"first","18":"instock","19":"sale","20":"taxable","21":"shipping-taxable","22":"purchasable","23":"product-type-variable"},"_links":{"self":[{"href":"https:\/\/dev.sm360.no\/nectarshop\/wp-json\/wp\/v2\/product\/10578","targetHints":{"allow":["GET"]}}],"collection":[{"href":"https:\/\/dev.sm360.no\/nectarshop\/wp-json\/wp\/v2\/product"}],"about":[{"href":"https:\/\/dev.sm360.no\/nectarshop\/wp-json\/wp\/v2\/types\/product"}],"replies":[{"embeddable":true,"href":"https:\/\/dev.sm360.no\/nectarshop\/wp-json\/wp\/v2\/comments?post=10578"}],"version-history":[{"count":1,"href":"https:\/\/dev.sm360.no\/nectarshop\/wp-json\/wp\/v2\/product\/10578\/revisions"}],"predecessor-version":[{"id":11998,"href":"https:\/\/dev.sm360.no\/nectarshop\/wp-json\/wp\/v2\/product\/10578\/revisions\/11998"}],"wp:featuredmedia":[{"embeddable":true,"href":"https:\/\/dev.sm360.no\/nectarshop\/wp-json\/wp\/v2\/media\/24175"}],"wp:attachment":[{"href":"https:\/\/dev.sm360.no\/nectarshop\/wp-json\/wp\/v2\/media?parent=10578"}],"wp:term":[{"taxonomy":"product_brand","embeddable":true,"href":"https:\/\/dev.sm360.no\/nectarshop\/wp-json\/wp\/v2\/product_brand?post=10578"},{"taxonomy":"product_cat","embeddable":true,"href":"https:\/\/dev.sm360.no\/nectarshop\/wp-json\/wp\/v2\/product_cat?post=10578"},{"taxonomy":"product_tag","embeddable":true,"href":"https:\/\/dev.sm360.no\/nectarshop\/wp-json\/wp\/v2\/product_tag?post=10578"}],"curies":[{"name":"wp","href":"https:\/\/api.w.org\/{rel}","templated":true}]}}