{"id":10809,"date":"2024-09-03T09:04:40","date_gmt":"2024-09-03T07:04:40","guid":{"rendered":"https:\/\/dev.sm360.no\/nectarshop\/products\/julien-linen-pants-apple\/"},"modified":"2025-12-16T12:29:54","modified_gmt":"2025-12-16T11:29:54","slug":"julien-linen-pants-apple","status":"publish","type":"product","link":"https:\/\/dev.sm360.no\/nectarshop\/produkter\/julien-linen-pants-apple\/","title":{"rendered":"Julien Linen Pants &#8211; Apple"},"content":{"rendered":"<p data-mce-fragment=\"1\">Fantastisk bukse i v\u00e5r deilige lin. Dette er uten tvil en hverdagsfavoritt, men ogs\u00e5 en bukse som har mulighet til \u00e5 dresses opp og brukes til festligere anledninger.\u00a0 Buksa har strikk i livet, rette bein og lommer.<\/p>\n<p data-mce-fragment=\"1\">Merk at fargen p\u00e5 buksen er lysere enn fargen p\u00e5 skjorten<\/p>\n<ul data-mce-fragment=\"1\">\n<li data-mce-fragment=\"1\">Onesize (str. 36-42\/44).<\/li>\n<li data-mce-fragment=\"1\">Sofie er 173cm og bruker til vanlig str. S\/36.<\/li>\n<li data-mce-fragment=\"1\">100% lin.<\/li>\n<\/ul>\n<ul data-mce-fragment=\"1\">\n<li data-mce-fragment=\"1\">Midje m\u00e5lt med strikket strekt: ca. 105 cm.<\/li>\n<li data-mce-fragment=\"1\">Midje m\u00e5lt uten \u00e5 strekke strikket: 70 cm.<\/li>\n<li data-mce-fragment=\"1\">Skrittlengde: ca. 29 cm.<\/li>\n<li data-mce-fragment=\"1\">Lengde innerside bein: ca. 80 cm.<\/li>\n<li data-mce-fragment=\"1\">Lengde ytterside bein: ca. 105 cm.<\/li>\n<\/ul>\n","protected":false},"excerpt":{"rendered":"<p>Fantastisk bukse i v\u00e5r deilige lin. Dette er uten tvil en hverdagsfavoritt, men ogs\u00e5 en bukse som har mulighet til \u00e5 dresses opp og brukes til festligere anledninger.\u00a0 Buksa har strikk i livet, rette bein og lommer. Merk at fargen p\u00e5 buksen er lysere enn fargen p\u00e5 skjorten Onesize (str. 36-42\/44). Sofie er 173cm og [&hellip;]<\/p>\n","protected":false},"featured_media":7137,"comment_status":"open","ping_status":"closed","template":"","meta":{"inline_featured_image":false,"_jet_sm_ready_style":"","_jet_sm_style":"","_jet_sm_controls_values":"","_jet_sm_fonts_collection":"","_jet_sm_fonts_links":""},"product_brand":[],"product_cat":[758,413,426,463],"product_tag":[60,239,61,62,76,65,241,66],"class_list":{"0":"post-10809","1":"product","2":"type-product","3":"status-publish","4":"has-post-thumbnail","6":"product_cat-bukser","7":"product_cat-lin","8":"product_cat-bukser-lin","9":"product_cat-trending","10":"product_tag-apple","11":"product_tag-julien","12":"product_tag-lin","13":"product_tag-linen","14":"product_tag-nectar-ss24","15":"product_tag-one-size","16":"product_tag-pants","17":"product_tag-ss24","18":"pif-has-gallery","20":"first","21":"outofstock","22":"sale","23":"taxable","24":"shipping-taxable","25":"purchasable","26":"product-type-simple"},"_links":{"self":[{"href":"https:\/\/dev.sm360.no\/nectarshop\/wp-json\/wp\/v2\/product\/10809","targetHints":{"allow":["GET"]}}],"collection":[{"href":"https:\/\/dev.sm360.no\/nectarshop\/wp-json\/wp\/v2\/product"}],"about":[{"href":"https:\/\/dev.sm360.no\/nectarshop\/wp-json\/wp\/v2\/types\/product"}],"replies":[{"embeddable":true,"href":"https:\/\/dev.sm360.no\/nectarshop\/wp-json\/wp\/v2\/comments?post=10809"}],"version-history":[{"count":1,"href":"https:\/\/dev.sm360.no\/nectarshop\/wp-json\/wp\/v2\/product\/10809\/revisions"}],"predecessor-version":[{"id":28471,"href":"https:\/\/dev.sm360.no\/nectarshop\/wp-json\/wp\/v2\/product\/10809\/revisions\/28471"}],"wp:featuredmedia":[{"embeddable":true,"href":"https:\/\/dev.sm360.no\/nectarshop\/wp-json\/wp\/v2\/media\/7137"}],"wp:attachment":[{"href":"https:\/\/dev.sm360.no\/nectarshop\/wp-json\/wp\/v2\/media?parent=10809"}],"wp:term":[{"taxonomy":"product_brand","embeddable":true,"href":"https:\/\/dev.sm360.no\/nectarshop\/wp-json\/wp\/v2\/product_brand?post=10809"},{"taxonomy":"product_cat","embeddable":true,"href":"https:\/\/dev.sm360.no\/nectarshop\/wp-json\/wp\/v2\/product_cat?post=10809"},{"taxonomy":"product_tag","embeddable":true,"href":"https:\/\/dev.sm360.no\/nectarshop\/wp-json\/wp\/v2\/product_tag?post=10809"}],"curies":[{"name":"wp","href":"https:\/\/api.w.org\/{rel}","templated":true}]}}