{"id":10810,"date":"2024-09-03T09:04:40","date_gmt":"2024-09-03T07:04:40","guid":{"rendered":"https:\/\/dev.sm360.no\/nectarshop\/products\/julien-linen-pants-beige\/"},"modified":"2025-12-16T12:29:54","modified_gmt":"2025-12-16T11:29:54","slug":"julien-linen-pants-beige","status":"publish","type":"product","link":"https:\/\/dev.sm360.no\/nectarshop\/produkter\/julien-linen-pants-beige\/","title":{"rendered":"Julien Linen Pants &#8211; Beige"},"content":{"rendered":"","protected":false},"excerpt":{"rendered":"<p data-mce-fragment=\"1\">Fantastisk bukse i v\u00e5r deilige lin. Dette er uten tvil en hverdagsfavoritt, men ogs\u00e5 en bukse som har mulighet til \u00e5 dresses opp og brukes til festligere anledninger.\u00a0 Buksa har strikk i livet, rette bein og lommer.<\/p>\n<ul data-mce-fragment=\"1\">\n<li data-mce-fragment=\"1\">Onesize (str. 36-42\/44).<\/li>\n<li data-mce-fragment=\"1\">Jessica er 173 cm og bruker til vanlig str. XS\/S\/36.<\/li>\n<li data-mce-fragment=\"1\">100% lin.<\/li>\n<\/ul>\n<ul data-mce-fragment=\"1\">\n<li data-mce-fragment=\"1\">Midje m\u00e5lt med strikket strekt: ca. 105 cm.<\/li>\n<li data-mce-fragment=\"1\">Midje m\u00e5lt uten \u00e5 strekke strikket: 70 cm.<\/li>\n<li data-mce-fragment=\"1\">Skrittlengde: ca. 29 cm.<\/li>\n<li data-mce-fragment=\"1\">Lengde innerside bein: ca. 80 cm.<\/li>\n<li data-mce-fragment=\"1\">Lengde ytterside bein: ca. 105 cm.<\/li>\n<\/ul>\n","protected":false},"featured_media":7145,"comment_status":"open","ping_status":"closed","template":"","meta":{"inline_featured_image":false,"_jet_sm_ready_style":"","_jet_sm_style":"","_jet_sm_controls_values":"","_jet_sm_fonts_collection":"","_jet_sm_fonts_links":""},"product_brand":[],"product_cat":[758,413,426,754,463],"product_tag":[68,237,238,239,61,62,76,65,240,241,66],"class_list":{"0":"post-10810","1":"product","2":"type-product","3":"status-publish","4":"has-post-thumbnail","6":"product_cat-bukser","7":"product_cat-lin","8":"product_cat-bukser-lin","9":"product_cat-salg","10":"product_cat-trending","11":"product_tag-beige","12":"product_tag-bukse","13":"product_tag-bukser","14":"product_tag-julien","15":"product_tag-lin","16":"product_tag-linen","17":"product_tag-nectar-ss24","18":"product_tag-one-size","19":"product_tag-pant","20":"product_tag-pants","21":"product_tag-ss24","22":"pif-has-gallery","24":"first","25":"instock","26":"sale","27":"taxable","28":"shipping-taxable","29":"purchasable","30":"product-type-simple"},"_links":{"self":[{"href":"https:\/\/dev.sm360.no\/nectarshop\/wp-json\/wp\/v2\/product\/10810","targetHints":{"allow":["GET"]}}],"collection":[{"href":"https:\/\/dev.sm360.no\/nectarshop\/wp-json\/wp\/v2\/product"}],"about":[{"href":"https:\/\/dev.sm360.no\/nectarshop\/wp-json\/wp\/v2\/types\/product"}],"replies":[{"embeddable":true,"href":"https:\/\/dev.sm360.no\/nectarshop\/wp-json\/wp\/v2\/comments?post=10810"}],"version-history":[{"count":1,"href":"https:\/\/dev.sm360.no\/nectarshop\/wp-json\/wp\/v2\/product\/10810\/revisions"}],"predecessor-version":[{"id":28176,"href":"https:\/\/dev.sm360.no\/nectarshop\/wp-json\/wp\/v2\/product\/10810\/revisions\/28176"}],"wp:featuredmedia":[{"embeddable":true,"href":"https:\/\/dev.sm360.no\/nectarshop\/wp-json\/wp\/v2\/media\/7145"}],"wp:attachment":[{"href":"https:\/\/dev.sm360.no\/nectarshop\/wp-json\/wp\/v2\/media?parent=10810"}],"wp:term":[{"taxonomy":"product_brand","embeddable":true,"href":"https:\/\/dev.sm360.no\/nectarshop\/wp-json\/wp\/v2\/product_brand?post=10810"},{"taxonomy":"product_cat","embeddable":true,"href":"https:\/\/dev.sm360.no\/nectarshop\/wp-json\/wp\/v2\/product_cat?post=10810"},{"taxonomy":"product_tag","embeddable":true,"href":"https:\/\/dev.sm360.no\/nectarshop\/wp-json\/wp\/v2\/product_tag?post=10810"}],"curies":[{"name":"wp","href":"https:\/\/api.w.org\/{rel}","templated":true}]}}