{"id":10891,"date":"2025-05-25T13:00:03","date_gmt":"2025-05-25T11:00:03","guid":{"rendered":"https:\/\/dev.sm360.no\/nectarshop\/?post_type=product&#038;p=10891"},"modified":"2025-12-16T12:25:38","modified_gmt":"2025-12-16T11:25:38","slug":"leila-dress-scarlet","status":"publish","type":"product","link":"https:\/\/dev.sm360.no\/nectarshop\/produkter\/leila-dress-scarlet\/","title":{"rendered":"Leila Dress &#8211; Scarlet"},"content":{"rendered":"","protected":false},"excerpt":{"rendered":"<p>Leila Dress er v\u00e5r kjole for en voksen dame som \u00f8nsker \u00e5 f\u00f8le seg litt ekstra fin. Den har s\u00e5 lekre volanger og ermene er ogs\u00e5 spesielt stilige.<\/p>\n<p>100% viscose<\/p>\n<p>Hedda er 178 cm og bruker str S<br \/>\nHanne er 173 cm og bruker str M<\/p>\n","protected":false},"featured_media":25290,"comment_status":"open","ping_status":"closed","template":"","meta":{"inline_featured_image":false,"_jet_sm_ready_style":"","_jet_sm_style":"","_jet_sm_controls_values":"","_jet_sm_fonts_collection":"","_jet_sm_fonts_links":""},"product_brand":[],"product_cat":[463,756,415,416],"product_tag":[492,39,40,493,250,43,184,42,122],"class_list":{"0":"post-10891","1":"product","2":"type-product","3":"status-publish","4":"has-post-thumbnail","6":"product_cat-trending","7":"product_cat-kjoler-2","8":"product_cat-ss25","9":"product_cat-kjoler-ss25","10":"product_tag-maiantrekk","11":"product_tag-dress","12":"product_tag-kjole","13":"product_tag-ladyinred","14":"product_tag-leila","15":"product_tag-nectar-shop","16":"product_tag-scarlet","17":"product_tag-ss25","18":"product_tag-summer","19":"pif-has-gallery","21":"first","22":"instock","23":"sale","24":"taxable","25":"shipping-taxable","26":"purchasable","27":"product-type-variable"},"_links":{"self":[{"href":"https:\/\/dev.sm360.no\/nectarshop\/wp-json\/wp\/v2\/product\/10891","targetHints":{"allow":["GET"]}}],"collection":[{"href":"https:\/\/dev.sm360.no\/nectarshop\/wp-json\/wp\/v2\/product"}],"about":[{"href":"https:\/\/dev.sm360.no\/nectarshop\/wp-json\/wp\/v2\/types\/product"}],"replies":[{"embeddable":true,"href":"https:\/\/dev.sm360.no\/nectarshop\/wp-json\/wp\/v2\/comments?post=10891"}],"version-history":[{"count":2,"href":"https:\/\/dev.sm360.no\/nectarshop\/wp-json\/wp\/v2\/product\/10891\/revisions"}],"predecessor-version":[{"id":28395,"href":"https:\/\/dev.sm360.no\/nectarshop\/wp-json\/wp\/v2\/product\/10891\/revisions\/28395"}],"wp:featuredmedia":[{"embeddable":true,"href":"https:\/\/dev.sm360.no\/nectarshop\/wp-json\/wp\/v2\/media\/25290"}],"wp:attachment":[{"href":"https:\/\/dev.sm360.no\/nectarshop\/wp-json\/wp\/v2\/media?parent=10891"}],"wp:term":[{"taxonomy":"product_brand","embeddable":true,"href":"https:\/\/dev.sm360.no\/nectarshop\/wp-json\/wp\/v2\/product_brand?post=10891"},{"taxonomy":"product_cat","embeddable":true,"href":"https:\/\/dev.sm360.no\/nectarshop\/wp-json\/wp\/v2\/product_cat?post=10891"},{"taxonomy":"product_tag","embeddable":true,"href":"https:\/\/dev.sm360.no\/nectarshop\/wp-json\/wp\/v2\/product_tag?post=10891"}],"curies":[{"name":"wp","href":"https:\/\/api.w.org\/{rel}","templated":true}]}}