{"id":10984,"date":"2025-05-25T07:06:51","date_gmt":"2025-05-25T05:06:51","guid":{"rendered":"https:\/\/dev.sm360.no\/nectarshop\/?post_type=product&#038;p=10984"},"modified":"2025-12-16T12:25:40","modified_gmt":"2025-12-16T11:25:40","slug":"lotus-dress-coconut","status":"publish","type":"product","link":"https:\/\/dev.sm360.no\/nectarshop\/produkter\/lotus-dress-coconut\/","title":{"rendered":"Lotus Dress &#8211; Coconut"},"content":{"rendered":"<p><img fetchpriority=\"high\" decoding=\"async\" src=\"https:\/\/dev.sm360.no\/nectarshop\/wp-content\/uploads\/2024\/12\/2f122418-8fbd-4b74-a7d6-2b6f7a1fb90e-300x214.jpeg\" alt=\"\" width=\"300\" height=\"214\" class=\"alignnone size-medium wp-image-17724\" srcset=\"https:\/\/dev.sm360.no\/nectarshop\/wp-content\/uploads\/2024\/12\/2f122418-8fbd-4b74-a7d6-2b6f7a1fb90e-300x214.jpeg 300w, https:\/\/dev.sm360.no\/nectarshop\/wp-content\/uploads\/2024\/12\/2f122418-8fbd-4b74-a7d6-2b6f7a1fb90e-64x46.jpeg 64w, https:\/\/dev.sm360.no\/nectarshop\/wp-content\/uploads\/2024\/12\/2f122418-8fbd-4b74-a7d6-2b6f7a1fb90e-768x549.jpeg 768w, https:\/\/dev.sm360.no\/nectarshop\/wp-content\/uploads\/2024\/12\/2f122418-8fbd-4b74-a7d6-2b6f7a1fb90e-370x265.jpeg 370w, https:\/\/dev.sm360.no\/nectarshop\/wp-content\/uploads\/2024\/12\/2f122418-8fbd-4b74-a7d6-2b6f7a1fb90e-600x429.jpeg 600w, https:\/\/dev.sm360.no\/nectarshop\/wp-content\/uploads\/2024\/12\/2f122418-8fbd-4b74-a7d6-2b6f7a1fb90e-80x57.jpeg 80w, https:\/\/dev.sm360.no\/nectarshop\/wp-content\/uploads\/2024\/12\/2f122418-8fbd-4b74-a7d6-2b6f7a1fb90e.jpeg 827w\" sizes=\"(max-width: 300px) 100vw, 300px\" \/><\/p>\n","protected":false},"excerpt":{"rendered":"<p>Helt fantastisk kjole med de vakreste detaljer over det hele. Gjennombrutte blonder, lommer og knyting i livet for en effortless look. Kjolen er fotsid. Lotus Dress gir deg en perfekt balanse mellom det bohemske og en sofistikert look, som gj\u00f8r at du f\u00f8ler deg b\u00e5de komfortabel og stilfull til hverdag og fest. Den luftige passformen og de vakre blondene skaper en feminin og avslappet vibe, samtidig som den passer perfekt til b\u00e5de uformelle og litt mer pyntede anledninger. <\/p>\n<p>100% bomull\/Cotton Gauze<\/p>\n<p>Hedda er 178 cm og bruker str. S<\/p>\n","protected":false},"featured_media":7655,"comment_status":"open","ping_status":"closed","template":"","meta":{"inline_featured_image":false,"_jet_sm_ready_style":"","_jet_sm_style":"","_jet_sm_controls_values":"","_jet_sm_fonts_collection":"","_jet_sm_fonts_links":""},"product_brand":[],"product_cat":[463,756,415,416],"product_tag":[492,112,39,40,262,43,42],"class_list":{"0":"post-10984","1":"product","2":"type-product","3":"status-publish","4":"has-post-thumbnail","6":"product_cat-trending","7":"product_cat-kjoler-2","8":"product_cat-ss25","9":"product_cat-kjoler-ss25","10":"product_tag-maiantrekk","11":"product_tag-coconut","12":"product_tag-dress","13":"product_tag-kjole","14":"product_tag-lotus-dress","15":"product_tag-nectar-shop","16":"product_tag-ss25","17":"pif-has-gallery","19":"first","20":"instock","21":"taxable","22":"shipping-taxable","23":"purchasable","24":"product-type-variable"},"_links":{"self":[{"href":"https:\/\/dev.sm360.no\/nectarshop\/wp-json\/wp\/v2\/product\/10984","targetHints":{"allow":["GET"]}}],"collection":[{"href":"https:\/\/dev.sm360.no\/nectarshop\/wp-json\/wp\/v2\/product"}],"about":[{"href":"https:\/\/dev.sm360.no\/nectarshop\/wp-json\/wp\/v2\/types\/product"}],"replies":[{"embeddable":true,"href":"https:\/\/dev.sm360.no\/nectarshop\/wp-json\/wp\/v2\/comments?post=10984"}],"version-history":[{"count":2,"href":"https:\/\/dev.sm360.no\/nectarshop\/wp-json\/wp\/v2\/product\/10984\/revisions"}],"predecessor-version":[{"id":28413,"href":"https:\/\/dev.sm360.no\/nectarshop\/wp-json\/wp\/v2\/product\/10984\/revisions\/28413"}],"wp:featuredmedia":[{"embeddable":true,"href":"https:\/\/dev.sm360.no\/nectarshop\/wp-json\/wp\/v2\/media\/7655"}],"wp:attachment":[{"href":"https:\/\/dev.sm360.no\/nectarshop\/wp-json\/wp\/v2\/media?parent=10984"}],"wp:term":[{"taxonomy":"product_brand","embeddable":true,"href":"https:\/\/dev.sm360.no\/nectarshop\/wp-json\/wp\/v2\/product_brand?post=10984"},{"taxonomy":"product_cat","embeddable":true,"href":"https:\/\/dev.sm360.no\/nectarshop\/wp-json\/wp\/v2\/product_cat?post=10984"},{"taxonomy":"product_tag","embeddable":true,"href":"https:\/\/dev.sm360.no\/nectarshop\/wp-json\/wp\/v2\/product_tag?post=10984"}],"curies":[{"name":"wp","href":"https:\/\/api.w.org\/{rel}","templated":true}]}}