{"id":11261,"date":"2024-09-03T09:07:46","date_gmt":"2024-09-03T07:07:46","guid":{"rendered":"https:\/\/dev.sm360.no\/nectarshop\/products\/naima-dress-red-etoile\/"},"modified":"2025-07-21T11:25:51","modified_gmt":"2025-07-21T09:25:51","slug":"naima-dress-red-etoile","status":"publish","type":"product","link":"https:\/\/dev.sm360.no\/nectarshop\/produkter\/naima-dress-red-etoile\/","title":{"rendered":"Naima Dress &#8211; Red Toile"},"content":{"rendered":"<p><img fetchpriority=\"high\" decoding=\"async\" class=\"alignnone size-medium wp-image-12527\" src=\"https:\/\/dev.sm360.no\/nectarshop\/wp-content\/uploads\/2024\/09\/unnamed-38-300x214.jpg\" alt=\"\" width=\"300\" height=\"214\" srcset=\"https:\/\/dev.sm360.no\/nectarshop\/wp-content\/uploads\/2024\/09\/unnamed-38-300x214.jpg 300w, https:\/\/dev.sm360.no\/nectarshop\/wp-content\/uploads\/2024\/09\/unnamed-38-64x46.jpg 64w, https:\/\/dev.sm360.no\/nectarshop\/wp-content\/uploads\/2024\/09\/unnamed-38-768x549.jpg 768w, https:\/\/dev.sm360.no\/nectarshop\/wp-content\/uploads\/2024\/09\/unnamed-38-370x265.jpg 370w, https:\/\/dev.sm360.no\/nectarshop\/wp-content\/uploads\/2024\/09\/unnamed-38-600x429.jpg 600w, https:\/\/dev.sm360.no\/nectarshop\/wp-content\/uploads\/2024\/09\/unnamed-38-80x57.jpg 80w, https:\/\/dev.sm360.no\/nectarshop\/wp-content\/uploads\/2024\/09\/unnamed-38.jpg 827w\" sizes=\"(max-width: 300px) 100vw, 300px\" \/><\/p>\n<p>Merk at brystm\u00e5l m\u00e5 ganges med to (dobles) for \u00e5 f\u00e5 omkretsen<\/p>\n<p>&nbsp;<\/p>\n","protected":false},"excerpt":{"rendered":"<p>Helt fantastisk kjole med lekre detaljer p\u00e5 brystet og ermene. Kjolen har lommer og et tilh\u00f8rende belte.<\/p>\n<p>Viscose<\/p>\n<p>Hedda er 178 cm og bruker str. S<\/p>\n","protected":false},"featured_media":11758,"comment_status":"open","ping_status":"closed","template":"","meta":{"inline_featured_image":false,"_jet_sm_ready_style":"","_jet_sm_style":"","_jet_sm_controls_values":"","_jet_sm_fonts_collection":"","_jet_sm_fonts_links":""},"product_brand":[],"product_cat":[463],"product_tag":[492,84,39,74,314,315,316,75],"class_list":{"0":"post-11261","1":"product","2":"type-product","3":"status-publish","4":"has-post-thumbnail","6":"product_cat-trending","7":"product_tag-maiantrekk","8":"product_tag-aw24","9":"product_tag-dress","10":"product_tag-favoritt","11":"product_tag-naima","12":"product_tag-naima-dress","13":"product_tag-red-etoile","14":"product_tag-viscose","15":"pif-has-gallery","17":"first","18":"outofstock","19":"sale","20":"taxable","21":"shipping-taxable","22":"purchasable","23":"product-type-variable"},"_links":{"self":[{"href":"https:\/\/dev.sm360.no\/nectarshop\/wp-json\/wp\/v2\/product\/11261","targetHints":{"allow":["GET"]}}],"collection":[{"href":"https:\/\/dev.sm360.no\/nectarshop\/wp-json\/wp\/v2\/product"}],"about":[{"href":"https:\/\/dev.sm360.no\/nectarshop\/wp-json\/wp\/v2\/types\/product"}],"replies":[{"embeddable":true,"href":"https:\/\/dev.sm360.no\/nectarshop\/wp-json\/wp\/v2\/comments?post=11261"}],"version-history":[{"count":0,"href":"https:\/\/dev.sm360.no\/nectarshop\/wp-json\/wp\/v2\/product\/11261\/revisions"}],"wp:featuredmedia":[{"embeddable":true,"href":"https:\/\/dev.sm360.no\/nectarshop\/wp-json\/wp\/v2\/media\/11758"}],"wp:attachment":[{"href":"https:\/\/dev.sm360.no\/nectarshop\/wp-json\/wp\/v2\/media?parent=11261"}],"wp:term":[{"taxonomy":"product_brand","embeddable":true,"href":"https:\/\/dev.sm360.no\/nectarshop\/wp-json\/wp\/v2\/product_brand?post=11261"},{"taxonomy":"product_cat","embeddable":true,"href":"https:\/\/dev.sm360.no\/nectarshop\/wp-json\/wp\/v2\/product_cat?post=11261"},{"taxonomy":"product_tag","embeddable":true,"href":"https:\/\/dev.sm360.no\/nectarshop\/wp-json\/wp\/v2\/product_tag?post=11261"}],"curies":[{"name":"wp","href":"https:\/\/api.w.org\/{rel}","templated":true}]}}