{"id":11594,"date":"2024-09-03T12:28:39","date_gmt":"2024-09-03T10:28:39","guid":{"rendered":"https:\/\/dev.sm360.no\/nectarshop\/products\/summer-clutch-gold\/"},"modified":"2025-11-27T10:25:28","modified_gmt":"2025-11-27T09:25:28","slug":"summer-clutch-gold","status":"publish","type":"product","link":"https:\/\/dev.sm360.no\/nectarshop\/produkter\/summer-clutch-gold\/","title":{"rendered":"Summer Clutch &#8211; Gold"},"content":{"rendered":"<p>R\u00e5lekker clutch med skinnende gull p\u00e5 fronten. Lukkes med magnetl\u00e5s<\/p>\n","protected":false},"excerpt":{"rendered":"<p>R\u00e5lekker clutch med skinnende gull p\u00e5 fronten. Lukkes med magnetl\u00e5s<\/p>\n","protected":false},"featured_media":9146,"comment_status":"open","ping_status":"closed","template":"","meta":{"inline_featured_image":false,"_jet_sm_ready_style":"","_jet_sm_style":"","_jet_sm_controls_values":"","_jet_sm_fonts_collection":"","_jet_sm_fonts_links":""},"product_brand":[],"product_cat":[415,423,464,440,754,463],"product_tag":[134,348,349,350,76,122,351],"class_list":{"0":"post-11594","1":"product","2":"type-product","3":"status-publish","4":"has-post-thumbnail","6":"product_cat-ss25","7":"product_cat-accessories-ss25","8":"product_cat-accessories","9":"product_cat-vesker","10":"product_cat-salg","11":"product_cat-trending","12":"product_tag-accessories","13":"product_tag-bag","14":"product_tag-bags","15":"product_tag-gold","16":"product_tag-nectar-ss24","17":"product_tag-summer","18":"product_tag-veske","19":"pif-has-gallery","21":"first","22":"instock","23":"sale","24":"taxable","25":"shipping-taxable","26":"purchasable","27":"product-type-simple"},"_links":{"self":[{"href":"https:\/\/dev.sm360.no\/nectarshop\/wp-json\/wp\/v2\/product\/11594","targetHints":{"allow":["GET"]}}],"collection":[{"href":"https:\/\/dev.sm360.no\/nectarshop\/wp-json\/wp\/v2\/product"}],"about":[{"href":"https:\/\/dev.sm360.no\/nectarshop\/wp-json\/wp\/v2\/types\/product"}],"replies":[{"embeddable":true,"href":"https:\/\/dev.sm360.no\/nectarshop\/wp-json\/wp\/v2\/comments?post=11594"}],"version-history":[{"count":1,"href":"https:\/\/dev.sm360.no\/nectarshop\/wp-json\/wp\/v2\/product\/11594\/revisions"}],"predecessor-version":[{"id":28183,"href":"https:\/\/dev.sm360.no\/nectarshop\/wp-json\/wp\/v2\/product\/11594\/revisions\/28183"}],"wp:featuredmedia":[{"embeddable":true,"href":"https:\/\/dev.sm360.no\/nectarshop\/wp-json\/wp\/v2\/media\/9146"}],"wp:attachment":[{"href":"https:\/\/dev.sm360.no\/nectarshop\/wp-json\/wp\/v2\/media?parent=11594"}],"wp:term":[{"taxonomy":"product_brand","embeddable":true,"href":"https:\/\/dev.sm360.no\/nectarshop\/wp-json\/wp\/v2\/product_brand?post=11594"},{"taxonomy":"product_cat","embeddable":true,"href":"https:\/\/dev.sm360.no\/nectarshop\/wp-json\/wp\/v2\/product_cat?post=11594"},{"taxonomy":"product_tag","embeddable":true,"href":"https:\/\/dev.sm360.no\/nectarshop\/wp-json\/wp\/v2\/product_tag?post=11594"}],"curies":[{"name":"wp","href":"https:\/\/api.w.org\/{rel}","templated":true}]}}