{"id":12020,"date":"2025-05-24T06:29:59","date_gmt":"2025-05-24T04:29:59","guid":{"rendered":"https:\/\/dev.sm360.no\/nectarshop\/?post_type=product&#038;p=12020"},"modified":"2025-08-29T19:29:05","modified_gmt":"2025-08-29T17:29:05","slug":"selma-skirt-summer-red","status":"publish","type":"product","link":"https:\/\/dev.sm360.no\/nectarshop\/produkter\/selma-skirt-summer-red\/","title":{"rendered":"Selma skirt &#8211; Summer Red"},"content":{"rendered":"<p><img fetchpriority=\"high\" decoding=\"async\" src=\"https:\/\/dev.sm360.no\/nectarshop\/wp-content\/uploads\/2025\/05\/95d24274-7fe3-4633-8de6-04a8c194ef80-768x549-1-300x214.jpeg\" alt=\"\" width=\"300\" height=\"214\" class=\"alignnone size-medium wp-image-19771\" srcset=\"https:\/\/dev.sm360.no\/nectarshop\/wp-content\/uploads\/2025\/05\/95d24274-7fe3-4633-8de6-04a8c194ef80-768x549-1-300x214.jpeg 300w, https:\/\/dev.sm360.no\/nectarshop\/wp-content\/uploads\/2025\/05\/95d24274-7fe3-4633-8de6-04a8c194ef80-768x549-1-64x46.jpeg 64w, https:\/\/dev.sm360.no\/nectarshop\/wp-content\/uploads\/2025\/05\/95d24274-7fe3-4633-8de6-04a8c194ef80-768x549-1-370x265.jpeg 370w, https:\/\/dev.sm360.no\/nectarshop\/wp-content\/uploads\/2025\/05\/95d24274-7fe3-4633-8de6-04a8c194ef80-768x549-1-600x429.jpeg 600w, https:\/\/dev.sm360.no\/nectarshop\/wp-content\/uploads\/2025\/05\/95d24274-7fe3-4633-8de6-04a8c194ef80-768x549-1-80x57.jpeg 80w, https:\/\/dev.sm360.no\/nectarshop\/wp-content\/uploads\/2025\/05\/95d24274-7fe3-4633-8de6-04a8c194ef80-768x549-1.jpeg 768w\" sizes=\"(max-width: 300px) 100vw, 300px\" \/><\/p>\n","protected":false},"excerpt":{"rendered":"<p>Et fantastisk skj\u00f8rt som er helt fotsidt, har lommer i sidene og er i det deiligste stoffet. Strikk i midjen og s\u00e5 enkelt \u00e5 bare slenge p\u00e5 seg b\u00e5de til hverdag og fest. Med myke materialer og en flatterende passform, vil du f\u00f8le deg fantastisk uansett anledning. Vi elsker \u00e5 bruke det hele \u00e5ret og p\u00e5 sommeren er det perfekt med feks enten <a href=\"https:\/\/dev.sm360.no\/nectarshop\/products\/stella-blouse-pink\/\">Stella Blouse \u2013 Pink<\/a> eller <a href=\"https:\/\/dev.sm360.no\/nectarshop\/products\/ella-blouse-orange-fan\/\">Ella Blouse \u2013 Peach Fan<\/a><\/p>\n<p>100% cotton gaze<\/p>\n<p>Hedda er 178 cm og bruker str. S<\/p>\n","protected":false},"featured_media":19738,"comment_status":"open","ping_status":"closed","template":"","meta":{"inline_featured_image":false,"_jet_sm_ready_style":"","_jet_sm_style":"","_jet_sm_controls_values":"","_jet_sm_fonts_collection":"","_jet_sm_fonts_links":""},"product_brand":[],"product_cat":[463,415,425],"product_tag":[492,493,43,344,201,202,42],"class_list":{"0":"post-12020","1":"product","2":"type-product","3":"status-publish","4":"has-post-thumbnail","6":"product_cat-trending","7":"product_cat-ss25","8":"product_cat-skjort","9":"product_tag-maiantrekk","10":"product_tag-ladyinred","11":"product_tag-nectar-shop","12":"product_tag-selma","13":"product_tag-skirt","14":"product_tag-skjort","15":"product_tag-ss25","16":"pif-has-gallery","18":"first","19":"instock","20":"sale","21":"taxable","22":"shipping-taxable","23":"purchasable","24":"product-type-variable"},"_links":{"self":[{"href":"https:\/\/dev.sm360.no\/nectarshop\/wp-json\/wp\/v2\/product\/12020","targetHints":{"allow":["GET"]}}],"collection":[{"href":"https:\/\/dev.sm360.no\/nectarshop\/wp-json\/wp\/v2\/product"}],"about":[{"href":"https:\/\/dev.sm360.no\/nectarshop\/wp-json\/wp\/v2\/types\/product"}],"replies":[{"embeddable":true,"href":"https:\/\/dev.sm360.no\/nectarshop\/wp-json\/wp\/v2\/comments?post=12020"}],"version-history":[{"count":1,"href":"https:\/\/dev.sm360.no\/nectarshop\/wp-json\/wp\/v2\/product\/12020\/revisions"}],"predecessor-version":[{"id":19770,"href":"https:\/\/dev.sm360.no\/nectarshop\/wp-json\/wp\/v2\/product\/12020\/revisions\/19770"}],"wp:featuredmedia":[{"embeddable":true,"href":"https:\/\/dev.sm360.no\/nectarshop\/wp-json\/wp\/v2\/media\/19738"}],"wp:attachment":[{"href":"https:\/\/dev.sm360.no\/nectarshop\/wp-json\/wp\/v2\/media?parent=12020"}],"wp:term":[{"taxonomy":"product_brand","embeddable":true,"href":"https:\/\/dev.sm360.no\/nectarshop\/wp-json\/wp\/v2\/product_brand?post=12020"},{"taxonomy":"product_cat","embeddable":true,"href":"https:\/\/dev.sm360.no\/nectarshop\/wp-json\/wp\/v2\/product_cat?post=12020"},{"taxonomy":"product_tag","embeddable":true,"href":"https:\/\/dev.sm360.no\/nectarshop\/wp-json\/wp\/v2\/product_tag?post=12020"}],"curies":[{"name":"wp","href":"https:\/\/api.w.org\/{rel}","templated":true}]}}