{"id":12651,"date":"2025-05-25T12:45:33","date_gmt":"2025-05-25T10:45:33","guid":{"rendered":"https:\/\/dev.sm360.no\/nectarshop\/?post_type=product&#038;p=12651"},"modified":"2025-12-16T12:25:38","modified_gmt":"2025-12-16T11:25:38","slug":"ambrosia-longsleeve-wallflower","status":"publish","type":"product","link":"https:\/\/dev.sm360.no\/nectarshop\/produkter\/ambrosia-longsleeve-wallflower\/","title":{"rendered":"Ambrosia Longsleeve &#8211; Wallflower"},"content":{"rendered":"<p><img fetchpriority=\"high\" decoding=\"async\" class=\"alignnone size-medium wp-image-12638\" src=\"https:\/\/dev.sm360.no\/nectarshop\/wp-content\/uploads\/2024\/10\/unnamed-37-768x549-1-300x214.jpg\" alt=\"\" width=\"300\" height=\"214\" srcset=\"https:\/\/dev.sm360.no\/nectarshop\/wp-content\/uploads\/2024\/10\/unnamed-37-768x549-1-300x214.jpg 300w, https:\/\/dev.sm360.no\/nectarshop\/wp-content\/uploads\/2024\/10\/unnamed-37-768x549-1-64x46.jpg 64w, https:\/\/dev.sm360.no\/nectarshop\/wp-content\/uploads\/2024\/10\/unnamed-37-768x549-1-370x265.jpg 370w, https:\/\/dev.sm360.no\/nectarshop\/wp-content\/uploads\/2024\/10\/unnamed-37-768x549-1-600x429.jpg 600w, https:\/\/dev.sm360.no\/nectarshop\/wp-content\/uploads\/2024\/10\/unnamed-37-768x549-1-80x57.jpg 80w, https:\/\/dev.sm360.no\/nectarshop\/wp-content\/uploads\/2024\/10\/unnamed-37-768x549-1.jpg 768w\" sizes=\"(max-width: 300px) 100vw, 300px\" \/><\/p>\n","protected":false},"excerpt":{"rendered":"<p>Dette er Ambrosia med lange ermer. Ambrosia er Nectar, rett og slett. Dette er v\u00e5r mest solgte kjole, nettopp fordi den kler absolutt alle damer. Velg \u00e5 bruke den med eller uten beltet, for \u00e5 f\u00e5 den silhuetten du \u00f8nsker. Perfekt lengde for en kjole som du kan ta fra dag til kveld. Printet er v\u00e5rt eget, s\u00e5 du slipper \u00e5 dumpe borti noen som har en kjole som likner p\u00e5 din\u2026 Supermykt og deilig stoff som faller s\u00e5 utrolig fint. Masse vidde i skj\u00f8rtet. Knapper i front, lange ermer med rysj og avtagbart belte i livet.<\/p>\n<p>Hedda er 178 cm og bruker str. S<\/p>\n<p>60\u00b4s rayon (100% viscose)<\/p>\n","protected":false},"featured_media":18589,"comment_status":"open","ping_status":"closed","template":"","meta":{"inline_featured_image":false,"_jet_sm_ready_style":"","_jet_sm_style":"","_jet_sm_controls_values":"","_jet_sm_fonts_collection":"","_jet_sm_fonts_links":""},"product_brand":[],"product_cat":[473,756,415,416,463],"product_tag":[73,500,213,39,40,42,505],"class_list":{"0":"post-12651","1":"product","2":"type-product","3":"status-publish","4":"has-post-thumbnail","6":"product_cat-nyheter","7":"product_cat-kjoler-2","8":"product_cat-ss25","9":"product_cat-kjoler-ss25","10":"product_cat-trending","11":"product_tag-ambrosia","12":"product_tag-bestselger","13":"product_tag-bestseller","14":"product_tag-dress","15":"product_tag-kjole","16":"product_tag-ss25","17":"product_tag-wallflower","18":"pif-has-gallery","20":"first","21":"instock","22":"taxable","23":"shipping-taxable","24":"purchasable","25":"product-type-variable"},"_links":{"self":[{"href":"https:\/\/dev.sm360.no\/nectarshop\/wp-json\/wp\/v2\/product\/12651","targetHints":{"allow":["GET"]}}],"collection":[{"href":"https:\/\/dev.sm360.no\/nectarshop\/wp-json\/wp\/v2\/product"}],"about":[{"href":"https:\/\/dev.sm360.no\/nectarshop\/wp-json\/wp\/v2\/types\/product"}],"replies":[{"embeddable":true,"href":"https:\/\/dev.sm360.no\/nectarshop\/wp-json\/wp\/v2\/comments?post=12651"}],"version-history":[{"count":1,"href":"https:\/\/dev.sm360.no\/nectarshop\/wp-json\/wp\/v2\/product\/12651\/revisions"}],"predecessor-version":[{"id":28399,"href":"https:\/\/dev.sm360.no\/nectarshop\/wp-json\/wp\/v2\/product\/12651\/revisions\/28399"}],"wp:featuredmedia":[{"embeddable":true,"href":"https:\/\/dev.sm360.no\/nectarshop\/wp-json\/wp\/v2\/media\/18589"}],"wp:attachment":[{"href":"https:\/\/dev.sm360.no\/nectarshop\/wp-json\/wp\/v2\/media?parent=12651"}],"wp:term":[{"taxonomy":"product_brand","embeddable":true,"href":"https:\/\/dev.sm360.no\/nectarshop\/wp-json\/wp\/v2\/product_brand?post=12651"},{"taxonomy":"product_cat","embeddable":true,"href":"https:\/\/dev.sm360.no\/nectarshop\/wp-json\/wp\/v2\/product_cat?post=12651"},{"taxonomy":"product_tag","embeddable":true,"href":"https:\/\/dev.sm360.no\/nectarshop\/wp-json\/wp\/v2\/product_tag?post=12651"}],"curies":[{"name":"wp","href":"https:\/\/api.w.org\/{rel}","templated":true}]}}