{"id":13073,"date":"2024-10-28T15:05:10","date_gmt":"2024-10-28T14:05:10","guid":{"rendered":"https:\/\/dev.sm360.no\/nectarshop\/?post_type=product&#038;p=13073"},"modified":"2025-12-16T12:25:41","modified_gmt":"2025-12-16T11:25:41","slug":"bailey-denim-midi-dress","status":"publish","type":"product","link":"https:\/\/dev.sm360.no\/nectarshop\/produkter\/bailey-denim-midi-dress\/","title":{"rendered":"Bailey Denim Midi Dress"},"content":{"rendered":"","protected":false},"excerpt":{"rendered":"<p>Helt fantastisk kjole i mykeste, myke denim. Denne er en dr\u00f8m \u00e5 ha p\u00e5 seg. Lekker i halslinningen. Vide ermer. Lommer.<\/p>\n<p>Kjolen m\u00e5ler 112 cm lang i str. M (noe kortere enn p\u00e5 bildet)<\/p>\n<p>Bailey Dress kommer i mars og kan forh\u00e5ndsbestilles n\u00e5. Husk at du betaler ingenting f\u00f8r du f\u00e5r varene fra oss.<\/p>\n","protected":false},"featured_media":13075,"comment_status":"open","ping_status":"closed","template":"","meta":{"inline_featured_image":false,"_jet_sm_ready_style":"","_jet_sm_style":"","_jet_sm_controls_values":"","_jet_sm_fonts_collection":"","_jet_sm_fonts_links":""},"product_brand":[],"product_cat":[473,756,415,416,463],"product_tag":[478,39,74,40,42],"class_list":{"0":"post-13073","1":"product","2":"type-product","3":"status-publish","4":"has-post-thumbnail","6":"product_cat-nyheter","7":"product_cat-kjoler-2","8":"product_cat-ss25","9":"product_cat-kjoler-ss25","10":"product_cat-trending","11":"product_tag-denim","12":"product_tag-dress","13":"product_tag-favoritt","14":"product_tag-kjole","15":"product_tag-ss25","16":"pif-has-gallery","18":"first","19":"instock","20":"taxable","21":"shipping-taxable","22":"purchasable","23":"product-type-variable"},"_links":{"self":[{"href":"https:\/\/dev.sm360.no\/nectarshop\/wp-json\/wp\/v2\/product\/13073","targetHints":{"allow":["GET"]}}],"collection":[{"href":"https:\/\/dev.sm360.no\/nectarshop\/wp-json\/wp\/v2\/product"}],"about":[{"href":"https:\/\/dev.sm360.no\/nectarshop\/wp-json\/wp\/v2\/types\/product"}],"replies":[{"embeddable":true,"href":"https:\/\/dev.sm360.no\/nectarshop\/wp-json\/wp\/v2\/comments?post=13073"}],"version-history":[{"count":2,"href":"https:\/\/dev.sm360.no\/nectarshop\/wp-json\/wp\/v2\/product\/13073\/revisions"}],"predecessor-version":[{"id":28423,"href":"https:\/\/dev.sm360.no\/nectarshop\/wp-json\/wp\/v2\/product\/13073\/revisions\/28423"}],"wp:featuredmedia":[{"embeddable":true,"href":"https:\/\/dev.sm360.no\/nectarshop\/wp-json\/wp\/v2\/media\/13075"}],"wp:attachment":[{"href":"https:\/\/dev.sm360.no\/nectarshop\/wp-json\/wp\/v2\/media?parent=13073"}],"wp:term":[{"taxonomy":"product_brand","embeddable":true,"href":"https:\/\/dev.sm360.no\/nectarshop\/wp-json\/wp\/v2\/product_brand?post=13073"},{"taxonomy":"product_cat","embeddable":true,"href":"https:\/\/dev.sm360.no\/nectarshop\/wp-json\/wp\/v2\/product_cat?post=13073"},{"taxonomy":"product_tag","embeddable":true,"href":"https:\/\/dev.sm360.no\/nectarshop\/wp-json\/wp\/v2\/product_tag?post=13073"}],"curies":[{"name":"wp","href":"https:\/\/api.w.org\/{rel}","templated":true}]}}