{"id":15884,"date":"2025-03-22T12:30:58","date_gmt":"2025-03-22T11:30:58","guid":{"rendered":"https:\/\/dev.sm360.no\/nectarshop\/?post_type=product&#038;p=15884"},"modified":"2025-12-16T12:25:04","modified_gmt":"2025-12-16T11:25:04","slug":"inspire-dress-black-beauty","status":"publish","type":"product","link":"https:\/\/dev.sm360.no\/nectarshop\/produkter\/inspire-dress-black-beauty\/","title":{"rendered":"Inspire Dress &#8211; Black Beauty"},"content":{"rendered":"","protected":false},"excerpt":{"rendered":"<p>Nydelig kjole i midi lengde med lekre detaljer i midjen. Flatterende fasong. Strikk nederst p\u00e5 ermene. V-hals<\/p>\n<p>100% Moss Rayon<\/p>\n<p>Hedda er 178 cm og bruker str. S<\/p>\n<p>Denne kommer i oktober og kan forh\u00e5ndsbestilles n\u00e5. Du betaler ikke f\u00f8r du har f\u00e5tt pakke fra oss.<\/p>\n","protected":false},"featured_media":15891,"comment_status":"open","ping_status":"closed","template":"","meta":{"inline_featured_image":false,"_jet_sm_ready_style":"","_jet_sm_style":"","_jet_sm_controls_values":"","_jet_sm_fonts_collection":"","_jet_sm_fonts_links":""},"product_brand":[],"product_cat":[486,756,487,491,456],"product_tag":[],"class_list":{"0":"post-15884","1":"product","2":"type-product","3":"status-publish","4":"has-post-thumbnail","6":"product_cat-aw25","7":"product_cat-kjoler-2","8":"product_cat-kjoler","9":"product_cat-party","10":"product_cat-forhandsbestillinger","11":"pif-has-gallery","13":"first","14":"instock","15":"taxable","16":"shipping-taxable","17":"purchasable","18":"product-type-variable"},"_links":{"self":[{"href":"https:\/\/dev.sm360.no\/nectarshop\/wp-json\/wp\/v2\/product\/15884","targetHints":{"allow":["GET"]}}],"collection":[{"href":"https:\/\/dev.sm360.no\/nectarshop\/wp-json\/wp\/v2\/product"}],"about":[{"href":"https:\/\/dev.sm360.no\/nectarshop\/wp-json\/wp\/v2\/types\/product"}],"replies":[{"embeddable":true,"href":"https:\/\/dev.sm360.no\/nectarshop\/wp-json\/wp\/v2\/comments?post=15884"}],"version-history":[{"count":1,"href":"https:\/\/dev.sm360.no\/nectarshop\/wp-json\/wp\/v2\/product\/15884\/revisions"}],"predecessor-version":[{"id":28354,"href":"https:\/\/dev.sm360.no\/nectarshop\/wp-json\/wp\/v2\/product\/15884\/revisions\/28354"}],"wp:featuredmedia":[{"embeddable":true,"href":"https:\/\/dev.sm360.no\/nectarshop\/wp-json\/wp\/v2\/media\/15891"}],"wp:attachment":[{"href":"https:\/\/dev.sm360.no\/nectarshop\/wp-json\/wp\/v2\/media?parent=15884"}],"wp:term":[{"taxonomy":"product_brand","embeddable":true,"href":"https:\/\/dev.sm360.no\/nectarshop\/wp-json\/wp\/v2\/product_brand?post=15884"},{"taxonomy":"product_cat","embeddable":true,"href":"https:\/\/dev.sm360.no\/nectarshop\/wp-json\/wp\/v2\/product_cat?post=15884"},{"taxonomy":"product_tag","embeddable":true,"href":"https:\/\/dev.sm360.no\/nectarshop\/wp-json\/wp\/v2\/product_tag?post=15884"}],"curies":[{"name":"wp","href":"https:\/\/api.w.org\/{rel}","templated":true}]}}