{"id":20764,"date":"2025-10-14T10:44:10","date_gmt":"2025-10-14T08:44:10","guid":{"rendered":"https:\/\/dev.sm360.no\/nectarshop\/?post_type=product&#038;p=20764"},"modified":"2026-02-18T13:16:29","modified_gmt":"2026-02-18T12:16:29","slug":"greta-velvet-maxi-dress-ruby-festkjole","status":"publish","type":"product","link":"https:\/\/dev.sm360.no\/nectarshop\/produkter\/greta-velvet-maxi-dress-ruby-festkjole\/","title":{"rendered":"Greta Velvet Maxi Dress &#8211; Ruby"},"content":{"rendered":"<p><img fetchpriority=\"high\" decoding=\"async\" class=\"alignnone size-medium wp-image-24720\" src=\"https:\/\/dev.sm360.no\/nectarshop\/wp-content\/uploads\/2025\/03\/WhatsApp-Image-2025-09-15-at-15.11.40-300x214.jpeg\" alt=\"\" width=\"300\" height=\"214\" srcset=\"https:\/\/dev.sm360.no\/nectarshop\/wp-content\/uploads\/2025\/03\/WhatsApp-Image-2025-09-15-at-15.11.40-300x214.jpeg 300w, https:\/\/dev.sm360.no\/nectarshop\/wp-content\/uploads\/2025\/03\/WhatsApp-Image-2025-09-15-at-15.11.40-64x46.jpeg 64w, https:\/\/dev.sm360.no\/nectarshop\/wp-content\/uploads\/2025\/03\/WhatsApp-Image-2025-09-15-at-15.11.40-768x549.jpeg 768w, https:\/\/dev.sm360.no\/nectarshop\/wp-content\/uploads\/2025\/03\/WhatsApp-Image-2025-09-15-at-15.11.40-370x265.jpeg 370w, https:\/\/dev.sm360.no\/nectarshop\/wp-content\/uploads\/2025\/03\/WhatsApp-Image-2025-09-15-at-15.11.40-600x429.jpeg 600w, https:\/\/dev.sm360.no\/nectarshop\/wp-content\/uploads\/2025\/03\/WhatsApp-Image-2025-09-15-at-15.11.40-80x57.jpeg 80w, https:\/\/dev.sm360.no\/nectarshop\/wp-content\/uploads\/2025\/03\/WhatsApp-Image-2025-09-15-at-15.11.40.jpeg 827w\" sizes=\"(max-width: 300px) 100vw, 300px\" \/><\/p>\n<p>&nbsp;<\/p>\n<p>Rett og slett en helt nydelig festkjole \/ maxikjole i mykeste fl\u00f8yel. Elastiske mansjetter.<br \/>\nGlidel\u00e5s i fronten p\u00e5 brystet og ogs\u00e5 til lukking bak. Lommer i sidene og strikk bak p\u00e5 ryggen.<br \/>\nUtrolig deilig \u00e5 ha p\u00e5 seg.<\/p>\n<p>Hedda er 178 cm og har p\u00e5 seg str. M<\/p>\n","protected":false},"excerpt":{"rendered":"<p>Rett og slett en helt nydelig festkjole \/ maxikjole i mykeste fl\u00f8yel. Elastiske mansjetter. Glidel\u00e5s i fronten p\u00e5 brystet og ogs\u00e5 til lukking bak. Lommer i sidene og strikk bak p\u00e5 ryggen. Utrolig deilig \u00e5 ha p\u00e5 seg.<\/p>\n<p>Hedda er 178 cm og har p\u00e5 seg str. M.<\/p>\n","protected":false},"featured_media":20775,"comment_status":"open","ping_status":"closed","template":"","meta":{"inline_featured_image":false,"_jet_sm_ready_style":"","_jet_sm_style":"","_jet_sm_controls_values":"","_jet_sm_fonts_collection":"","_jet_sm_fonts_links":""},"product_brand":[],"product_cat":[473,486,774,487,756,491,778,463],"product_tag":[134,515,631,39,545,40,139,546,480],"class_list":{"0":"post-20764","1":"product","2":"type-product","3":"status-publish","4":"has-post-thumbnail","6":"product_cat-nyheter","7":"product_cat-aw25","8":"product_cat-current-week","9":"product_cat-kjoler","10":"product_cat-kjoler-2","11":"product_cat-party","12":"product_cat-torsdag","13":"product_cat-trending","14":"product_tag-accessories","15":"product_tag-aw25","16":"product_tag-best-sellers","17":"product_tag-dress","18":"product_tag-greta-dress","19":"product_tag-kjole","20":"product_tag-party","21":"product_tag-ruby","22":"product_tag-velvet","23":"pif-has-gallery","25":"first","26":"instock","27":"taxable","28":"shipping-taxable","29":"purchasable","30":"product-type-variable"},"_links":{"self":[{"href":"https:\/\/dev.sm360.no\/nectarshop\/wp-json\/wp\/v2\/product\/20764","targetHints":{"allow":["GET"]}}],"collection":[{"href":"https:\/\/dev.sm360.no\/nectarshop\/wp-json\/wp\/v2\/product"}],"about":[{"href":"https:\/\/dev.sm360.no\/nectarshop\/wp-json\/wp\/v2\/types\/product"}],"replies":[{"embeddable":true,"href":"https:\/\/dev.sm360.no\/nectarshop\/wp-json\/wp\/v2\/comments?post=20764"}],"version-history":[{"count":3,"href":"https:\/\/dev.sm360.no\/nectarshop\/wp-json\/wp\/v2\/product\/20764\/revisions"}],"predecessor-version":[{"id":28046,"href":"https:\/\/dev.sm360.no\/nectarshop\/wp-json\/wp\/v2\/product\/20764\/revisions\/28046"}],"wp:featuredmedia":[{"embeddable":true,"href":"https:\/\/dev.sm360.no\/nectarshop\/wp-json\/wp\/v2\/media\/20775"}],"wp:attachment":[{"href":"https:\/\/dev.sm360.no\/nectarshop\/wp-json\/wp\/v2\/media?parent=20764"}],"wp:term":[{"taxonomy":"product_brand","embeddable":true,"href":"https:\/\/dev.sm360.no\/nectarshop\/wp-json\/wp\/v2\/product_brand?post=20764"},{"taxonomy":"product_cat","embeddable":true,"href":"https:\/\/dev.sm360.no\/nectarshop\/wp-json\/wp\/v2\/product_cat?post=20764"},{"taxonomy":"product_tag","embeddable":true,"href":"https:\/\/dev.sm360.no\/nectarshop\/wp-json\/wp\/v2\/product_tag?post=20764"}],"curies":[{"name":"wp","href":"https:\/\/api.w.org\/{rel}","templated":true}]}}