{"id":20789,"date":"2025-03-18T13:18:27","date_gmt":"2025-03-18T12:18:27","guid":{"rendered":"https:\/\/dev.sm360.no\/nectarshop\/?post_type=product&#038;p=20789"},"modified":"2025-12-16T12:25:04","modified_gmt":"2025-12-16T11:25:04","slug":"inspire-dress-parisian-xmas","status":"publish","type":"product","link":"https:\/\/dev.sm360.no\/nectarshop\/produkter\/inspire-dress-parisian-xmas\/","title":{"rendered":"Inspire Dress &#8211; Parisian Xmas"},"content":{"rendered":"<p data-rm-block-id=\"block-1\">Inspire Dress &#8211; Parisian Xmas. Nydelig kjole i midi lengde med lekre detaljer i midjen. Flatterende fasong. Strikk nederst p\u00e5 ermene. V-hals<\/p>\n<p data-rm-block-id=\"block-2\">100% Moss Rayon<\/p>\n<p data-rm-block-id=\"block-3\">Hedda er 178 cm og bruker str. S<\/p>\n<p data-rm-block-id=\"block-4\">Denne kommer i oktober og kan forh\u00e5ndsbestilles n\u00e5. Du betaler ikke f\u00f8r du har f\u00e5tt pakke fra oss.<\/p>\n","protected":false},"excerpt":{"rendered":"<p>Inspire Dress &#8211; Parisian Xmas. Nydelig kjole i midi lengde med lekre detaljer i midjen. Flatterende fasong. Strikk nederst p\u00e5 ermene. V-hals<\/p>\n<p>100% Moss Rayon<\/p>\n<p>Hedda er 178 cm og bruker str. S<\/p>\n<p>Denne kommer i oktober og kan forh\u00e5ndsbestilles n\u00e5. Du betaler ikke f\u00f8r du har f\u00e5tt pakke fra oss.<\/p>\n","protected":false},"featured_media":20798,"comment_status":"open","ping_status":"closed","template":"","meta":{"inline_featured_image":false,"_jet_sm_ready_style":"","_jet_sm_style":"","_jet_sm_controls_values":"","_jet_sm_fonts_collection":"","_jet_sm_fonts_links":""},"product_brand":[],"product_cat":[486,756,487,491,456],"product_tag":[515,39,548,40,547,549,155],"class_list":{"0":"post-20789","1":"product","2":"type-product","3":"status-publish","4":"has-post-thumbnail","6":"product_cat-aw25","7":"product_cat-kjoler-2","8":"product_cat-kjoler","9":"product_cat-party","10":"product_cat-forhandsbestillinger","11":"product_tag-aw25","12":"product_tag-dress","13":"product_tag-inspire-dress","14":"product_tag-kjole","15":"product_tag-paery","16":"product_tag-parisian-xmas","17":"product_tag-preorder","18":"pif-has-gallery","20":"first","21":"instock","22":"taxable","23":"shipping-taxable","24":"purchasable","25":"product-type-variable"},"_links":{"self":[{"href":"https:\/\/dev.sm360.no\/nectarshop\/wp-json\/wp\/v2\/product\/20789","targetHints":{"allow":["GET"]}}],"collection":[{"href":"https:\/\/dev.sm360.no\/nectarshop\/wp-json\/wp\/v2\/product"}],"about":[{"href":"https:\/\/dev.sm360.no\/nectarshop\/wp-json\/wp\/v2\/types\/product"}],"replies":[{"embeddable":true,"href":"https:\/\/dev.sm360.no\/nectarshop\/wp-json\/wp\/v2\/comments?post=20789"}],"version-history":[{"count":2,"href":"https:\/\/dev.sm360.no\/nectarshop\/wp-json\/wp\/v2\/product\/20789\/revisions"}],"predecessor-version":[{"id":28356,"href":"https:\/\/dev.sm360.no\/nectarshop\/wp-json\/wp\/v2\/product\/20789\/revisions\/28356"}],"wp:featuredmedia":[{"embeddable":true,"href":"https:\/\/dev.sm360.no\/nectarshop\/wp-json\/wp\/v2\/media\/20798"}],"wp:attachment":[{"href":"https:\/\/dev.sm360.no\/nectarshop\/wp-json\/wp\/v2\/media?parent=20789"}],"wp:term":[{"taxonomy":"product_brand","embeddable":true,"href":"https:\/\/dev.sm360.no\/nectarshop\/wp-json\/wp\/v2\/product_brand?post=20789"},{"taxonomy":"product_cat","embeddable":true,"href":"https:\/\/dev.sm360.no\/nectarshop\/wp-json\/wp\/v2\/product_cat?post=20789"},{"taxonomy":"product_tag","embeddable":true,"href":"https:\/\/dev.sm360.no\/nectarshop\/wp-json\/wp\/v2\/product_tag?post=20789"}],"curies":[{"name":"wp","href":"https:\/\/api.w.org\/{rel}","templated":true}]}}