{"id":20826,"date":"2025-08-17T13:59:24","date_gmt":"2025-08-17T11:59:24","guid":{"rendered":"https:\/\/dev.sm360.no\/nectarshop\/?post_type=product&#038;p=20826"},"modified":"2025-12-16T12:25:03","modified_gmt":"2025-12-16T11:25:03","slug":"ambrosia-short-petit-fleur","status":"publish","type":"product","link":"https:\/\/dev.sm360.no\/nectarshop\/produkter\/ambrosia-short-petit-fleur\/","title":{"rendered":"Ambrosia Short &#8211; Petit Fleur"},"content":{"rendered":"<p><img fetchpriority=\"high\" decoding=\"async\" src=\"https:\/\/dev.sm360.no\/nectarshop\/wp-content\/uploads\/2025\/08\/unnamed-49-4-300x214.jpg\" alt=\"\" width=\"300\" height=\"214\" class=\"alignnone size-medium wp-image-23878\" srcset=\"https:\/\/dev.sm360.no\/nectarshop\/wp-content\/uploads\/2025\/08\/unnamed-49-4-300x214.jpg 300w, https:\/\/dev.sm360.no\/nectarshop\/wp-content\/uploads\/2025\/08\/unnamed-49-4-64x46.jpg 64w, https:\/\/dev.sm360.no\/nectarshop\/wp-content\/uploads\/2025\/08\/unnamed-49-4-768x549.jpg 768w, https:\/\/dev.sm360.no\/nectarshop\/wp-content\/uploads\/2025\/08\/unnamed-49-4-370x265.jpg 370w, https:\/\/dev.sm360.no\/nectarshop\/wp-content\/uploads\/2025\/08\/unnamed-49-4-600x429.jpg 600w, https:\/\/dev.sm360.no\/nectarshop\/wp-content\/uploads\/2025\/08\/unnamed-49-4-80x57.jpg 80w, https:\/\/dev.sm360.no\/nectarshop\/wp-content\/uploads\/2025\/08\/unnamed-49-4.jpg 827w\" sizes=\"(max-width: 300px) 100vw, 300px\" \/><\/p>\n","protected":false},"excerpt":{"rendered":"<p>En kort Ambrosia. Vakkert print. Masse vidde i skj\u00f8rtet. Lommer i sidene. Avtagbart belte som du kan velge om du \u00f8nsker \u00e5 bruke eller ikke. Like fint med som uten.\u00a0<\/p>\n<p>100% viscose<\/p>\n<p>Hanne er 173 cm og bruker str. M<\/p>\n","protected":false},"featured_media":23746,"comment_status":"open","ping_status":"closed","template":"","meta":{"inline_featured_image":false,"_jet_sm_ready_style":"","_jet_sm_style":"","_jet_sm_controls_values":"","_jet_sm_fonts_collection":"","_jet_sm_fonts_links":""},"product_brand":[],"product_cat":[486,756,487],"product_tag":[551,515,39,40,552],"class_list":{"0":"post-20826","1":"product","2":"type-product","3":"status-publish","4":"has-post-thumbnail","6":"product_cat-aw25","7":"product_cat-kjoler-2","8":"product_cat-kjoler","9":"product_tag-ambrosia-short","10":"product_tag-aw25","11":"product_tag-dress","12":"product_tag-kjole","13":"product_tag-petit-fleur","14":"pif-has-gallery","16":"first","17":"instock","18":"taxable","19":"shipping-taxable","20":"purchasable","21":"product-type-variable"},"_links":{"self":[{"href":"https:\/\/dev.sm360.no\/nectarshop\/wp-json\/wp\/v2\/product\/20826","targetHints":{"allow":["GET"]}}],"collection":[{"href":"https:\/\/dev.sm360.no\/nectarshop\/wp-json\/wp\/v2\/product"}],"about":[{"href":"https:\/\/dev.sm360.no\/nectarshop\/wp-json\/wp\/v2\/types\/product"}],"replies":[{"embeddable":true,"href":"https:\/\/dev.sm360.no\/nectarshop\/wp-json\/wp\/v2\/comments?post=20826"}],"version-history":[{"count":1,"href":"https:\/\/dev.sm360.no\/nectarshop\/wp-json\/wp\/v2\/product\/20826\/revisions"}],"predecessor-version":[{"id":28344,"href":"https:\/\/dev.sm360.no\/nectarshop\/wp-json\/wp\/v2\/product\/20826\/revisions\/28344"}],"wp:featuredmedia":[{"embeddable":true,"href":"https:\/\/dev.sm360.no\/nectarshop\/wp-json\/wp\/v2\/media\/23746"}],"wp:attachment":[{"href":"https:\/\/dev.sm360.no\/nectarshop\/wp-json\/wp\/v2\/media?parent=20826"}],"wp:term":[{"taxonomy":"product_brand","embeddable":true,"href":"https:\/\/dev.sm360.no\/nectarshop\/wp-json\/wp\/v2\/product_brand?post=20826"},{"taxonomy":"product_cat","embeddable":true,"href":"https:\/\/dev.sm360.no\/nectarshop\/wp-json\/wp\/v2\/product_cat?post=20826"},{"taxonomy":"product_tag","embeddable":true,"href":"https:\/\/dev.sm360.no\/nectarshop\/wp-json\/wp\/v2\/product_tag?post=20826"}],"curies":[{"name":"wp","href":"https:\/\/api.w.org\/{rel}","templated":true}]}}