{"id":9994,"date":"2025-05-25T10:27:46","date_gmt":"2025-05-25T08:27:46","guid":{"rendered":"https:\/\/dev.sm360.no\/nectarshop\/?post_type=product&#038;p=9994"},"modified":"2025-12-16T12:25:39","modified_gmt":"2025-12-16T11:25:39","slug":"ambrosia-dress-peach-fan","status":"publish","type":"product","link":"https:\/\/dev.sm360.no\/nectarshop\/produkter\/ambrosia-dress-peach-fan\/","title":{"rendered":"Ambrosia Dress &#8211; Peach Fan"},"content":{"rendered":"<p><img fetchpriority=\"high\" decoding=\"async\" class=\"alignnone size-medium wp-image-16651\" src=\"https:\/\/nectarshop.no\/wp-content\/uploads\/2025\/01\/0d1857b5-4cad-4fd2-84a2-a22b68aecaee-300x214.jpeg\" alt=\"\" width=\"300\" height=\"214\" srcset=\"https:\/\/dev.sm360.no\/nectarshop\/wp-content\/uploads\/2025\/01\/0d1857b5-4cad-4fd2-84a2-a22b68aecaee-300x214.jpeg 300w, https:\/\/dev.sm360.no\/nectarshop\/wp-content\/uploads\/2025\/01\/0d1857b5-4cad-4fd2-84a2-a22b68aecaee-64x46.jpeg 64w, https:\/\/dev.sm360.no\/nectarshop\/wp-content\/uploads\/2025\/01\/0d1857b5-4cad-4fd2-84a2-a22b68aecaee-768x549.jpeg 768w, https:\/\/dev.sm360.no\/nectarshop\/wp-content\/uploads\/2025\/01\/0d1857b5-4cad-4fd2-84a2-a22b68aecaee-370x265.jpeg 370w, https:\/\/dev.sm360.no\/nectarshop\/wp-content\/uploads\/2025\/01\/0d1857b5-4cad-4fd2-84a2-a22b68aecaee-600x429.jpeg 600w, https:\/\/dev.sm360.no\/nectarshop\/wp-content\/uploads\/2025\/01\/0d1857b5-4cad-4fd2-84a2-a22b68aecaee-80x57.jpeg 80w, https:\/\/dev.sm360.no\/nectarshop\/wp-content\/uploads\/2025\/01\/0d1857b5-4cad-4fd2-84a2-a22b68aecaee.jpeg 827w\" sizes=\"(max-width: 300px) 100vw, 300px\" \/><\/p>\n","protected":false},"excerpt":{"rendered":"<p>Ambrosia er Nectar, rett og slett. Dette er v\u00e5r mest solgte kjole, nettopp fordi den kler absolutt alle damer. Velg \u00e5 bruke den med eller uten beltet, for \u00e5 f\u00e5 den silhuetten du \u00f8nsker. Perfekt lengde for en kjole som du kan ta fra dag til kveld. Printet er v\u00e5rt eget, s\u00e5 du slipper \u00e5 dumpe borti noen som har en kjole som likner p\u00e5 din&#8230;Supermykt og deilig stoff som faller s\u00e5 utrolig fint. Masse vidde i skj\u00f8rtet. Knapper i front, korte ermer med rysj og avtagbart belte i livet.<\/p>\n<p>Viscose<\/p>\n<p>Hedda er 178 cm og bruker str S<\/p>\n","protected":false},"featured_media":27722,"comment_status":"open","ping_status":"closed","template":"","meta":{"inline_featured_image":false,"_jet_sm_ready_style":"","_jet_sm_style":"","_jet_sm_controls_values":"","_jet_sm_fonts_collection":"","_jet_sm_fonts_links":""},"product_brand":[],"product_cat":[463,756,415,416],"product_tag":[73,39,40,43,82,42],"class_list":{"0":"post-9994","1":"product","2":"type-product","3":"status-publish","4":"has-post-thumbnail","6":"product_cat-trending","7":"product_cat-kjoler-2","8":"product_cat-ss25","9":"product_cat-kjoler-ss25","10":"product_tag-ambrosia","11":"product_tag-dress","12":"product_tag-kjole","13":"product_tag-nectar-shop","14":"product_tag-peach-fan","15":"product_tag-ss25","16":"pif-has-gallery","18":"first","19":"instock","20":"sale","21":"taxable","22":"shipping-taxable","23":"purchasable","24":"product-type-variable"},"_links":{"self":[{"href":"https:\/\/dev.sm360.no\/nectarshop\/wp-json\/wp\/v2\/product\/9994","targetHints":{"allow":["GET"]}}],"collection":[{"href":"https:\/\/dev.sm360.no\/nectarshop\/wp-json\/wp\/v2\/product"}],"about":[{"href":"https:\/\/dev.sm360.no\/nectarshop\/wp-json\/wp\/v2\/types\/product"}],"replies":[{"embeddable":true,"href":"https:\/\/dev.sm360.no\/nectarshop\/wp-json\/wp\/v2\/comments?post=9994"}],"version-history":[{"count":2,"href":"https:\/\/dev.sm360.no\/nectarshop\/wp-json\/wp\/v2\/product\/9994\/revisions"}],"predecessor-version":[{"id":27723,"href":"https:\/\/dev.sm360.no\/nectarshop\/wp-json\/wp\/v2\/product\/9994\/revisions\/27723"}],"wp:featuredmedia":[{"embeddable":true,"href":"https:\/\/dev.sm360.no\/nectarshop\/wp-json\/wp\/v2\/media\/27722"}],"wp:attachment":[{"href":"https:\/\/dev.sm360.no\/nectarshop\/wp-json\/wp\/v2\/media?parent=9994"}],"wp:term":[{"taxonomy":"product_brand","embeddable":true,"href":"https:\/\/dev.sm360.no\/nectarshop\/wp-json\/wp\/v2\/product_brand?post=9994"},{"taxonomy":"product_cat","embeddable":true,"href":"https:\/\/dev.sm360.no\/nectarshop\/wp-json\/wp\/v2\/product_cat?post=9994"},{"taxonomy":"product_tag","embeddable":true,"href":"https:\/\/dev.sm360.no\/nectarshop\/wp-json\/wp\/v2\/product_tag?post=9994"}],"curies":[{"name":"wp","href":"https:\/\/api.w.org\/{rel}","templated":true}]}}