{"id":10466,"date":"2024-05-14T11:20:16","date_gmt":"2024-05-14T11:20:16","guid":{"rendered":"https:\/\/dev.sm360.no\/obb\/?post_type=product&#038;p=10466"},"modified":"2025-03-05T10:32:07","modified_gmt":"2025-03-05T10:32:07","slug":"cartec-compounding-pad-green-coarse-exentric","status":"publish","type":"product","link":"https:\/\/dev.sm360.no\/obb\/produkt\/cartec-compounding-pad-green-coarse-exentric\/","title":{"rendered":"CARTEC COMPOUNDING PAD GREEN COARSE EXENTRIC"},"content":{"rendered":"<p>RYDDER OPP I DYPE RIPER OG KRAFTIGE DEFEKTER<\/p>\n<p>poleringspute for korrigering av de dype ripene.<br \/>\nLaget for DA poleringsmasking og Refinish Diamond Cut 3000<\/p>\n<p>Refinish gr\u00f8nn er en grov poleringspute for de dyper ripene og kraftige defektene som kan v\u00e6re vanskelige \u00e5 fjerne. Puten er konstruert som en \u00e5pen-cell skumstruktur, dette optimaliserer poleringen og gir et forbedret resultat.Med \u00e5pen-celle skumstruktur blir det mindre varmeutvikling ved langvarig bruk, \u00f8kt levetid og mindre st\u00f8v samt poleringsprut.<\/p>\n<p>Poleringsputen vil bidra til en mer effektivt polering, bedre resultat og etterlate en flott finish n\u00e5r den kombiners med Diamond Cut 3000<\/p>\n<p>Denne puten er laget for DA poleringsmaskin med 6\u2033 bakplate.<br \/>\nMed sin store st\u00f8rrelse er denne puten perfekt \u00e5 bruke p\u00e5 b\u00e5t, bobil eller campingvogn<\/p>\n<p>Cartec Refinish tilbyr et komplett system med poleringsprodukter som du er trygg p\u00e5 med et 100% hologramfritt og blankt resultat.<\/p>\n","protected":false},"excerpt":{"rendered":"<p>poleringspute for korrigering av de dype ripene.<br \/>\nLaget for DA poleringsmasking og Refinish Diamond Cut 3000<\/p>\n","protected":false},"featured_media":12343,"template":"","meta":{"inline_featured_image":false,"site-sidebar-layout":"default","site-content-layout":"","ast-site-content-layout":"","site-content-style":"default","site-sidebar-style":"default","ast-global-header-display":"","ast-banner-title-visibility":"","ast-main-header-display":"","ast-hfb-above-header-display":"","ast-hfb-below-header-display":"","ast-hfb-mobile-header-display":"","site-post-title":"","ast-breadcrumbs-content":"","ast-featured-img":"","footer-sml-layout":"","theme-transparent-header-meta":"","adv-header-id-meta":"","stick-header-meta":"","header-above-stick-meta":"","header-main-stick-meta":"","header-below-stick-meta":"","astra-migrate-meta-layouts":"default","ast-page-background-enabled":"default","ast-page-background-meta":{"desktop":{"background-color":"var(--ast-global-color-4)","background-image":"","background-repeat":"repeat","background-position":"center center","background-size":"auto","background-attachment":"scroll","background-type":"","background-media":"","overlay-type":"","overlay-color":"","overlay-opacity":"","overlay-gradient":""},"tablet":{"background-color":"","background-image":"","background-repeat":"repeat","background-position":"center center","background-size":"auto","background-attachment":"scroll","background-type":"","background-media":"","overlay-type":"","overlay-color":"","overlay-opacity":"","overlay-gradient":""},"mobile":{"background-color":"","background-image":"","background-repeat":"repeat","background-position":"center center","background-size":"auto","background-attachment":"scroll","background-type":"","background-media":"","overlay-type":"","overlay-color":"","overlay-opacity":"","overlay-gradient":""}},"ast-content-background-meta":{"desktop":{"background-color":"var(--ast-global-color-5)","background-image":"","background-repeat":"repeat","background-position":"center center","background-size":"auto","background-attachment":"scroll","background-type":"","background-media":"","overlay-type":"","overlay-color":"","overlay-opacity":"","overlay-gradient":""},"tablet":{"background-color":"var(--ast-global-color-5)","background-image":"","background-repeat":"repeat","background-position":"center center","background-size":"auto","background-attachment":"scroll","background-type":"","background-media":"","overlay-type":"","overlay-color":"","overlay-opacity":"","overlay-gradient":""},"mobile":{"background-color":"var(--ast-global-color-5)","background-image":"","background-repeat":"repeat","background-position":"center center","background-size":"auto","background-attachment":"scroll","background-type":"","background-media":"","overlay-type":"","overlay-color":"","overlay-opacity":"","overlay-gradient":""}}},"product_brand":[],"product_cat":[169],"product_tag":[],"class_list":{"0":"post-10466","1":"product","2":"type-product","3":"status-publish","4":"has-post-thumbnail","6":"product_cat-poleringsputer","7":"desktop-align-left","8":"tablet-align-left","9":"mobile-align-left","11":"first","12":"instock","13":"taxable","14":"shipping-taxable","15":"purchasable","16":"product-type-variable","17":"has-default-attributes"},"_links":{"self":[{"href":"https:\/\/dev.sm360.no\/obb\/wp-json\/wp\/v2\/product\/10466","targetHints":{"allow":["GET"]}}],"collection":[{"href":"https:\/\/dev.sm360.no\/obb\/wp-json\/wp\/v2\/product"}],"about":[{"href":"https:\/\/dev.sm360.no\/obb\/wp-json\/wp\/v2\/types\/product"}],"version-history":[{"count":1,"href":"https:\/\/dev.sm360.no\/obb\/wp-json\/wp\/v2\/product\/10466\/revisions"}],"predecessor-version":[{"id":12344,"href":"https:\/\/dev.sm360.no\/obb\/wp-json\/wp\/v2\/product\/10466\/revisions\/12344"}],"wp:featuredmedia":[{"embeddable":true,"href":"https:\/\/dev.sm360.no\/obb\/wp-json\/wp\/v2\/media\/12343"}],"wp:attachment":[{"href":"https:\/\/dev.sm360.no\/obb\/wp-json\/wp\/v2\/media?parent=10466"}],"wp:term":[{"taxonomy":"product_brand","embeddable":true,"href":"https:\/\/dev.sm360.no\/obb\/wp-json\/wp\/v2\/product_brand?post=10466"},{"taxonomy":"product_cat","embeddable":true,"href":"https:\/\/dev.sm360.no\/obb\/wp-json\/wp\/v2\/product_cat?post=10466"},{"taxonomy":"product_tag","embeddable":true,"href":"https:\/\/dev.sm360.no\/obb\/wp-json\/wp\/v2\/product_tag?post=10466"}],"curies":[{"name":"wp","href":"https:\/\/api.w.org\/{rel}","templated":true}]}}