{"id":10512,"date":"2024-05-14T11:20:17","date_gmt":"2024-05-14T11:20:17","guid":{"rendered":"https:\/\/dev.sm360.no\/obb\/?post_type=product&#038;p=10512"},"modified":"2025-03-05T10:30:11","modified_gmt":"2025-03-05T10:30:11","slug":"vp-felg-og-karosserirens","status":"publish","type":"product","link":"https:\/\/dev.sm360.no\/obb\/produkt\/vp-felg-og-karosserirens\/","title":{"rendered":"VP FELG OG KAROSSERIRENS"},"content":{"rendered":"<div class=\"woocommerce-product-details__short-description\">\n<p><strong>Felg &amp; karosseri rens\u00a0 <\/strong>er en effektiv og syrefri dekontamineringsrens egnet for bilkarosseri, hjul, plast og vinduer. Felg &amp; karosseri rens\u00a0 er spesielt utviklet for \u00e5 fjerne sm\u00e5 metallpartikler som rust, som har festet seg til lakk og omkringliggende omr\u00e5der. I tillegg fjerner den, bremsest\u00f8v fra hjul og hjulkapsler. Iron Wash er et pH \u2013 n\u00f8ytralt produkt, s\u00e5 det er trygt p\u00e5 karosseri, hjul, plast, vinduer, krom og metaller. Det er alltid anbefalt \u00e5 gj\u00f8re en liten test p\u00e5 omr\u00e5det f\u00f8r du bruker fullt.<\/p>\n<\/div>\n<p>Felg &amp; karroseri rens blir lilla n\u00e5r det reagerer med metallpartiklene.<\/p>\n","protected":false},"excerpt":{"rendered":"<div class=\"woocommerce-product-details__short-description\">\n<p><strong>Felg &amp; karosseri rens\u00a0 <\/strong>er en effektiv og syrefri dekontamineringsrens egnet for bilkarosseri, hjul, plast og vinduer. Felg &amp; karosseri rens\u00a0 er spesielt utviklet for \u00e5 fjerne sm\u00e5 metallpartikler som rust, som har festet seg til lakk og omkringliggende omr\u00e5der. I tillegg fjerner den, bremsest\u00f8v fra hjul og hjulkapsler. Iron Wash er et pH \u2013 n\u00f8ytralt produkt, s\u00e5 det er trygt p\u00e5 karosseri, hjul, plast, vinduer, krom og metaller. Det er alltid anbefalt \u00e5 gj\u00f8re en liten test p\u00e5 omr\u00e5det f\u00f8r du bruker fullt.<\/p>\n<\/div>\n<p>Felg &amp; karroseri rens blir lilla n\u00e5r det reagerer med metallpartiklene.<\/p>\n","protected":false},"featured_media":11041,"template":"","meta":{"inline_featured_image":false,"site-sidebar-layout":"default","site-content-layout":"","ast-site-content-layout":"","site-content-style":"default","site-sidebar-style":"default","ast-global-header-display":"","ast-banner-title-visibility":"","ast-main-header-display":"","ast-hfb-above-header-display":"","ast-hfb-below-header-display":"","ast-hfb-mobile-header-display":"","site-post-title":"","ast-breadcrumbs-content":"","ast-featured-img":"","footer-sml-layout":"","theme-transparent-header-meta":"","adv-header-id-meta":"","stick-header-meta":"","header-above-stick-meta":"","header-main-stick-meta":"","header-below-stick-meta":"","astra-migrate-meta-layouts":"default","ast-page-background-enabled":"default","ast-page-background-meta":{"desktop":{"background-color":"var(--ast-global-color-4)","background-image":"","background-repeat":"repeat","background-position":"center center","background-size":"auto","background-attachment":"scroll","background-type":"","background-media":"","overlay-type":"","overlay-color":"","overlay-opacity":"","overlay-gradient":""},"tablet":{"background-color":"","background-image":"","background-repeat":"repeat","background-position":"center center","background-size":"auto","background-attachment":"scroll","background-type":"","background-media":"","overlay-type":"","overlay-color":"","overlay-opacity":"","overlay-gradient":""},"mobile":{"background-color":"","background-image":"","background-repeat":"repeat","background-position":"center center","background-size":"auto","background-attachment":"scroll","background-type":"","background-media":"","overlay-type":"","overlay-color":"","overlay-opacity":"","overlay-gradient":""}},"ast-content-background-meta":{"desktop":{"background-color":"var(--ast-global-color-5)","background-image":"","background-repeat":"repeat","background-position":"center center","background-size":"auto","background-attachment":"scroll","background-type":"","background-media":"","overlay-type":"","overlay-color":"","overlay-opacity":"","overlay-gradient":""},"tablet":{"background-color":"var(--ast-global-color-5)","background-image":"","background-repeat":"repeat","background-position":"center center","background-size":"auto","background-attachment":"scroll","background-type":"","background-media":"","overlay-type":"","overlay-color":"","overlay-opacity":"","overlay-gradient":""},"mobile":{"background-color":"var(--ast-global-color-5)","background-image":"","background-repeat":"repeat","background-position":"center center","background-size":"auto","background-attachment":"scroll","background-type":"","background-media":"","overlay-type":"","overlay-color":"","overlay-opacity":"","overlay-gradient":""}}},"product_brand":[],"product_cat":[161,158,162,164],"product_tag":[],"class_list":{"0":"post-10512","1":"product","2":"type-product","3":"status-publish","4":"has-post-thumbnail","6":"product_cat-vest-produkt-kjemi","7":"product_cat-vaskemidler","8":"product_cat-forvask","9":"product_cat-felgvask","10":"desktop-align-left","11":"tablet-align-left","12":"mobile-align-left","14":"first","15":"instock","16":"taxable","17":"shipping-taxable","18":"purchasable","19":"product-type-variable","20":"has-default-attributes"},"_links":{"self":[{"href":"https:\/\/dev.sm360.no\/obb\/wp-json\/wp\/v2\/product\/10512","targetHints":{"allow":["GET"]}}],"collection":[{"href":"https:\/\/dev.sm360.no\/obb\/wp-json\/wp\/v2\/product"}],"about":[{"href":"https:\/\/dev.sm360.no\/obb\/wp-json\/wp\/v2\/types\/product"}],"version-history":[{"count":1,"href":"https:\/\/dev.sm360.no\/obb\/wp-json\/wp\/v2\/product\/10512\/revisions"}],"predecessor-version":[{"id":11042,"href":"https:\/\/dev.sm360.no\/obb\/wp-json\/wp\/v2\/product\/10512\/revisions\/11042"}],"wp:featuredmedia":[{"embeddable":true,"href":"https:\/\/dev.sm360.no\/obb\/wp-json\/wp\/v2\/media\/11041"}],"wp:attachment":[{"href":"https:\/\/dev.sm360.no\/obb\/wp-json\/wp\/v2\/media?parent=10512"}],"wp:term":[{"taxonomy":"product_brand","embeddable":true,"href":"https:\/\/dev.sm360.no\/obb\/wp-json\/wp\/v2\/product_brand?post=10512"},{"taxonomy":"product_cat","embeddable":true,"href":"https:\/\/dev.sm360.no\/obb\/wp-json\/wp\/v2\/product_cat?post=10512"},{"taxonomy":"product_tag","embeddable":true,"href":"https:\/\/dev.sm360.no\/obb\/wp-json\/wp\/v2\/product_tag?post=10512"}],"curies":[{"name":"wp","href":"https:\/\/api.w.org\/{rel}","templated":true}]}}