{"id":10514,"date":"2024-05-14T11:20:17","date_gmt":"2024-05-14T11:20:17","guid":{"rendered":"https:\/\/dev.sm360.no\/obb\/?post_type=product&#038;p=10514"},"modified":"2025-03-05T10:29:24","modified_gmt":"2025-03-05T10:29:24","slug":"vp-master-rens-5l-25l","status":"publish","type":"product","link":"https:\/\/dev.sm360.no\/obb\/produkt\/vp-master-rens-5l-25l\/","title":{"rendered":"VP MASTER-RENS 5L &#8211; 25L"},"content":{"rendered":"<p><strong>Master- rens<\/strong> er ett syrebasert spesialpreparat, beregnet for fjerning av oksider og bremsest\u00f8v<\/p>\n<p><strong>Bruksomr\u00e5de:<\/strong><br \/>\nUtvendig rengj\u00f8ring av oksyderte flater. For eksempel, jernbanevogner, transportcontainere, samt innen skipsfart for fjerning av rust partikkler. Fjerning av oksyder og bremse st\u00f8v.<\/p>\n<p><strong>Bruksanvisning:<\/strong><br \/>\nMaster-rens p\u00e5f\u00f8res med lavtrykkspr\u00f8yte nedenfra og oppover veggflaten, bearbeides med kost eller roterende vaskeb\u00f8rste. Ekstreme forurensninger beh\u00f8ver ca. 5 minutter virketid f\u00f8r avskylling med h\u00f8ytrykk. Skyll til slutt godt med rent vann ovenfra og ned.<br \/>\nBlandes 1 : 2 \u2013 1 : 5 alt etter smuss grad. Maks 2 min. virketid p\u00e5 aluminium.<\/p>\n<p><strong>Egenskaper:<\/strong><br \/>\nMaster-rens er en kraftig syre basert rense middel, og er sterkt etsende. Moderat lukt.<br \/>\nKlar gul v\u00e6ske. Ph. Ca. 1 i konsentrat.<\/p>\n<p>Brukes konsentrert, eller utblandet, P\u00e5f\u00f8res med lavtrykkspr\u00f8yte\/kost. Unng\u00e5 lang p\u00e5virkningstid p\u00e5 aluminium, messing og kopper.<\/p>\n<p>&nbsp;<\/p>\n","protected":false},"excerpt":{"rendered":"<p><strong>Master- rens<\/strong> er ett syrebasert spesialpreparat, beregnet for fjerning av oksider og bremsest\u00f8v<\/p>\n<p><strong>Bruksomr\u00e5de:<\/strong><br \/>\nUtvendig rengj\u00f8ring av oksyderte flater. For eksempel, jernbanevogner, transportcontainere, samt innen skipsfart for fjerning av rust partikkler. Fjerning av oksyder og bremse st\u00f8v.<\/p>\n<p><strong>Bruksanvisning:<\/strong><br \/>\nMaster-rens p\u00e5f\u00f8res med lavtrykkspr\u00f8yte nedenfra og oppover veggflaten, bearbeides med kost eller roterende vaskeb\u00f8rste. Ekstreme forurensninger beh\u00f8ver ca. 5 minutter virketid f\u00f8r avskylling med h\u00f8ytrykk. Skyll til slutt godt med rent vann ovenfra og ned.<br \/>\nBlandes 1 : 2 \u2013 1 : 5 alt etter smuss grad. Maks 2 min. virketid p\u00e5 aluminium.<\/p>\n<p><strong>Egenskaper:<\/strong><br \/>\nMaster-rens er en kraftig syre basert rense middel, og er sterkt etsende. Moderat lukt.<br \/>\nKlar gul v\u00e6ske. Ph. Ca. 1 i konsentrat.<\/p>\n<p>Brukes konsentrert, eller utblandet, P\u00e5f\u00f8res med lavtrykkspr\u00f8yte\/kost. Unng\u00e5 lang p\u00e5virkningstid p\u00e5 aluminium, messing og kopper.<\/p>\n<p>&nbsp;<\/p>\n","protected":false},"featured_media":11362,"template":"","meta":{"inline_featured_image":false,"site-sidebar-layout":"default","site-content-layout":"","ast-site-content-layout":"","site-content-style":"default","site-sidebar-style":"default","ast-global-header-display":"","ast-banner-title-visibility":"","ast-main-header-display":"","ast-hfb-above-header-display":"","ast-hfb-below-header-display":"","ast-hfb-mobile-header-display":"","site-post-title":"","ast-breadcrumbs-content":"","ast-featured-img":"","footer-sml-layout":"","theme-transparent-header-meta":"","adv-header-id-meta":"","stick-header-meta":"","header-above-stick-meta":"","header-main-stick-meta":"","header-below-stick-meta":"","astra-migrate-meta-layouts":"default","ast-page-background-enabled":"default","ast-page-background-meta":{"desktop":{"background-color":"var(--ast-global-color-4)","background-image":"","background-repeat":"repeat","background-position":"center center","background-size":"auto","background-attachment":"scroll","background-type":"","background-media":"","overlay-type":"","overlay-color":"","overlay-opacity":"","overlay-gradient":""},"tablet":{"background-color":"","background-image":"","background-repeat":"repeat","background-position":"center center","background-size":"auto","background-attachment":"scroll","background-type":"","background-media":"","overlay-type":"","overlay-color":"","overlay-opacity":"","overlay-gradient":""},"mobile":{"background-color":"","background-image":"","background-repeat":"repeat","background-position":"center center","background-size":"auto","background-attachment":"scroll","background-type":"","background-media":"","overlay-type":"","overlay-color":"","overlay-opacity":"","overlay-gradient":""}},"ast-content-background-meta":{"desktop":{"background-color":"var(--ast-global-color-5)","background-image":"","background-repeat":"repeat","background-position":"center center","background-size":"auto","background-attachment":"scroll","background-type":"","background-media":"","overlay-type":"","overlay-color":"","overlay-opacity":"","overlay-gradient":""},"tablet":{"background-color":"var(--ast-global-color-5)","background-image":"","background-repeat":"repeat","background-position":"center center","background-size":"auto","background-attachment":"scroll","background-type":"","background-media":"","overlay-type":"","overlay-color":"","overlay-opacity":"","overlay-gradient":""},"mobile":{"background-color":"var(--ast-global-color-5)","background-image":"","background-repeat":"repeat","background-position":"center center","background-size":"auto","background-attachment":"scroll","background-type":"","background-media":"","overlay-type":"","overlay-color":"","overlay-opacity":"","overlay-gradient":""}}},"product_brand":[],"product_cat":[161,158,164],"product_tag":[],"class_list":{"0":"post-10514","1":"product","2":"type-product","3":"status-publish","4":"has-post-thumbnail","6":"product_cat-vest-produkt-kjemi","7":"product_cat-vaskemidler","8":"product_cat-felgvask","9":"desktop-align-left","10":"tablet-align-left","11":"mobile-align-left","13":"first","14":"instock","15":"taxable","16":"shipping-taxable","17":"purchasable","18":"product-type-variable","19":"has-default-attributes"},"_links":{"self":[{"href":"https:\/\/dev.sm360.no\/obb\/wp-json\/wp\/v2\/product\/10514","targetHints":{"allow":["GET"]}}],"collection":[{"href":"https:\/\/dev.sm360.no\/obb\/wp-json\/wp\/v2\/product"}],"about":[{"href":"https:\/\/dev.sm360.no\/obb\/wp-json\/wp\/v2\/types\/product"}],"version-history":[{"count":1,"href":"https:\/\/dev.sm360.no\/obb\/wp-json\/wp\/v2\/product\/10514\/revisions"}],"predecessor-version":[{"id":11363,"href":"https:\/\/dev.sm360.no\/obb\/wp-json\/wp\/v2\/product\/10514\/revisions\/11363"}],"wp:featuredmedia":[{"embeddable":true,"href":"https:\/\/dev.sm360.no\/obb\/wp-json\/wp\/v2\/media\/11362"}],"wp:attachment":[{"href":"https:\/\/dev.sm360.no\/obb\/wp-json\/wp\/v2\/media?parent=10514"}],"wp:term":[{"taxonomy":"product_brand","embeddable":true,"href":"https:\/\/dev.sm360.no\/obb\/wp-json\/wp\/v2\/product_brand?post=10514"},{"taxonomy":"product_cat","embeddable":true,"href":"https:\/\/dev.sm360.no\/obb\/wp-json\/wp\/v2\/product_cat?post=10514"},{"taxonomy":"product_tag","embeddable":true,"href":"https:\/\/dev.sm360.no\/obb\/wp-json\/wp\/v2\/product_tag?post=10514"}],"curies":[{"name":"wp","href":"https:\/\/api.w.org\/{rel}","templated":true}]}}