{"id":10546,"date":"2024-05-14T11:20:19","date_gmt":"2024-05-14T11:20:19","guid":{"rendered":"https:\/\/dev.sm360.no\/obb\/?post_type=product&#038;p=10546"},"modified":"2024-05-19T03:39:01","modified_gmt":"2024-05-19T03:39:01","slug":"vp-citrus-shampo-5l-25l","status":"publish","type":"product","link":"https:\/\/dev.sm360.no\/obb\/produkt\/vp-citrus-shampo-5l-25l\/","title":{"rendered":"VP CITRUS SHAMPO 5L &#8211; 25L"},"content":{"rendered":"<p>Citrus Shampo er en konsentrert og h\u00f8ytskummende bilshampo med med god avfettende effekt som er spesielt utviklet for bilvask. Produktet er basert p\u00e5 milj\u00f8vennlige tensider som har en glansgivende og beskyttende effekt. Citrus Shampo avgir en frisk duft.\u00a0<b><br \/>\n<\/b><\/p>\n<p>Citrus Shampo er et konsentrert\u00a0 multi-rengj\u00f8ringsmiddel. og kan p\u00e5f\u00f8res manuelt med lavtrykkspr\u00f8yte,\u00a0 skum, b\u00f8ttevask\u00a0 eller brukes i bilvaskeautomater.<\/p>\n<p>St\u00f8rrelse: 5L &#8211; 25L &#8211; 205L &#8211; 1000L<\/p>\n","protected":false},"excerpt":{"rendered":"<p>Citrus Shampo er en konsentrert og h\u00f8ytskummende bilshampo som er spesielt utviklet for bilvask. Produktet er basert p\u00e5 milj\u00f8vennlige tensider som har en glansgivende og beskyttende effekt. Citrus Shampo avgir en frisk duft. Her har du shampo og avfetting i ett!<b><br \/>\n<\/b><\/p>\n<p>Citrus Shampo er et &laquo;allround-produkt&raquo; og kan p\u00e5f\u00f8res manuelt med lavtrykkspr\u00f8yte, som skum eller brukes i bilvaskeautomater.<\/p>\n<p>St\u00f8rrelse: 5 liter<\/p>\n","protected":false},"featured_media":11328,"template":"","meta":{"inline_featured_image":false,"site-sidebar-layout":"default","site-content-layout":"","ast-site-content-layout":"","site-content-style":"default","site-sidebar-style":"default","ast-global-header-display":"","ast-banner-title-visibility":"","ast-main-header-display":"","ast-hfb-above-header-display":"","ast-hfb-below-header-display":"","ast-hfb-mobile-header-display":"","site-post-title":"","ast-breadcrumbs-content":"","ast-featured-img":"","footer-sml-layout":"","theme-transparent-header-meta":"","adv-header-id-meta":"","stick-header-meta":"","header-above-stick-meta":"","header-main-stick-meta":"","header-below-stick-meta":"","astra-migrate-meta-layouts":"default","ast-page-background-enabled":"default","ast-page-background-meta":{"desktop":{"background-color":"var(--ast-global-color-4)","background-image":"","background-repeat":"repeat","background-position":"center center","background-size":"auto","background-attachment":"scroll","background-type":"","background-media":"","overlay-type":"","overlay-color":"","overlay-opacity":"","overlay-gradient":""},"tablet":{"background-color":"","background-image":"","background-repeat":"repeat","background-position":"center center","background-size":"auto","background-attachment":"scroll","background-type":"","background-media":"","overlay-type":"","overlay-color":"","overlay-opacity":"","overlay-gradient":""},"mobile":{"background-color":"","background-image":"","background-repeat":"repeat","background-position":"center center","background-size":"auto","background-attachment":"scroll","background-type":"","background-media":"","overlay-type":"","overlay-color":"","overlay-opacity":"","overlay-gradient":""}},"ast-content-background-meta":{"desktop":{"background-color":"var(--ast-global-color-5)","background-image":"","background-repeat":"repeat","background-position":"center center","background-size":"auto","background-attachment":"scroll","background-type":"","background-media":"","overlay-type":"","overlay-color":"","overlay-opacity":"","overlay-gradient":""},"tablet":{"background-color":"var(--ast-global-color-5)","background-image":"","background-repeat":"repeat","background-position":"center center","background-size":"auto","background-attachment":"scroll","background-type":"","background-media":"","overlay-type":"","overlay-color":"","overlay-opacity":"","overlay-gradient":""},"mobile":{"background-color":"var(--ast-global-color-5)","background-image":"","background-repeat":"repeat","background-position":"center center","background-size":"auto","background-attachment":"scroll","background-type":"","background-media":"","overlay-type":"","overlay-color":"","overlay-opacity":"","overlay-gradient":""}}},"product_brand":[],"product_cat":[161,158,166,170],"product_tag":[],"class_list":{"0":"post-10546","1":"product","2":"type-product","3":"status-publish","4":"has-post-thumbnail","6":"product_cat-vest-produkt-kjemi","7":"product_cat-vaskemidler","8":"product_cat-bilsjampo","9":"product_cat-handvask","10":"desktop-align-left","11":"tablet-align-left","12":"mobile-align-left","14":"first","15":"instock","16":"taxable","17":"shipping-taxable","18":"purchasable","19":"product-type-variable","20":"has-default-attributes"},"_links":{"self":[{"href":"https:\/\/dev.sm360.no\/obb\/wp-json\/wp\/v2\/product\/10546","targetHints":{"allow":["GET"]}}],"collection":[{"href":"https:\/\/dev.sm360.no\/obb\/wp-json\/wp\/v2\/product"}],"about":[{"href":"https:\/\/dev.sm360.no\/obb\/wp-json\/wp\/v2\/types\/product"}],"version-history":[{"count":1,"href":"https:\/\/dev.sm360.no\/obb\/wp-json\/wp\/v2\/product\/10546\/revisions"}],"predecessor-version":[{"id":11329,"href":"https:\/\/dev.sm360.no\/obb\/wp-json\/wp\/v2\/product\/10546\/revisions\/11329"}],"wp:featuredmedia":[{"embeddable":true,"href":"https:\/\/dev.sm360.no\/obb\/wp-json\/wp\/v2\/media\/11328"}],"wp:attachment":[{"href":"https:\/\/dev.sm360.no\/obb\/wp-json\/wp\/v2\/media?parent=10546"}],"wp:term":[{"taxonomy":"product_brand","embeddable":true,"href":"https:\/\/dev.sm360.no\/obb\/wp-json\/wp\/v2\/product_brand?post=10546"},{"taxonomy":"product_cat","embeddable":true,"href":"https:\/\/dev.sm360.no\/obb\/wp-json\/wp\/v2\/product_cat?post=10546"},{"taxonomy":"product_tag","embeddable":true,"href":"https:\/\/dev.sm360.no\/obb\/wp-json\/wp\/v2\/product_tag?post=10546"}],"curies":[{"name":"wp","href":"https:\/\/api.w.org\/{rel}","templated":true}]}}