{"id":10548,"date":"2024-05-14T11:20:19","date_gmt":"2024-05-14T11:20:19","guid":{"rendered":"https:\/\/dev.sm360.no\/obb\/?post_type=product&#038;p=10548"},"modified":"2024-05-19T03:39:01","modified_gmt":"2024-05-19T03:39:01","slug":"vp-citrus-foam-5l-25l","status":"publish","type":"product","link":"https:\/\/dev.sm360.no\/obb\/produkt\/vp-citrus-foam-5l-25l\/","title":{"rendered":"VP CITRUS FOAM 5L &#8211; 25L"},"content":{"rendered":"<p><strong>Citrus Foam<\/strong>\u00a0 er en effektiv skumvask som gir utrulig fin glans!<\/p>\n<p><strong>Bruksomr\u00e5de:<\/strong> Spesielt utviklet for skumanlegg\/skumkanoner, men fungerer veldig godt som h\u00f8ytrykksvask\/b\u00f8ttevask !<\/p>\n<p>Fjerner effektivt Salt, sot, trafikkfilm, insekt osv.<\/p>\n<p><strong>Bruksanvisning:<\/strong> Citrus Foam kan p\u00e5f\u00f8res med skumlanse eller skum pistol. Benytt varmt eller kaldt vann. Varmt vann \u00f8ker avfettings effekten. P\u00e5f\u00f8r vaskel\u00f8sningen med jevne bevegelser nedenfra og oppover.<\/p>\n<p>La midlet virke i ca. 3-5 min.<\/p>\n<p>Spyl av med h\u00f8ytrykksspyler nedenfra og oppover flatene slik at vaskemiddel og h\u00f8ytrykksstr\u00e5len f\u00e5r virke sammen.<\/p>\n<p>Spyl til slutt godt ovenfra og ned.<\/p>\n","protected":false},"excerpt":{"rendered":"<p><strong>Citrus Foam<\/strong>\u00a0 er en effektiv skumvask som gir utrulig fin glans!<\/p>\n<p><strong>Bruksomr\u00e5de:<\/strong> Spesielt utviklet for skumanlegg\/skumkanoner, men fungerer veldig godt som h\u00f8ytrykksvask\/b\u00f8ttevask !<\/p>\n<p>Fjerner effektivt Salt, sot, trafikkfilm, insekt osv.<\/p>\n<p><strong>Bruksanvisning:<\/strong> Citrus Foam kan p\u00e5f\u00f8res med skumlanse eller skum pistol. Benytt varmt eller kaldt vann. Varmt vann \u00f8ker avfettings effekten. P\u00e5f\u00f8r vaskel\u00f8sningen med jevne bevegelser nedenfra og oppover.<\/p>\n<p>La midlet virke i ca. 3-5 min.<\/p>\n<p>Spyl av med h\u00f8ytrykksspyler nedenfra og oppover flatene slik at vaskemiddel og h\u00f8ytrykksstr\u00e5len f\u00e5r virke sammen.<\/p>\n<p>Spyl til slutt godt ovenfra og ned.<\/p>\n<p>&nbsp;<\/p>\n","protected":false},"featured_media":11030,"template":"","meta":{"inline_featured_image":false,"site-sidebar-layout":"default","site-content-layout":"","ast-site-content-layout":"","site-content-style":"default","site-sidebar-style":"default","ast-global-header-display":"","ast-banner-title-visibility":"","ast-main-header-display":"","ast-hfb-above-header-display":"","ast-hfb-below-header-display":"","ast-hfb-mobile-header-display":"","site-post-title":"","ast-breadcrumbs-content":"","ast-featured-img":"","footer-sml-layout":"","theme-transparent-header-meta":"","adv-header-id-meta":"","stick-header-meta":"","header-above-stick-meta":"","header-main-stick-meta":"","header-below-stick-meta":"","astra-migrate-meta-layouts":"default","ast-page-background-enabled":"default","ast-page-background-meta":{"desktop":{"background-color":"var(--ast-global-color-4)","background-image":"","background-repeat":"repeat","background-position":"center center","background-size":"auto","background-attachment":"scroll","background-type":"","background-media":"","overlay-type":"","overlay-color":"","overlay-opacity":"","overlay-gradient":""},"tablet":{"background-color":"","background-image":"","background-repeat":"repeat","background-position":"center center","background-size":"auto","background-attachment":"scroll","background-type":"","background-media":"","overlay-type":"","overlay-color":"","overlay-opacity":"","overlay-gradient":""},"mobile":{"background-color":"","background-image":"","background-repeat":"repeat","background-position":"center center","background-size":"auto","background-attachment":"scroll","background-type":"","background-media":"","overlay-type":"","overlay-color":"","overlay-opacity":"","overlay-gradient":""}},"ast-content-background-meta":{"desktop":{"background-color":"var(--ast-global-color-5)","background-image":"","background-repeat":"repeat","background-position":"center center","background-size":"auto","background-attachment":"scroll","background-type":"","background-media":"","overlay-type":"","overlay-color":"","overlay-opacity":"","overlay-gradient":""},"tablet":{"background-color":"var(--ast-global-color-5)","background-image":"","background-repeat":"repeat","background-position":"center center","background-size":"auto","background-attachment":"scroll","background-type":"","background-media":"","overlay-type":"","overlay-color":"","overlay-opacity":"","overlay-gradient":""},"mobile":{"background-color":"var(--ast-global-color-5)","background-image":"","background-repeat":"repeat","background-position":"center center","background-size":"auto","background-attachment":"scroll","background-type":"","background-media":"","overlay-type":"","overlay-color":"","overlay-opacity":"","overlay-gradient":""}}},"product_brand":[],"product_cat":[161,158,162,166,170],"product_tag":[],"class_list":{"0":"post-10548","1":"product","2":"type-product","3":"status-publish","4":"has-post-thumbnail","6":"product_cat-vest-produkt-kjemi","7":"product_cat-vaskemidler","8":"product_cat-forvask","9":"product_cat-bilsjampo","10":"product_cat-handvask","11":"desktop-align-left","12":"tablet-align-left","13":"mobile-align-left","15":"first","16":"instock","17":"taxable","18":"shipping-taxable","19":"purchasable","20":"product-type-variable","21":"has-default-attributes"},"_links":{"self":[{"href":"https:\/\/dev.sm360.no\/obb\/wp-json\/wp\/v2\/product\/10548","targetHints":{"allow":["GET"]}}],"collection":[{"href":"https:\/\/dev.sm360.no\/obb\/wp-json\/wp\/v2\/product"}],"about":[{"href":"https:\/\/dev.sm360.no\/obb\/wp-json\/wp\/v2\/types\/product"}],"version-history":[{"count":1,"href":"https:\/\/dev.sm360.no\/obb\/wp-json\/wp\/v2\/product\/10548\/revisions"}],"predecessor-version":[{"id":11031,"href":"https:\/\/dev.sm360.no\/obb\/wp-json\/wp\/v2\/product\/10548\/revisions\/11031"}],"wp:featuredmedia":[{"embeddable":true,"href":"https:\/\/dev.sm360.no\/obb\/wp-json\/wp\/v2\/media\/11030"}],"wp:attachment":[{"href":"https:\/\/dev.sm360.no\/obb\/wp-json\/wp\/v2\/media?parent=10548"}],"wp:term":[{"taxonomy":"product_brand","embeddable":true,"href":"https:\/\/dev.sm360.no\/obb\/wp-json\/wp\/v2\/product_brand?post=10548"},{"taxonomy":"product_cat","embeddable":true,"href":"https:\/\/dev.sm360.no\/obb\/wp-json\/wp\/v2\/product_cat?post=10548"},{"taxonomy":"product_tag","embeddable":true,"href":"https:\/\/dev.sm360.no\/obb\/wp-json\/wp\/v2\/product_tag?post=10548"}],"curies":[{"name":"wp","href":"https:\/\/api.w.org\/{rel}","templated":true}]}}