{"id":10550,"date":"2024-05-14T11:20:19","date_gmt":"2024-05-14T11:20:19","guid":{"rendered":"https:\/\/dev.sm360.no\/obb\/?post_type=product&#038;p=10550"},"modified":"2024-05-19T03:39:01","modified_gmt":"2024-05-19T03:39:01","slug":"vp-power-foam-5l-25l","status":"publish","type":"product","link":"https:\/\/dev.sm360.no\/obb\/produkt\/vp-power-foam-5l-25l\/","title":{"rendered":"VP POWER FOAM 5L &#8211; 25L"},"content":{"rendered":"<p><strong><u>VP Power Foam\u00a0<\/u><\/strong><\/p>\n<p>Skumforvask \u2013 Meget konsentrert alkalisk skumforvask!<\/p>\n<p>Supert produkt for fjerning av smuss, proteiner, fett, olje sot, asfalt, veisalt og andre vanskelige smussdannelser.<\/p>\n<p>Brukes: 2%-6%<\/p>\n<p>Virketid: 1-5 min<\/p>\n<p>Power Foam p\u00e5f\u00f8res som skum i en konsentrasjon p\u00e5 2-5% avhengig av graden av smuss.<\/p>\n<p>Rengj\u00f8r grundig med en h\u00f8ytrykkspyler nedenifra og oppover.<\/p>\n<p>Skyll godt av fra toppen og ned for \u00e5 fjerne alle s\u00e5perester.<\/p>\n<p>&nbsp;<\/p>\n<p>Dette produkter er Svanemerket!<\/p>\n<p>&nbsp;<\/p>\n<p>KOMBINERES GJERNE MED AVFETTING EKSTRA<\/p>\n","protected":false},"excerpt":{"rendered":"<p><strong>VP POWER FOAM<\/strong> er et h\u00f8yeffektivt vannbasert rense- og avfettingsmiddel, til bruk i skumanlegg\/skumkanon.<br \/>\nHar s\u00e6rdeles god l\u00f8seevne for proteiner, fett, olje sot, asfalt, veisalt og andre vanskelige smussdannelser.<br \/>\nGir et kraftig skum med god vedheft. Lett \u00e5 skylle av og er tilsatt glansende tensider.<\/p>\n<p><strong>Bruksomr\u00e5de:<\/strong><br \/>\nSpesielt utviklet for bruk i skumanlegg\/skumkanon.<br \/>\nUtmerket ogs\u00e5 for manuell vask. Fjerner effektivt asfalt og trafikkfilm.<\/p>\n<p>Produktet er milj\u00f8merket (Svanemerket).<\/p>\n<p><strong>Produkttype:<\/strong><br \/>\nAlkalisk vannbasert rengj\u00f8ringsmiddel.<\/p>\n<p><strong>Bruksanvisning:<\/strong><br \/>\nPower Foam p\u00e5f\u00f8res med skumlanse\/skumkanon. Benytt varmt eller kaldt vann. Varmt vann \u00f8ker avfettingseffekten. P\u00e5f\u00f8r vaskel\u00f8sningen med jevne bevegelser nedenfra og oppover. S\u00f8rg for at alle flater blir fuktet. La midlet virke i ca. 3-5 min. Spyl av med h\u00f8ytrykksspyler nedenfra og oppover flatene slik at vaskemiddel og h\u00f8ytrykksstr\u00e5len f\u00e5r virke sammen. Spyl til slutt godt ovenfra og ned.<\/p>\n","protected":false},"featured_media":11028,"template":"","meta":{"inline_featured_image":false,"site-sidebar-layout":"default","site-content-layout":"","ast-site-content-layout":"","site-content-style":"default","site-sidebar-style":"default","ast-global-header-display":"","ast-banner-title-visibility":"","ast-main-header-display":"","ast-hfb-above-header-display":"","ast-hfb-below-header-display":"","ast-hfb-mobile-header-display":"","site-post-title":"","ast-breadcrumbs-content":"","ast-featured-img":"","footer-sml-layout":"","theme-transparent-header-meta":"","adv-header-id-meta":"","stick-header-meta":"","header-above-stick-meta":"","header-main-stick-meta":"","header-below-stick-meta":"","astra-migrate-meta-layouts":"default","ast-page-background-enabled":"default","ast-page-background-meta":{"desktop":{"background-color":"var(--ast-global-color-4)","background-image":"","background-repeat":"repeat","background-position":"center center","background-size":"auto","background-attachment":"scroll","background-type":"","background-media":"","overlay-type":"","overlay-color":"","overlay-opacity":"","overlay-gradient":""},"tablet":{"background-color":"","background-image":"","background-repeat":"repeat","background-position":"center center","background-size":"auto","background-attachment":"scroll","background-type":"","background-media":"","overlay-type":"","overlay-color":"","overlay-opacity":"","overlay-gradient":""},"mobile":{"background-color":"","background-image":"","background-repeat":"repeat","background-position":"center center","background-size":"auto","background-attachment":"scroll","background-type":"","background-media":"","overlay-type":"","overlay-color":"","overlay-opacity":"","overlay-gradient":""}},"ast-content-background-meta":{"desktop":{"background-color":"var(--ast-global-color-5)","background-image":"","background-repeat":"repeat","background-position":"center center","background-size":"auto","background-attachment":"scroll","background-type":"","background-media":"","overlay-type":"","overlay-color":"","overlay-opacity":"","overlay-gradient":""},"tablet":{"background-color":"var(--ast-global-color-5)","background-image":"","background-repeat":"repeat","background-position":"center center","background-size":"auto","background-attachment":"scroll","background-type":"","background-media":"","overlay-type":"","overlay-color":"","overlay-opacity":"","overlay-gradient":""},"mobile":{"background-color":"var(--ast-global-color-5)","background-image":"","background-repeat":"repeat","background-position":"center center","background-size":"auto","background-attachment":"scroll","background-type":"","background-media":"","overlay-type":"","overlay-color":"","overlay-opacity":"","overlay-gradient":""}}},"product_brand":[],"product_cat":[161,158,162,166,170],"product_tag":[],"class_list":{"0":"post-10550","1":"product","2":"type-product","3":"status-publish","4":"has-post-thumbnail","6":"product_cat-vest-produkt-kjemi","7":"product_cat-vaskemidler","8":"product_cat-forvask","9":"product_cat-bilsjampo","10":"product_cat-handvask","11":"desktop-align-left","12":"tablet-align-left","13":"mobile-align-left","15":"first","16":"instock","17":"taxable","18":"shipping-taxable","19":"purchasable","20":"product-type-variable","21":"has-default-attributes"},"_links":{"self":[{"href":"https:\/\/dev.sm360.no\/obb\/wp-json\/wp\/v2\/product\/10550","targetHints":{"allow":["GET"]}}],"collection":[{"href":"https:\/\/dev.sm360.no\/obb\/wp-json\/wp\/v2\/product"}],"about":[{"href":"https:\/\/dev.sm360.no\/obb\/wp-json\/wp\/v2\/types\/product"}],"version-history":[{"count":1,"href":"https:\/\/dev.sm360.no\/obb\/wp-json\/wp\/v2\/product\/10550\/revisions"}],"predecessor-version":[{"id":11029,"href":"https:\/\/dev.sm360.no\/obb\/wp-json\/wp\/v2\/product\/10550\/revisions\/11029"}],"wp:featuredmedia":[{"embeddable":true,"href":"https:\/\/dev.sm360.no\/obb\/wp-json\/wp\/v2\/media\/11028"}],"wp:attachment":[{"href":"https:\/\/dev.sm360.no\/obb\/wp-json\/wp\/v2\/media?parent=10550"}],"wp:term":[{"taxonomy":"product_brand","embeddable":true,"href":"https:\/\/dev.sm360.no\/obb\/wp-json\/wp\/v2\/product_brand?post=10550"},{"taxonomy":"product_cat","embeddable":true,"href":"https:\/\/dev.sm360.no\/obb\/wp-json\/wp\/v2\/product_cat?post=10550"},{"taxonomy":"product_tag","embeddable":true,"href":"https:\/\/dev.sm360.no\/obb\/wp-json\/wp\/v2\/product_tag?post=10550"}],"curies":[{"name":"wp","href":"https:\/\/api.w.org\/{rel}","templated":true}]}}