{"id":10555,"date":"2024-05-14T11:20:19","date_gmt":"2024-05-14T11:20:19","guid":{"rendered":"https:\/\/dev.sm360.no\/obb\/?post_type=product&#038;p=10555"},"modified":"2024-05-19T03:39:01","modified_gmt":"2024-05-19T03:39:01","slug":"vp-avfetting-ekstra-5l-25l","status":"publish","type":"product","link":"https:\/\/dev.sm360.no\/obb\/produkt\/vp-avfetting-ekstra-5l-25l\/","title":{"rendered":"VP AVFETTING EKSTRA 5L &#8211; 25L"},"content":{"rendered":"<p><b>Avfetting EKSRA er basert p\u00e5 alifatiske hydrokarboner med et meget lavt aromat innhold.\u00a0<\/b><\/p>\n<p>Avfetting Ekstra er en ferdig bruksl\u00f8sning som fjerner meget effektivt olje- og<br \/>\nasfaltflekker, veisalt, fett- og tj\u00e6reflekker. Avfetting Ekstra angriper ikke metaller, lakk eller gummi. Sprayes p\u00e5 med lavtrykksspr\u00f8yter og spyles av med vann etter 2 &#8211; 3 minutter.<\/p>\n<p><strong>Bruksomr\u00e5de:<\/strong><br \/>\nRengj\u00f8ring av harde flater p\u00e5 transportmateriell, anlegg, landbruksmaskiner, biler, busser,<br \/>\nlastebiler, trucker, kraner, motorer, oljetils\u00f8lte betonggulv og sm\u00f8regraver. Avfetting<br \/>\nEkstra kan brukes til manuell vask, p\u00e5f\u00f8ring gjennom lavtrykkspr\u00f8yter eller i delevaskemaskiner. Etter avfetting i \u00e5pne kar (15 &#8211; 60 min.) gir skylling med varmt vann best resultat.<br \/>\n<strong>Bruksanvisning:<\/strong><\/p>\n<p>Dosering: P\u00e5f\u00f8ring i ferdig bruksl\u00f8sning. Tilfredstiller kravene til vaske- og av fettingsmidler i forskrifter om utslipp av oljeholdig avl\u00f8psvann, og bruk og merking av vaske- og avfettingsmidler.<\/p>\n<p><strong>Egenskaper:<\/strong><\/p>\n<p>Kan ikke blandes i vann. Ikke korroderende. Moderat lukt, biologisk nedbrytbar.<br \/>\nVannl\u00f8selig i alle forhold.<\/p>\n<p>&nbsp;<\/p>\n<p>[jet_fb_form form_id=&raquo;2537&#8243; submit_type=&raquo;reload&raquo; required_mark=&raquo;*&raquo; fields_layout=&raquo;column&raquo; enable_progress=&raquo;&raquo; fields_label_tag=&raquo;div&raquo; load_nonce=&raquo;render&raquo; use_csrf=&raquo;&raquo;]<\/p>\n","protected":false},"excerpt":{"rendered":"<p><b>Avfetting EKSRA er basert p\u00e5 alifatiske hydrokarboner med et meget lavt aromat innhold.\u00a0<\/b><\/p>\n<p><strong>Bruksomr\u00e5de:<\/strong><br \/>\nRengj\u00f8ring av harde flater p\u00e5 transportmateriell, anlegg, landbruksmaskiner, biler, busser,<br \/>\nlastebiler, trucker, kraner, motorer, oljetils\u00f8lte betonggulv og sm\u00f8regraver. Avfetting<br \/>\nEkstra kan brukes til manuell vask, p\u00e5f\u00f8ring gjennom lavtrykkspr\u00f8yter eller i delevaskemaskiner. Etter avfetting i \u00e5pne kar (15 &#8211; 60 min.) gir skylling med varmt vann best resultat.<\/p>\n<p>Legg p\u00e5 produktet opp til ca midten av bilen samt hele bakluka og la det fungere i 5min +<\/p>\n<p>Legg deretter alkalisk skums\u00e5pe over avfetting ekstra og la denne fungere sammen i ca 5 minutter.<\/p>\n<p>H\u00f8ytrykkspyl kj\u00f8ret\u00f8y og gjenta ved behov.<\/p>\n","protected":false},"featured_media":10814,"template":"","meta":{"inline_featured_image":false,"site-sidebar-layout":"default","site-content-layout":"","ast-site-content-layout":"","site-content-style":"default","site-sidebar-style":"default","ast-global-header-display":"","ast-banner-title-visibility":"","ast-main-header-display":"","ast-hfb-above-header-display":"","ast-hfb-below-header-display":"","ast-hfb-mobile-header-display":"","site-post-title":"","ast-breadcrumbs-content":"","ast-featured-img":"","footer-sml-layout":"","theme-transparent-header-meta":"","adv-header-id-meta":"","stick-header-meta":"","header-above-stick-meta":"","header-main-stick-meta":"","header-below-stick-meta":"","astra-migrate-meta-layouts":"default","ast-page-background-enabled":"default","ast-page-background-meta":{"desktop":{"background-color":"var(--ast-global-color-4)","background-image":"","background-repeat":"repeat","background-position":"center center","background-size":"auto","background-attachment":"scroll","background-type":"","background-media":"","overlay-type":"","overlay-color":"","overlay-opacity":"","overlay-gradient":""},"tablet":{"background-color":"","background-image":"","background-repeat":"repeat","background-position":"center center","background-size":"auto","background-attachment":"scroll","background-type":"","background-media":"","overlay-type":"","overlay-color":"","overlay-opacity":"","overlay-gradient":""},"mobile":{"background-color":"","background-image":"","background-repeat":"repeat","background-position":"center center","background-size":"auto","background-attachment":"scroll","background-type":"","background-media":"","overlay-type":"","overlay-color":"","overlay-opacity":"","overlay-gradient":""}},"ast-content-background-meta":{"desktop":{"background-color":"var(--ast-global-color-5)","background-image":"","background-repeat":"repeat","background-position":"center center","background-size":"auto","background-attachment":"scroll","background-type":"","background-media":"","overlay-type":"","overlay-color":"","overlay-opacity":"","overlay-gradient":""},"tablet":{"background-color":"var(--ast-global-color-5)","background-image":"","background-repeat":"repeat","background-position":"center center","background-size":"auto","background-attachment":"scroll","background-type":"","background-media":"","overlay-type":"","overlay-color":"","overlay-opacity":"","overlay-gradient":""},"mobile":{"background-color":"var(--ast-global-color-5)","background-image":"","background-repeat":"repeat","background-position":"center center","background-size":"auto","background-attachment":"scroll","background-type":"","background-media":"","overlay-type":"","overlay-color":"","overlay-opacity":"","overlay-gradient":""}}},"product_brand":[],"product_cat":[161,158,160],"product_tag":[],"class_list":{"0":"post-10555","1":"product","2":"type-product","3":"status-publish","4":"has-post-thumbnail","6":"product_cat-vest-produkt-kjemi","7":"product_cat-vaskemidler","8":"product_cat-avfetting","9":"desktop-align-left","10":"tablet-align-left","11":"mobile-align-left","13":"first","14":"instock","15":"featured","16":"taxable","17":"shipping-taxable","18":"purchasable","19":"product-type-variable"},"_links":{"self":[{"href":"https:\/\/dev.sm360.no\/obb\/wp-json\/wp\/v2\/product\/10555","targetHints":{"allow":["GET"]}}],"collection":[{"href":"https:\/\/dev.sm360.no\/obb\/wp-json\/wp\/v2\/product"}],"about":[{"href":"https:\/\/dev.sm360.no\/obb\/wp-json\/wp\/v2\/types\/product"}],"version-history":[{"count":1,"href":"https:\/\/dev.sm360.no\/obb\/wp-json\/wp\/v2\/product\/10555\/revisions"}],"predecessor-version":[{"id":10815,"href":"https:\/\/dev.sm360.no\/obb\/wp-json\/wp\/v2\/product\/10555\/revisions\/10815"}],"wp:featuredmedia":[{"embeddable":true,"href":"https:\/\/dev.sm360.no\/obb\/wp-json\/wp\/v2\/media\/10814"}],"wp:attachment":[{"href":"https:\/\/dev.sm360.no\/obb\/wp-json\/wp\/v2\/media?parent=10555"}],"wp:term":[{"taxonomy":"product_brand","embeddable":true,"href":"https:\/\/dev.sm360.no\/obb\/wp-json\/wp\/v2\/product_brand?post=10555"},{"taxonomy":"product_cat","embeddable":true,"href":"https:\/\/dev.sm360.no\/obb\/wp-json\/wp\/v2\/product_cat?post=10555"},{"taxonomy":"product_tag","embeddable":true,"href":"https:\/\/dev.sm360.no\/obb\/wp-json\/wp\/v2\/product_tag?post=10555"}],"curies":[{"name":"wp","href":"https:\/\/api.w.org\/{rel}","templated":true}]}}