{"id":10568,"date":"2024-05-14T11:20:20","date_gmt":"2024-05-14T11:20:20","guid":{"rendered":"https:\/\/dev.sm360.no\/obb\/?post_type=product&#038;p=10568"},"modified":"2025-03-05T10:16:00","modified_gmt":"2025-03-05T10:16:00","slug":"hoytrykkslange-1-4-8m-m22-1-lags","status":"publish","type":"product","link":"https:\/\/dev.sm360.no\/obb\/produkt\/hoytrykkslange-1-4-8m-m22-1-lags\/","title":{"rendered":"H\u00d8YTRYKKSLANGE 1\/4&#8243; 8M M22 1-LAGS"},"content":{"rendered":"<p>H\u00f8ytrykkslange 1\/4&#8243; st\u00e5larmert. Brukes standard p\u00e5 proff maskiner, og til \u00e5 forlenge eksisterende slanger. Maks. temperatur 150\u00b0C og maks. arbeidstrykk 210 bar. &laquo;<\/p>\n","protected":false},"excerpt":{"rendered":"<table class=\"alternate-rows mb-5\">\n<tbody>\n<tr>\n<td>Varenummer: TBAP26473<\/td>\n<\/tr>\n<tr>\n<td>EAN-nr: 7050480264730<\/td>\n<\/tr>\n<tr>\n<td>Trykk: 210 bar<\/td>\n<\/tr>\n<tr>\n<td>Armering: St\u00e5l<\/td>\n<\/tr>\n<tr>\n<td>Antall lag: 1- lags<\/td>\n<\/tr>\n<tr>\n<td>Inngang: 1\/4&#8243; innv. gjenger<\/td>\n<\/tr>\n<tr>\n<td>Utgang: M22 innv. gjenger<\/td>\n<\/tr>\n<tr>\n<td>Temperatur: 150 \u00b0C<\/td>\n<\/tr>\n<tr>\n<td>Lengde: 8 m<\/td>\n<\/tr>\n<\/tbody>\n<\/table>\n","protected":false},"featured_media":11314,"template":"","meta":{"inline_featured_image":false,"site-sidebar-layout":"default","site-content-layout":"","ast-site-content-layout":"","site-content-style":"default","site-sidebar-style":"default","ast-global-header-display":"","ast-banner-title-visibility":"","ast-main-header-display":"","ast-hfb-above-header-display":"","ast-hfb-below-header-display":"","ast-hfb-mobile-header-display":"","site-post-title":"","ast-breadcrumbs-content":"","ast-featured-img":"","footer-sml-layout":"","theme-transparent-header-meta":"","adv-header-id-meta":"","stick-header-meta":"","header-above-stick-meta":"","header-main-stick-meta":"","header-below-stick-meta":"","astra-migrate-meta-layouts":"default","ast-page-background-enabled":"default","ast-page-background-meta":{"desktop":{"background-color":"var(--ast-global-color-4)","background-image":"","background-repeat":"repeat","background-position":"center center","background-size":"auto","background-attachment":"scroll","background-type":"","background-media":"","overlay-type":"","overlay-color":"","overlay-opacity":"","overlay-gradient":""},"tablet":{"background-color":"","background-image":"","background-repeat":"repeat","background-position":"center center","background-size":"auto","background-attachment":"scroll","background-type":"","background-media":"","overlay-type":"","overlay-color":"","overlay-opacity":"","overlay-gradient":""},"mobile":{"background-color":"","background-image":"","background-repeat":"repeat","background-position":"center center","background-size":"auto","background-attachment":"scroll","background-type":"","background-media":"","overlay-type":"","overlay-color":"","overlay-opacity":"","overlay-gradient":""}},"ast-content-background-meta":{"desktop":{"background-color":"var(--ast-global-color-5)","background-image":"","background-repeat":"repeat","background-position":"center center","background-size":"auto","background-attachment":"scroll","background-type":"","background-media":"","overlay-type":"","overlay-color":"","overlay-opacity":"","overlay-gradient":""},"tablet":{"background-color":"var(--ast-global-color-5)","background-image":"","background-repeat":"repeat","background-position":"center center","background-size":"auto","background-attachment":"scroll","background-type":"","background-media":"","overlay-type":"","overlay-color":"","overlay-opacity":"","overlay-gradient":""},"mobile":{"background-color":"var(--ast-global-color-5)","background-image":"","background-repeat":"repeat","background-position":"center center","background-size":"auto","background-attachment":"scroll","background-type":"","background-media":"","overlay-type":"","overlay-color":"","overlay-opacity":"","overlay-gradient":""}}},"product_brand":[],"product_cat":[190,191],"product_tag":[],"class_list":{"0":"post-10568","1":"product","2":"type-product","3":"status-publish","4":"has-post-thumbnail","6":"product_cat-slanger","7":"product_cat-1-4","8":"desktop-align-left","9":"tablet-align-left","10":"mobile-align-left","12":"first","13":"instock","14":"featured","15":"taxable","16":"shipping-taxable","17":"purchasable","18":"product-type-variable","19":"has-default-attributes"},"_links":{"self":[{"href":"https:\/\/dev.sm360.no\/obb\/wp-json\/wp\/v2\/product\/10568","targetHints":{"allow":["GET"]}}],"collection":[{"href":"https:\/\/dev.sm360.no\/obb\/wp-json\/wp\/v2\/product"}],"about":[{"href":"https:\/\/dev.sm360.no\/obb\/wp-json\/wp\/v2\/types\/product"}],"version-history":[{"count":1,"href":"https:\/\/dev.sm360.no\/obb\/wp-json\/wp\/v2\/product\/10568\/revisions"}],"predecessor-version":[{"id":11315,"href":"https:\/\/dev.sm360.no\/obb\/wp-json\/wp\/v2\/product\/10568\/revisions\/11315"}],"wp:featuredmedia":[{"embeddable":true,"href":"https:\/\/dev.sm360.no\/obb\/wp-json\/wp\/v2\/media\/11314"}],"wp:attachment":[{"href":"https:\/\/dev.sm360.no\/obb\/wp-json\/wp\/v2\/media?parent=10568"}],"wp:term":[{"taxonomy":"product_brand","embeddable":true,"href":"https:\/\/dev.sm360.no\/obb\/wp-json\/wp\/v2\/product_brand?post=10568"},{"taxonomy":"product_cat","embeddable":true,"href":"https:\/\/dev.sm360.no\/obb\/wp-json\/wp\/v2\/product_cat?post=10568"},{"taxonomy":"product_tag","embeddable":true,"href":"https:\/\/dev.sm360.no\/obb\/wp-json\/wp\/v2\/product_tag?post=10568"}],"curies":[{"name":"wp","href":"https:\/\/api.w.org\/{rel}","templated":true}]}}