{"id":10597,"date":"2024-05-14T11:20:22","date_gmt":"2024-05-14T11:20:22","guid":{"rendered":"https:\/\/dev.sm360.no\/obb\/?post_type=product&#038;p=10597"},"modified":"2024-05-19T03:39:02","modified_gmt":"2024-05-19T03:39:02","slug":"tarremover-5l-25l","status":"publish","type":"product","link":"https:\/\/dev.sm360.no\/obb\/produkt\/tarremover-5l-25l\/","title":{"rendered":"TarRemover (5L &#8211; 25L)"},"content":{"rendered":"<p style=\"font-weight: 400;\">TarRemover er kraftig men sk\u00e5nsom, og fungerer p\u00e5 b\u00e5de t\u00f8rre og v\u00e5te overflater. Det kan ogs\u00e5 med fordel p\u00e5f\u00f8res f\u00f8r bruk av td. &laquo;POWER FOAM GREEN&raquo; eller &raquo; CITRUS FOAM&raquo; .<\/p>\n<p style=\"font-weight: 400;\"><strong>Tips<\/strong>:<\/p>\n<p style=\"font-weight: 400;\">P\u00e5f\u00f8r TAR REMOVER med lavtrykkspr\u00f8yte og la den virke i 3-5min, deretter p\u00e5f\u00f8rer du -POWER FOAM GREEN \u2013 i skumkanon.<\/p>\n<p style=\"font-weight: 400;\">La dette virke i lag 2-4 minutter.<\/p>\n<p style=\"font-weight: 400;\">Deretter spyler du av.<\/p>\n<p style=\"font-weight: 400;\">Neste steg blir da \u00e5 h\u00e5ndveske bilen med din favoritt shampoo, gjerne Wash&amp;Wax fra Vest Produkt.<\/p>\n","protected":false},"excerpt":{"rendered":"<p style=\"font-weight: 400;\">TarRemover er eit supert produkt som effektivt l\u00f8ser opp olje, fett, skitt og annet smuss. Her f\u00e5r man et produkt som er godt egnet som allround avfettingsmiddel for biler, maskiner, gaffeltrucker, lastebiler, garasjer, motorer, chassis, motordeler, etc.<\/p>\n","protected":false},"featured_media":11033,"template":"","meta":{"inline_featured_image":false,"site-sidebar-layout":"default","site-content-layout":"","ast-site-content-layout":"","site-content-style":"default","site-sidebar-style":"default","ast-global-header-display":"","ast-banner-title-visibility":"","ast-main-header-display":"","ast-hfb-above-header-display":"","ast-hfb-below-header-display":"","ast-hfb-mobile-header-display":"","site-post-title":"","ast-breadcrumbs-content":"","ast-featured-img":"","footer-sml-layout":"","theme-transparent-header-meta":"","adv-header-id-meta":"","stick-header-meta":"","header-above-stick-meta":"","header-main-stick-meta":"","header-below-stick-meta":"","astra-migrate-meta-layouts":"default","ast-page-background-enabled":"default","ast-page-background-meta":{"desktop":{"background-color":"var(--ast-global-color-4)","background-image":"","background-repeat":"repeat","background-position":"center center","background-size":"auto","background-attachment":"scroll","background-type":"","background-media":"","overlay-type":"","overlay-color":"","overlay-opacity":"","overlay-gradient":""},"tablet":{"background-color":"","background-image":"","background-repeat":"repeat","background-position":"center center","background-size":"auto","background-attachment":"scroll","background-type":"","background-media":"","overlay-type":"","overlay-color":"","overlay-opacity":"","overlay-gradient":""},"mobile":{"background-color":"","background-image":"","background-repeat":"repeat","background-position":"center center","background-size":"auto","background-attachment":"scroll","background-type":"","background-media":"","overlay-type":"","overlay-color":"","overlay-opacity":"","overlay-gradient":""}},"ast-content-background-meta":{"desktop":{"background-color":"var(--ast-global-color-5)","background-image":"","background-repeat":"repeat","background-position":"center center","background-size":"auto","background-attachment":"scroll","background-type":"","background-media":"","overlay-type":"","overlay-color":"","overlay-opacity":"","overlay-gradient":""},"tablet":{"background-color":"var(--ast-global-color-5)","background-image":"","background-repeat":"repeat","background-position":"center center","background-size":"auto","background-attachment":"scroll","background-type":"","background-media":"","overlay-type":"","overlay-color":"","overlay-opacity":"","overlay-gradient":""},"mobile":{"background-color":"var(--ast-global-color-5)","background-image":"","background-repeat":"repeat","background-position":"center center","background-size":"auto","background-attachment":"scroll","background-type":"","background-media":"","overlay-type":"","overlay-color":"","overlay-opacity":"","overlay-gradient":""}}},"product_brand":[],"product_cat":[161,158,160,164,159],"product_tag":[],"class_list":{"0":"post-10597","1":"product","2":"type-product","3":"status-publish","4":"has-post-thumbnail","6":"product_cat-vest-produkt-kjemi","7":"product_cat-vaskemidler","8":"product_cat-avfetting","9":"product_cat-felgvask","10":"product_cat-andre-renseprodukter","11":"desktop-align-left","12":"tablet-align-left","13":"mobile-align-left","15":"first","16":"instock","17":"taxable","18":"shipping-taxable","19":"purchasable","20":"product-type-variable","21":"has-default-attributes"},"_links":{"self":[{"href":"https:\/\/dev.sm360.no\/obb\/wp-json\/wp\/v2\/product\/10597","targetHints":{"allow":["GET"]}}],"collection":[{"href":"https:\/\/dev.sm360.no\/obb\/wp-json\/wp\/v2\/product"}],"about":[{"href":"https:\/\/dev.sm360.no\/obb\/wp-json\/wp\/v2\/types\/product"}],"version-history":[{"count":1,"href":"https:\/\/dev.sm360.no\/obb\/wp-json\/wp\/v2\/product\/10597\/revisions"}],"predecessor-version":[{"id":11034,"href":"https:\/\/dev.sm360.no\/obb\/wp-json\/wp\/v2\/product\/10597\/revisions\/11034"}],"wp:featuredmedia":[{"embeddable":true,"href":"https:\/\/dev.sm360.no\/obb\/wp-json\/wp\/v2\/media\/11033"}],"wp:attachment":[{"href":"https:\/\/dev.sm360.no\/obb\/wp-json\/wp\/v2\/media?parent=10597"}],"wp:term":[{"taxonomy":"product_brand","embeddable":true,"href":"https:\/\/dev.sm360.no\/obb\/wp-json\/wp\/v2\/product_brand?post=10597"},{"taxonomy":"product_cat","embeddable":true,"href":"https:\/\/dev.sm360.no\/obb\/wp-json\/wp\/v2\/product_cat?post=10597"},{"taxonomy":"product_tag","embeddable":true,"href":"https:\/\/dev.sm360.no\/obb\/wp-json\/wp\/v2\/product_tag?post=10597"}],"curies":[{"name":"wp","href":"https:\/\/api.w.org\/{rel}","templated":true}]}}