{"id":10601,"date":"2024-05-14T11:20:22","date_gmt":"2024-05-14T11:20:22","guid":{"rendered":"https:\/\/dev.sm360.no\/obb\/?post_type=product&#038;p=10601"},"modified":"2024-05-19T03:39:02","modified_gmt":"2024-05-19T03:39:02","slug":"power-foam-green-5l-25l","status":"publish","type":"product","link":"https:\/\/dev.sm360.no\/obb\/produkt\/power-foam-green-5l-25l\/","title":{"rendered":"Power Foam Green (5L &#8211; 25L)"},"content":{"rendered":"<p style=\"font-weight: 400;\">Super konsentrert forvask, som er sk\u00e5nsom mot lakkforsegling og chrome, noe som er en stor fordel.<\/p>\n<p style=\"font-weight: 400;\">Produsert for enkel og effektiv vedlikeholds vask.<\/p>\n<p style=\"font-weight: 400;\">Power Foam Green er etterkommeren fra den popul\u00e6re Power Foam!<\/p>\n<p>&nbsp;<\/p>\n<p style=\"font-weight: 400;\"><strong>N\u00e5 med ny formel som vil gi enda betre skum, effekt, duft og glans!<\/strong><\/p>\n<p style=\"font-weight: 400;\">&#8211; Legges p\u00e5 bil eller kj\u00f8ret\u00f8y etter eventuell avfetting ( TAR REMOVER )<\/p>\n<p style=\"font-weight: 400;\">&#8211; Legg godt p\u00e5 for god virketid, ogs\u00e5 i hjulhus.<\/p>\n<p style=\"font-weight: 400;\">&#8211; Spyles direkte av.<\/p>\n","protected":false},"excerpt":{"rendered":"<p style=\"font-weight: 400;\">Super konsentrert forvask, som er sk\u00e5nsom mot lakkforsegling og chrome, noe som er en stor fordel.<\/p>\n","protected":false},"featured_media":11037,"template":"","meta":{"inline_featured_image":false,"site-sidebar-layout":"default","site-content-layout":"","ast-site-content-layout":"","site-content-style":"default","site-sidebar-style":"default","ast-global-header-display":"","ast-banner-title-visibility":"","ast-main-header-display":"","ast-hfb-above-header-display":"","ast-hfb-below-header-display":"","ast-hfb-mobile-header-display":"","site-post-title":"","ast-breadcrumbs-content":"","ast-featured-img":"","footer-sml-layout":"","theme-transparent-header-meta":"","adv-header-id-meta":"","stick-header-meta":"","header-above-stick-meta":"","header-main-stick-meta":"","header-below-stick-meta":"","astra-migrate-meta-layouts":"default","ast-page-background-enabled":"default","ast-page-background-meta":{"desktop":{"background-color":"var(--ast-global-color-4)","background-image":"","background-repeat":"repeat","background-position":"center center","background-size":"auto","background-attachment":"scroll","background-type":"","background-media":"","overlay-type":"","overlay-color":"","overlay-opacity":"","overlay-gradient":""},"tablet":{"background-color":"","background-image":"","background-repeat":"repeat","background-position":"center center","background-size":"auto","background-attachment":"scroll","background-type":"","background-media":"","overlay-type":"","overlay-color":"","overlay-opacity":"","overlay-gradient":""},"mobile":{"background-color":"","background-image":"","background-repeat":"repeat","background-position":"center center","background-size":"auto","background-attachment":"scroll","background-type":"","background-media":"","overlay-type":"","overlay-color":"","overlay-opacity":"","overlay-gradient":""}},"ast-content-background-meta":{"desktop":{"background-color":"var(--ast-global-color-5)","background-image":"","background-repeat":"repeat","background-position":"center center","background-size":"auto","background-attachment":"scroll","background-type":"","background-media":"","overlay-type":"","overlay-color":"","overlay-opacity":"","overlay-gradient":""},"tablet":{"background-color":"var(--ast-global-color-5)","background-image":"","background-repeat":"repeat","background-position":"center center","background-size":"auto","background-attachment":"scroll","background-type":"","background-media":"","overlay-type":"","overlay-color":"","overlay-opacity":"","overlay-gradient":""},"mobile":{"background-color":"var(--ast-global-color-5)","background-image":"","background-repeat":"repeat","background-position":"center center","background-size":"auto","background-attachment":"scroll","background-type":"","background-media":"","overlay-type":"","overlay-color":"","overlay-opacity":"","overlay-gradient":""}}},"product_brand":[],"product_cat":[161,158,162,166,159],"product_tag":[],"class_list":{"0":"post-10601","1":"product","2":"type-product","3":"status-publish","4":"has-post-thumbnail","6":"product_cat-vest-produkt-kjemi","7":"product_cat-vaskemidler","8":"product_cat-forvask","9":"product_cat-bilsjampo","10":"product_cat-andre-renseprodukter","11":"desktop-align-left","12":"tablet-align-left","13":"mobile-align-left","15":"first","16":"instock","17":"taxable","18":"shipping-taxable","19":"purchasable","20":"product-type-variable","21":"has-default-attributes"},"_links":{"self":[{"href":"https:\/\/dev.sm360.no\/obb\/wp-json\/wp\/v2\/product\/10601","targetHints":{"allow":["GET"]}}],"collection":[{"href":"https:\/\/dev.sm360.no\/obb\/wp-json\/wp\/v2\/product"}],"about":[{"href":"https:\/\/dev.sm360.no\/obb\/wp-json\/wp\/v2\/types\/product"}],"version-history":[{"count":1,"href":"https:\/\/dev.sm360.no\/obb\/wp-json\/wp\/v2\/product\/10601\/revisions"}],"predecessor-version":[{"id":11038,"href":"https:\/\/dev.sm360.no\/obb\/wp-json\/wp\/v2\/product\/10601\/revisions\/11038"}],"wp:featuredmedia":[{"embeddable":true,"href":"https:\/\/dev.sm360.no\/obb\/wp-json\/wp\/v2\/media\/11037"}],"wp:attachment":[{"href":"https:\/\/dev.sm360.no\/obb\/wp-json\/wp\/v2\/media?parent=10601"}],"wp:term":[{"taxonomy":"product_brand","embeddable":true,"href":"https:\/\/dev.sm360.no\/obb\/wp-json\/wp\/v2\/product_brand?post=10601"},{"taxonomy":"product_cat","embeddable":true,"href":"https:\/\/dev.sm360.no\/obb\/wp-json\/wp\/v2\/product_cat?post=10601"},{"taxonomy":"product_tag","embeddable":true,"href":"https:\/\/dev.sm360.no\/obb\/wp-json\/wp\/v2\/product_tag?post=10601"}],"curies":[{"name":"wp","href":"https:\/\/api.w.org\/{rel}","templated":true}]}}