{"id":10766,"date":"2024-05-14T11:20:37","date_gmt":"2024-05-14T11:20:37","guid":{"rendered":"https:\/\/dev.sm360.no\/obb\/?post_type=product&#038;p=10766"},"modified":"2024-05-14T11:20:38","modified_gmt":"2024-05-14T11:20:38","slug":"pro-avfetting-hd-1000l","status":"publish","type":"product","link":"https:\/\/dev.sm360.no\/obb\/produkt\/pro-avfetting-hd-1000l\/","title":{"rendered":"PRO Avfetting HD 1000L"},"content":{"rendered":"<p>Pro Avfetting HD er et kraftig, konsentrert l\u00f8semiddelbasert avfettingsmiddel utviklet for rengj\u00f8ring av oljetilsmussede flater og deler. Egner seg til tyngre rengj\u00f8ringsoppgaver innenfor industri, verksteder og annet. Utmerket for krevende avfettingsjobber p\u00e5 motorer og maskiner samt til delevask. Inneholder emulgator slik at de rengjorte flater kan skylles rene med vann. Kan brukes konsenteret eller tynnes ut med diesel, parafin, eller white spirit<\/p>\n","protected":false},"excerpt":{"rendered":"<p>Pro Avfetting HD er et kraftig, konsentrert l\u00f8semiddelbasert avfettingsmiddel utviklet for rengj\u00f8ring av oljetilsmussede flater og deler. Egner seg til [&hellip;]<\/p>\n","protected":false},"featured_media":10794,"template":"","meta":{"inline_featured_image":false,"site-sidebar-layout":"default","site-content-layout":"","ast-site-content-layout":"","site-content-style":"default","site-sidebar-style":"default","ast-global-header-display":"","ast-banner-title-visibility":"","ast-main-header-display":"","ast-hfb-above-header-display":"","ast-hfb-below-header-display":"","ast-hfb-mobile-header-display":"","site-post-title":"","ast-breadcrumbs-content":"","ast-featured-img":"","footer-sml-layout":"","theme-transparent-header-meta":"","adv-header-id-meta":"","stick-header-meta":"","header-above-stick-meta":"","header-main-stick-meta":"","header-below-stick-meta":"","astra-migrate-meta-layouts":"default","ast-page-background-enabled":"default","ast-page-background-meta":{"desktop":{"background-color":"var(--ast-global-color-4)","background-image":"","background-repeat":"repeat","background-position":"center center","background-size":"auto","background-attachment":"scroll","background-type":"","background-media":"","overlay-type":"","overlay-color":"","overlay-opacity":"","overlay-gradient":""},"tablet":{"background-color":"","background-image":"","background-repeat":"repeat","background-position":"center center","background-size":"auto","background-attachment":"scroll","background-type":"","background-media":"","overlay-type":"","overlay-color":"","overlay-opacity":"","overlay-gradient":""},"mobile":{"background-color":"","background-image":"","background-repeat":"repeat","background-position":"center center","background-size":"auto","background-attachment":"scroll","background-type":"","background-media":"","overlay-type":"","overlay-color":"","overlay-opacity":"","overlay-gradient":""}},"ast-content-background-meta":{"desktop":{"background-color":"var(--ast-global-color-5)","background-image":"","background-repeat":"repeat","background-position":"center center","background-size":"auto","background-attachment":"scroll","background-type":"","background-media":"","overlay-type":"","overlay-color":"","overlay-opacity":"","overlay-gradient":""},"tablet":{"background-color":"var(--ast-global-color-5)","background-image":"","background-repeat":"repeat","background-position":"center center","background-size":"auto","background-attachment":"scroll","background-type":"","background-media":"","overlay-type":"","overlay-color":"","overlay-opacity":"","overlay-gradient":""},"mobile":{"background-color":"var(--ast-global-color-5)","background-image":"","background-repeat":"repeat","background-position":"center center","background-size":"auto","background-attachment":"scroll","background-type":"","background-media":"","overlay-type":"","overlay-color":"","overlay-opacity":"","overlay-gradient":""}}},"product_brand":[],"product_cat":[160],"product_tag":[],"class_list":{"0":"post-10766","1":"product","2":"type-product","3":"status-publish","4":"has-post-thumbnail","6":"product_cat-avfetting","7":"desktop-align-left","8":"tablet-align-left","9":"mobile-align-left","11":"first","12":"instock","13":"taxable","14":"shipping-taxable","15":"purchasable","16":"product-type-simple"},"_links":{"self":[{"href":"https:\/\/dev.sm360.no\/obb\/wp-json\/wp\/v2\/product\/10766","targetHints":{"allow":["GET"]}}],"collection":[{"href":"https:\/\/dev.sm360.no\/obb\/wp-json\/wp\/v2\/product"}],"about":[{"href":"https:\/\/dev.sm360.no\/obb\/wp-json\/wp\/v2\/types\/product"}],"version-history":[{"count":1,"href":"https:\/\/dev.sm360.no\/obb\/wp-json\/wp\/v2\/product\/10766\/revisions"}],"predecessor-version":[{"id":10795,"href":"https:\/\/dev.sm360.no\/obb\/wp-json\/wp\/v2\/product\/10766\/revisions\/10795"}],"wp:featuredmedia":[{"embeddable":true,"href":"https:\/\/dev.sm360.no\/obb\/wp-json\/wp\/v2\/media\/10794"}],"wp:attachment":[{"href":"https:\/\/dev.sm360.no\/obb\/wp-json\/wp\/v2\/media?parent=10766"}],"wp:term":[{"taxonomy":"product_brand","embeddable":true,"href":"https:\/\/dev.sm360.no\/obb\/wp-json\/wp\/v2\/product_brand?post=10766"},{"taxonomy":"product_cat","embeddable":true,"href":"https:\/\/dev.sm360.no\/obb\/wp-json\/wp\/v2\/product_cat?post=10766"},{"taxonomy":"product_tag","embeddable":true,"href":"https:\/\/dev.sm360.no\/obb\/wp-json\/wp\/v2\/product_tag?post=10766"}],"curies":[{"name":"wp","href":"https:\/\/api.w.org\/{rel}","templated":true}]}}