{"id":10793,"date":"2024-05-14T11:20:38","date_gmt":"2024-05-14T11:20:38","guid":{"rendered":"https:\/\/dev.sm360.no\/obb\/?post_type=product&#038;p=10793"},"modified":"2024-05-14T11:20:42","modified_gmt":"2024-05-14T11:20:42","slug":"koch-chemie-magic-wheel-cleaner-felgrens","status":"publish","type":"product","link":"https:\/\/dev.sm360.no\/obb\/produkt\/koch-chemie-magic-wheel-cleaner-felgrens\/","title":{"rendered":"Koch-Chemie Magic Wheel Cleaner \u2013 Felgrens"},"content":{"rendered":"<p>N\u00e5r vi skriver at det er en veldig effektiv felgrens, s\u00e5 mener vi det.\u00a0<strong>Denne er rett og slett magisk<\/strong>, derav navnet.<\/p>\n<p>Ganske tyktflytende og henger godt p\u00e5 felgene.<\/p>\n<p>Den inneholder sporstoff som reagerer med metallpartikler og gj\u00f8r at det f\u00e5r en lilla tone. P\u00e5f\u00f8res felger enkelt med sprayflasken (n\u00e5r du kj\u00f8per 500ml). For st\u00f8rre kvantum anbefaler vi en annen\u00a0<a href=\"https:\/\/detailshop.no\/produkt\/koch-chemie-sprayflaske-star\/\">sprayflaske<\/a>. P\u00e5f\u00f8r fra side til side og opp og ned. La virke i et par-tre minutter, la fargen blomstre litt, deretter skyll godt av. For \u00e5 f\u00e5 et enda bedre resultat kan du g\u00e5 p\u00e5 med en\u00a0<a href=\"https:\/\/detailshop.no\/produkt\/vikan-felgborste-spiral-myk\/\">felgb\u00f8rste<\/a>\u00a0mekanisk, og\u00a0<a href=\"https:\/\/detailshop.no\/produkt\/koch-chemie-alkaline-wheel-cleaner-5l\/\">alkalisk forvask<\/a>\u00a0for \u00e5 ta rester av organisk skitt. Vi anbefaler \u00e5 bruke alkalisk s\u00e5pe til dekkene, samt en\u00a0<a href=\"https:\/\/detailshop.no\/produkt\/vikan-borste-negl\/\">stiv b\u00f8rste<\/a>\u00a0for \u00e5 trekke ut gammel skitt og f\u00e5 dekksidene svarte og fine igjen.<\/p>\n<p>Rist flasken godt f\u00f8r bruk s\u00e5 kjemikaliene blander seg.<\/p>\n<p>Magic Wheel Cleaner er syrefri, s\u00e5 stoffet etser ikke overflaten, men skyll uansett godt av, og benytt hansker under p\u00e5f\u00f8ring og bruk.<\/p>\n","protected":false},"excerpt":{"rendered":"<div class=\"container section-title-container\">\n<div class=\"container section-title-container\">\n<div class=\"container section-title-container\">\n<div class=\"container section-title-container\">\n<div class=\"product-short-description\">\n<p>Veldig effektiv felgrens, middels ok lukt.<\/p>\n<\/div>\n<div class=\"yith-wcwl-add-to-wishlist add-to-wishlist-33879  wishlist-fragment on-first-load\" data-fragment-ref=\"33879\" data-fragment-options=\"{&quot;base_url&quot;:&quot;&quot;,&quot;in_default_wishlist&quot;:false,&quot;is_single&quot;:false,&quot;show_exists&quot;:true,&quot;product_id&quot;:33879,&quot;parent_product_id&quot;:33879,&quot;product_type&quot;:&quot;variable&quot;,&quot;show_view&quot;:false,&quot;browse_wishlist_text&quot;:&quot;Se gjennom u00f8nskeliste&quot;,&quot;already_in_wishslist_text&quot;:&quot;Produktet er allerede pu00e5 u00f8nskelisten!&quot;,&quot;product_added_text&quot;:&quot;Produkt lagt til!&quot;,&quot;heading_icon&quot;:&quot;fa-heart&quot;,&quot;available_multi_wishlist&quot;:false,&quot;disable_wishlist&quot;:true,&quot;show_count&quot;:false,&quot;ajax_loading&quot;:false,&quot;loop_position&quot;:&quot;after_add_to_cart&quot;,&quot;product_image&quot;:&quot;&quot;,&quot;label_popup&quot;:&quot;Legg til u00f8nskeliste&quot;,&quot;add_to_wishlist_modal&quot;:&quot;yes&quot;,&quot;item&quot;:&quot;add_to_wishlist&quot;}\">\n<div class=\"yith-wcwl-add-button\"><\/div>\n<\/div>\n<\/div>\n<\/div>\n<\/div>\n<\/div>\n","protected":false},"featured_media":10821,"template":"","meta":{"inline_featured_image":false,"site-sidebar-layout":"default","site-content-layout":"","ast-site-content-layout":"","site-content-style":"default","site-sidebar-style":"default","ast-global-header-display":"","ast-banner-title-visibility":"","ast-main-header-display":"","ast-hfb-above-header-display":"","ast-hfb-below-header-display":"","ast-hfb-mobile-header-display":"","site-post-title":"","ast-breadcrumbs-content":"","ast-featured-img":"","footer-sml-layout":"","theme-transparent-header-meta":"","adv-header-id-meta":"","stick-header-meta":"","header-above-stick-meta":"","header-main-stick-meta":"","header-below-stick-meta":"","astra-migrate-meta-layouts":"default","ast-page-background-enabled":"default","ast-page-background-meta":{"desktop":{"background-color":"var(--ast-global-color-4)","background-image":"","background-repeat":"repeat","background-position":"center center","background-size":"auto","background-attachment":"scroll","background-type":"","background-media":"","overlay-type":"","overlay-color":"","overlay-opacity":"","overlay-gradient":""},"tablet":{"background-color":"","background-image":"","background-repeat":"repeat","background-position":"center center","background-size":"auto","background-attachment":"scroll","background-type":"","background-media":"","overlay-type":"","overlay-color":"","overlay-opacity":"","overlay-gradient":""},"mobile":{"background-color":"","background-image":"","background-repeat":"repeat","background-position":"center center","background-size":"auto","background-attachment":"scroll","background-type":"","background-media":"","overlay-type":"","overlay-color":"","overlay-opacity":"","overlay-gradient":""}},"ast-content-background-meta":{"desktop":{"background-color":"var(--ast-global-color-5)","background-image":"","background-repeat":"repeat","background-position":"center center","background-size":"auto","background-attachment":"scroll","background-type":"","background-media":"","overlay-type":"","overlay-color":"","overlay-opacity":"","overlay-gradient":""},"tablet":{"background-color":"var(--ast-global-color-5)","background-image":"","background-repeat":"repeat","background-position":"center center","background-size":"auto","background-attachment":"scroll","background-type":"","background-media":"","overlay-type":"","overlay-color":"","overlay-opacity":"","overlay-gradient":""},"mobile":{"background-color":"var(--ast-global-color-5)","background-image":"","background-repeat":"repeat","background-position":"center center","background-size":"auto","background-attachment":"scroll","background-type":"","background-media":"","overlay-type":"","overlay-color":"","overlay-opacity":"","overlay-gradient":""}}},"product_brand":[],"product_cat":[163,158,164],"product_tag":[],"class_list":{"0":"post-10793","1":"product","2":"type-product","3":"status-publish","4":"has-post-thumbnail","6":"product_cat-koch-chemie","7":"product_cat-vaskemidler","8":"product_cat-felgvask","9":"desktop-align-left","10":"tablet-align-left","11":"mobile-align-left","13":"first","14":"instock","15":"taxable","16":"shipping-taxable","17":"purchasable","18":"product-type-simple"},"_links":{"self":[{"href":"https:\/\/dev.sm360.no\/obb\/wp-json\/wp\/v2\/product\/10793","targetHints":{"allow":["GET"]}}],"collection":[{"href":"https:\/\/dev.sm360.no\/obb\/wp-json\/wp\/v2\/product"}],"about":[{"href":"https:\/\/dev.sm360.no\/obb\/wp-json\/wp\/v2\/types\/product"}],"version-history":[{"count":1,"href":"https:\/\/dev.sm360.no\/obb\/wp-json\/wp\/v2\/product\/10793\/revisions"}],"predecessor-version":[{"id":10822,"href":"https:\/\/dev.sm360.no\/obb\/wp-json\/wp\/v2\/product\/10793\/revisions\/10822"}],"wp:featuredmedia":[{"embeddable":true,"href":"https:\/\/dev.sm360.no\/obb\/wp-json\/wp\/v2\/media\/10821"}],"wp:attachment":[{"href":"https:\/\/dev.sm360.no\/obb\/wp-json\/wp\/v2\/media?parent=10793"}],"wp:term":[{"taxonomy":"product_brand","embeddable":true,"href":"https:\/\/dev.sm360.no\/obb\/wp-json\/wp\/v2\/product_brand?post=10793"},{"taxonomy":"product_cat","embeddable":true,"href":"https:\/\/dev.sm360.no\/obb\/wp-json\/wp\/v2\/product_cat?post=10793"},{"taxonomy":"product_tag","embeddable":true,"href":"https:\/\/dev.sm360.no\/obb\/wp-json\/wp\/v2\/product_tag?post=10793"}],"curies":[{"name":"wp","href":"https:\/\/api.w.org\/{rel}","templated":true}]}}