{"id":10823,"date":"2024-05-14T11:20:43","date_gmt":"2024-05-14T11:20:43","guid":{"rendered":"https:\/\/dev.sm360.no\/obb\/?post_type=product&#038;p=10823"},"modified":"2024-05-14T11:20:45","modified_gmt":"2024-05-14T11:20:45","slug":"colourlock-clean-care-set-for-artificial-leather","status":"publish","type":"product","link":"https:\/\/dev.sm360.no\/obb\/produkt\/colourlock-clean-care-set-for-artificial-leather\/","title":{"rendered":"Colourlock Clean &#038; Care Set for Artificial Leather"},"content":{"rendered":"<p>Dette finner du i esken:<\/p>\n<ul>\n<li>Strong Vinyl Cleaner 150ml<\/li>\n<li>Vinyl Protector 150ml<\/li>\n<li>B\u00f8rste for bruk med rens<\/li>\n<li>Svamp for p\u00e5f\u00f8ring av beskyttelse<\/li>\n<li>2 stk viskosekluter<\/li>\n<\/ul>\n<h2>S\u00e5nn bruker du Colourlock Clean &amp; Care Set for Artificial Leather<\/h2>\n<ul>\n<li>St\u00f8vsug omr\u00e5det som skal rengj\u00f8res.<\/li>\n<li>P\u00e5f\u00f8r rens i b\u00f8rsten, og bearbeid omr\u00e5det uten press.<\/li>\n<li>Fjern rens og m\u00f8kk med en t\u00f8rr eller fuktig mikrofiber.<\/li>\n<li>P\u00e5f\u00f8r et tynt lag Vinyl Protector med viskoseklut og la luftt\u00f8rke.<\/li>\n<\/ul>\n","protected":false},"excerpt":{"rendered":"<div class=\"container section-title-container\">\n<div class=\"container section-title-container\">\n<div class=\"container section-title-container\">\n<div class=\"container section-title-container\">\n<p class=\"section-title section-title-normal\">Pleiesett med alt du trenger for grundig rens og beskyttelse av kunstskinn, vinyl og plastoverflater. Bruk Strong Vinyl Cleaner i kombinasjon med b\u00f8rsten for \u00e5 rengj\u00f8re overflaten, og Vinyl Protector forsegler overflaten uten \u00e5 p\u00e5virke glansen.<\/p>\n<\/div>\n<\/div>\n<\/div>\n<\/div>\n","protected":false},"featured_media":10852,"template":"","meta":{"inline_featured_image":false,"site-sidebar-layout":"default","site-content-layout":"","ast-site-content-layout":"","site-content-style":"default","site-sidebar-style":"default","ast-global-header-display":"","ast-banner-title-visibility":"","ast-main-header-display":"","ast-hfb-above-header-display":"","ast-hfb-below-header-display":"","ast-hfb-mobile-header-display":"","site-post-title":"","ast-breadcrumbs-content":"","ast-featured-img":"","footer-sml-layout":"","theme-transparent-header-meta":"","adv-header-id-meta":"","stick-header-meta":"","header-above-stick-meta":"","header-main-stick-meta":"","header-below-stick-meta":"","astra-migrate-meta-layouts":"default","ast-page-background-enabled":"default","ast-page-background-meta":{"desktop":{"background-color":"var(--ast-global-color-4)","background-image":"","background-repeat":"repeat","background-position":"center center","background-size":"auto","background-attachment":"scroll","background-type":"","background-media":"","overlay-type":"","overlay-color":"","overlay-opacity":"","overlay-gradient":""},"tablet":{"background-color":"","background-image":"","background-repeat":"repeat","background-position":"center center","background-size":"auto","background-attachment":"scroll","background-type":"","background-media":"","overlay-type":"","overlay-color":"","overlay-opacity":"","overlay-gradient":""},"mobile":{"background-color":"","background-image":"","background-repeat":"repeat","background-position":"center center","background-size":"auto","background-attachment":"scroll","background-type":"","background-media":"","overlay-type":"","overlay-color":"","overlay-opacity":"","overlay-gradient":""}},"ast-content-background-meta":{"desktop":{"background-color":"var(--ast-global-color-5)","background-image":"","background-repeat":"repeat","background-position":"center center","background-size":"auto","background-attachment":"scroll","background-type":"","background-media":"","overlay-type":"","overlay-color":"","overlay-opacity":"","overlay-gradient":""},"tablet":{"background-color":"var(--ast-global-color-5)","background-image":"","background-repeat":"repeat","background-position":"center center","background-size":"auto","background-attachment":"scroll","background-type":"","background-media":"","overlay-type":"","overlay-color":"","overlay-opacity":"","overlay-gradient":""},"mobile":{"background-color":"var(--ast-global-color-5)","background-image":"","background-repeat":"repeat","background-position":"center center","background-size":"auto","background-attachment":"scroll","background-type":"","background-media":"","overlay-type":"","overlay-color":"","overlay-opacity":"","overlay-gradient":""}}},"product_brand":[],"product_cat":[163,158],"product_tag":[],"class_list":{"0":"post-10823","1":"product","2":"type-product","3":"status-publish","4":"has-post-thumbnail","6":"product_cat-koch-chemie","7":"product_cat-vaskemidler","8":"desktop-align-left","9":"tablet-align-left","10":"mobile-align-left","12":"first","13":"instock","14":"taxable","15":"shipping-taxable","16":"purchasable","17":"product-type-simple"},"_links":{"self":[{"href":"https:\/\/dev.sm360.no\/obb\/wp-json\/wp\/v2\/product\/10823","targetHints":{"allow":["GET"]}}],"collection":[{"href":"https:\/\/dev.sm360.no\/obb\/wp-json\/wp\/v2\/product"}],"about":[{"href":"https:\/\/dev.sm360.no\/obb\/wp-json\/wp\/v2\/types\/product"}],"version-history":[{"count":1,"href":"https:\/\/dev.sm360.no\/obb\/wp-json\/wp\/v2\/product\/10823\/revisions"}],"predecessor-version":[{"id":10853,"href":"https:\/\/dev.sm360.no\/obb\/wp-json\/wp\/v2\/product\/10823\/revisions\/10853"}],"wp:featuredmedia":[{"embeddable":true,"href":"https:\/\/dev.sm360.no\/obb\/wp-json\/wp\/v2\/media\/10852"}],"wp:attachment":[{"href":"https:\/\/dev.sm360.no\/obb\/wp-json\/wp\/v2\/media?parent=10823"}],"wp:term":[{"taxonomy":"product_brand","embeddable":true,"href":"https:\/\/dev.sm360.no\/obb\/wp-json\/wp\/v2\/product_brand?post=10823"},{"taxonomy":"product_cat","embeddable":true,"href":"https:\/\/dev.sm360.no\/obb\/wp-json\/wp\/v2\/product_cat?post=10823"},{"taxonomy":"product_tag","embeddable":true,"href":"https:\/\/dev.sm360.no\/obb\/wp-json\/wp\/v2\/product_tag?post=10823"}],"curies":[{"name":"wp","href":"https:\/\/api.w.org\/{rel}","templated":true}]}}