{"id":10825,"date":"2024-05-14T11:20:43","date_gmt":"2024-05-14T11:20:43","guid":{"rendered":"https:\/\/dev.sm360.no\/obb\/?post_type=product&#038;p=10825"},"modified":"2024-05-14T11:20:45","modified_gmt":"2024-05-14T11:20:45","slug":"koch-chemie-allround-surface-cleaner-500ml","status":"publish","type":"product","link":"https:\/\/dev.sm360.no\/obb\/produkt\/koch-chemie-allround-surface-cleaner-500ml\/","title":{"rendered":"Koch-Chemie Allround Surface Cleaner (500ML)"},"content":{"rendered":"<div class=\"product-short-description\">\n<div id=\"row-2103414253\" class=\"row\">\n<div id=\"col-750073063\" class=\"col medium-6 small-12 large-6\">\n<div class=\"col-inner text-left box-shadow-5\">\n<div class=\"container section-title-container\">\n<div id=\"row-845817695\" class=\"row\">\n<div id=\"col-309789799\" class=\"col medium-6 small-12 large-6\">\n<div class=\"col-inner text-left box-shadow-5\">\n<div class=\"container section-title-container\">\n<div class=\"product-title-container is-small\">\n<div class=\"product-short-description\">\n<div class=\"product-short-description\">\n<div class=\"product-short-description\">\n<p>Ferdigblandet rengj\u00f8ringsmiddel for alle overflater. Fjerner fingeravtrykk, fett, st\u00f8v og annet smuss. Etterlater ingen skjolder eller produktrester. Inneholder en liten andel alkohol for gode rengj\u00f8ringsegenskaper.<\/p>\n<\/div>\n<div class=\"yith-wcwl-add-to-wishlist add-to-wishlist-2889  wishlist-fragment on-first-load\" data-fragment-ref=\"2889\" data-fragment-options=\"{&quot;base_url&quot;:&quot;&quot;,&quot;in_default_wishlist&quot;:false,&quot;is_single&quot;:false,&quot;show_exists&quot;:true,&quot;product_id&quot;:2889,&quot;parent_product_id&quot;:2889,&quot;product_type&quot;:&quot;variable&quot;,&quot;show_view&quot;:false,&quot;browse_wishlist_text&quot;:&quot;Se gjennom u00f8nskeliste&quot;,&quot;already_in_wishslist_text&quot;:&quot;Produktet er allerede pu00e5 u00f8nskelisten!&quot;,&quot;product_added_text&quot;:&quot;Produkt lagt til!&quot;,&quot;heading_icon&quot;:&quot;fa-heart&quot;,&quot;available_multi_wishlist&quot;:false,&quot;disable_wishlist&quot;:true,&quot;show_count&quot;:false,&quot;ajax_loading&quot;:false,&quot;loop_position&quot;:&quot;after_add_to_cart&quot;,&quot;product_image&quot;:&quot;&quot;,&quot;label_popup&quot;:&quot;Legg til u00f8nskeliste&quot;,&quot;add_to_wishlist_modal&quot;:&quot;yes&quot;,&quot;item&quot;:&quot;add_to_wishlist&quot;}\">\n<div class=\"yith-wcwl-add-button\"><\/div>\n<\/div>\n<\/div>\n<\/div>\n<\/div>\n<\/div>\n<\/div>\n<\/div>\n<\/div>\n<\/div>\n<\/div>\n<\/div>\n<\/div>\n<\/div>\n","protected":false},"excerpt":{"rendered":"<div class=\"product-short-description\">\n<div class=\"product-short-description\">\n<div class=\"product-short-description\">\n<p>Allround Surface Cleaner kan ogs\u00e5 fint benyttes p\u00e5 glass- og pleksiglassflater som navigasjonsskjermer, pc-skjermer, TV\u2019er, vinduer etc. Etterlater som nevnt tidligere ingen hinne. Kombiner gjerne da med en\u00a0klut for glass, eller et\u00a0lofritt papir.<\/p>\n<\/div>\n<\/div>\n<\/div>\n","protected":false},"featured_media":10856,"template":"","meta":{"inline_featured_image":false,"site-sidebar-layout":"default","site-content-layout":"","ast-site-content-layout":"","site-content-style":"default","site-sidebar-style":"default","ast-global-header-display":"","ast-banner-title-visibility":"","ast-main-header-display":"","ast-hfb-above-header-display":"","ast-hfb-below-header-display":"","ast-hfb-mobile-header-display":"","site-post-title":"","ast-breadcrumbs-content":"","ast-featured-img":"","footer-sml-layout":"","theme-transparent-header-meta":"","adv-header-id-meta":"","stick-header-meta":"","header-above-stick-meta":"","header-main-stick-meta":"","header-below-stick-meta":"","astra-migrate-meta-layouts":"default","ast-page-background-enabled":"default","ast-page-background-meta":{"desktop":{"background-color":"var(--ast-global-color-4)","background-image":"","background-repeat":"repeat","background-position":"center center","background-size":"auto","background-attachment":"scroll","background-type":"","background-media":"","overlay-type":"","overlay-color":"","overlay-opacity":"","overlay-gradient":""},"tablet":{"background-color":"","background-image":"","background-repeat":"repeat","background-position":"center center","background-size":"auto","background-attachment":"scroll","background-type":"","background-media":"","overlay-type":"","overlay-color":"","overlay-opacity":"","overlay-gradient":""},"mobile":{"background-color":"","background-image":"","background-repeat":"repeat","background-position":"center center","background-size":"auto","background-attachment":"scroll","background-type":"","background-media":"","overlay-type":"","overlay-color":"","overlay-opacity":"","overlay-gradient":""}},"ast-content-background-meta":{"desktop":{"background-color":"var(--ast-global-color-5)","background-image":"","background-repeat":"repeat","background-position":"center center","background-size":"auto","background-attachment":"scroll","background-type":"","background-media":"","overlay-type":"","overlay-color":"","overlay-opacity":"","overlay-gradient":""},"tablet":{"background-color":"var(--ast-global-color-5)","background-image":"","background-repeat":"repeat","background-position":"center center","background-size":"auto","background-attachment":"scroll","background-type":"","background-media":"","overlay-type":"","overlay-color":"","overlay-opacity":"","overlay-gradient":""},"mobile":{"background-color":"var(--ast-global-color-5)","background-image":"","background-repeat":"repeat","background-position":"center center","background-size":"auto","background-attachment":"scroll","background-type":"","background-media":"","overlay-type":"","overlay-color":"","overlay-opacity":"","overlay-gradient":""}}},"product_brand":[],"product_cat":[163,158,165],"product_tag":[],"class_list":{"0":"post-10825","1":"product","2":"type-product","3":"status-publish","4":"has-post-thumbnail","6":"product_cat-koch-chemie","7":"product_cat-vaskemidler","8":"product_cat-interior","9":"desktop-align-left","10":"tablet-align-left","11":"mobile-align-left","13":"first","14":"instock","15":"taxable","16":"shipping-taxable","17":"purchasable","18":"product-type-simple"},"_links":{"self":[{"href":"https:\/\/dev.sm360.no\/obb\/wp-json\/wp\/v2\/product\/10825","targetHints":{"allow":["GET"]}}],"collection":[{"href":"https:\/\/dev.sm360.no\/obb\/wp-json\/wp\/v2\/product"}],"about":[{"href":"https:\/\/dev.sm360.no\/obb\/wp-json\/wp\/v2\/types\/product"}],"version-history":[{"count":1,"href":"https:\/\/dev.sm360.no\/obb\/wp-json\/wp\/v2\/product\/10825\/revisions"}],"predecessor-version":[{"id":10857,"href":"https:\/\/dev.sm360.no\/obb\/wp-json\/wp\/v2\/product\/10825\/revisions\/10857"}],"wp:featuredmedia":[{"embeddable":true,"href":"https:\/\/dev.sm360.no\/obb\/wp-json\/wp\/v2\/media\/10856"}],"wp:attachment":[{"href":"https:\/\/dev.sm360.no\/obb\/wp-json\/wp\/v2\/media?parent=10825"}],"wp:term":[{"taxonomy":"product_brand","embeddable":true,"href":"https:\/\/dev.sm360.no\/obb\/wp-json\/wp\/v2\/product_brand?post=10825"},{"taxonomy":"product_cat","embeddable":true,"href":"https:\/\/dev.sm360.no\/obb\/wp-json\/wp\/v2\/product_cat?post=10825"},{"taxonomy":"product_tag","embeddable":true,"href":"https:\/\/dev.sm360.no\/obb\/wp-json\/wp\/v2\/product_tag?post=10825"}],"curies":[{"name":"wp","href":"https:\/\/api.w.org\/{rel}","templated":true}]}}