{"id":10826,"date":"2024-05-14T11:20:44","date_gmt":"2024-05-14T11:20:44","guid":{"rendered":"https:\/\/dev.sm360.no\/obb\/?post_type=product&#038;p=10826"},"modified":"2024-05-14T11:20:45","modified_gmt":"2024-05-14T11:20:45","slug":"koch-chemie-autoshampoo-bilshampo-1l","status":"publish","type":"product","link":"https:\/\/dev.sm360.no\/obb\/produkt\/koch-chemie-autoshampoo-bilshampo-1l\/","title":{"rendered":"Koch-Chemie Autoshampoo \u2013 Bilshampo (1L)"},"content":{"rendered":"<div id=\"row-1803597145\" class=\"row\">\n<div id=\"col-1453484289\" class=\"col medium-6 small-12 large-6\">\n<div class=\"col-inner text-left box-shadow-5\">\n<div class=\"container section-title-container\">\n<h3 class=\"section-title section-title-normal\"><span class=\"section-title-main\">Autoshampoo: B\u00f8ttes\u00e5pe for h\u00e5ndvask<\/span><\/h3>\n<\/div>\n<div class=\"icon-box featured-box icon-box-left text-left\">\n<div class=\"icon-box-img\">\n<div class=\"icon\">\n<div class=\"icon-inner\"><img decoding=\"async\" class=\"attachment-medium size-medium\" src=\"https:\/\/detailshop.no\/wp-content\/uploads\/2023\/08\/As__1693278001.png\" sizes=\"(max-width: 124px) 100vw, 124px\" srcset=\"https:\/\/detailshop.no\/wp-content\/uploads\/2023\/08\/As__1693278001.png 124w, https:\/\/detailshop.no\/wp-content\/uploads\/2023\/08\/As__1693278001-100x100.png 100w, https:\/\/detailshop.no\/wp-content\/uploads\/2023\/08\/As__1693278001-64x64.png 64w\" alt=\"\" width=\"124\" height=\"124\" \/><\/div>\n<\/div>\n<\/div>\n<div class=\"icon-box-text last-reset\">\n<p>Bilsjampo for bruk i portvalvask eller til h\u00e5ndvask. \u00d8konomisk i bruk.<\/p>\n<\/div>\n<\/div>\n<\/div>\n<\/div>\n<div id=\"col-1019648541\" class=\"col medium-6 small-12 large-6\">\n<div class=\"col-inner box-shadow-5\">\n<div class=\"is-border\"><\/div>\n<div class=\"container section-title-container\">\n<h3 class=\"section-title section-title-normal\"><span class=\"section-title-main\">Produktinformasjon<\/span><\/h3>\n<\/div>\n<p><strong>pH-verdi:\u00a0<\/strong>9,0<strong><br \/>\nBlandingsforhold:<\/strong>\u00a01:150 (7ml pr L vann).<br \/>\n<strong>Bruksomr\u00e5der:<\/strong>\u00a0Ber\u00f8ringsvask<br \/>\n<strong>P\u00e5f\u00f8ringsmetoder:\u00a0<\/strong>Vaskeb\u00f8tte<\/p>\n<\/div>\n<\/div>\n<\/div>\n<div class=\"container section-title-container\">\n<h2 class=\"section-title section-title-normal\"><span class=\"section-title-main\">Produktbeskrivelse Koch-Chemie Autoshampoo<\/span><\/h2>\n<\/div>\n<p>As er en b\u00f8ttes\u00e5pe for h\u00e5ndvask med god lukt, god glid og god skumming. Prisen tatt i betraktning er den er av de mest \u00f8konomiske b\u00f8ttes\u00e5pene p\u00e5 markedet.<\/p>\n<div class=\"container section-title-container\">\n<h2 class=\"section-title section-title-normal\"><span class=\"section-title-main\">Slik bruker du Autoshampoo<\/span><\/h2>\n<\/div>\n<p>S\u00f8rg for at bilen er forvasket, og plassert i skyggen.<\/p>\n<ol>\n<li>Bland 1dl As pr. 15L vann i b\u00f8tta. Skum gjerne opp med h\u00f8ytrykkslansa nedi b\u00f8tta.<\/li>\n<li>Bruk en sk\u00e5nsom vaskehanske eller en god svamp, og vask panel for panel. Start \u00f8verst, kanalene til slutt!<\/li>\n<li>Spyl av ovenfra og ned og t\u00f8rk med et mikrofiber t\u00f8rkeh\u00e5ndkle.<\/li>\n<\/ol>\n","protected":false},"excerpt":{"rendered":"<div class=\"container section-title-container\">\n<div class=\"container section-title-container\">\n<div class=\"container section-title-container\">\n<div class=\"container section-title-container\">\n<div class=\"product-short-description\">\n<p>God shampoo for h\u00e5ndvask med pH 9. Denne brukes i blandingsforhold\u00a0<strong>1:150<\/strong>, det vil si ca. 1dl pr 15L vaskeb\u00f8tte.<\/p>\n<\/div>\n<\/div>\n<\/div>\n<\/div>\n<\/div>\n","protected":false},"featured_media":10858,"template":"","meta":{"inline_featured_image":false,"site-sidebar-layout":"default","site-content-layout":"","ast-site-content-layout":"","site-content-style":"default","site-sidebar-style":"default","ast-global-header-display":"","ast-banner-title-visibility":"","ast-main-header-display":"","ast-hfb-above-header-display":"","ast-hfb-below-header-display":"","ast-hfb-mobile-header-display":"","site-post-title":"","ast-breadcrumbs-content":"","ast-featured-img":"","footer-sml-layout":"","theme-transparent-header-meta":"","adv-header-id-meta":"","stick-header-meta":"","header-above-stick-meta":"","header-main-stick-meta":"","header-below-stick-meta":"","astra-migrate-meta-layouts":"default","ast-page-background-enabled":"default","ast-page-background-meta":{"desktop":{"background-color":"var(--ast-global-color-4)","background-image":"","background-repeat":"repeat","background-position":"center center","background-size":"auto","background-attachment":"scroll","background-type":"","background-media":"","overlay-type":"","overlay-color":"","overlay-opacity":"","overlay-gradient":""},"tablet":{"background-color":"","background-image":"","background-repeat":"repeat","background-position":"center center","background-size":"auto","background-attachment":"scroll","background-type":"","background-media":"","overlay-type":"","overlay-color":"","overlay-opacity":"","overlay-gradient":""},"mobile":{"background-color":"","background-image":"","background-repeat":"repeat","background-position":"center center","background-size":"auto","background-attachment":"scroll","background-type":"","background-media":"","overlay-type":"","overlay-color":"","overlay-opacity":"","overlay-gradient":""}},"ast-content-background-meta":{"desktop":{"background-color":"var(--ast-global-color-5)","background-image":"","background-repeat":"repeat","background-position":"center center","background-size":"auto","background-attachment":"scroll","background-type":"","background-media":"","overlay-type":"","overlay-color":"","overlay-opacity":"","overlay-gradient":""},"tablet":{"background-color":"var(--ast-global-color-5)","background-image":"","background-repeat":"repeat","background-position":"center center","background-size":"auto","background-attachment":"scroll","background-type":"","background-media":"","overlay-type":"","overlay-color":"","overlay-opacity":"","overlay-gradient":""},"mobile":{"background-color":"var(--ast-global-color-5)","background-image":"","background-repeat":"repeat","background-position":"center center","background-size":"auto","background-attachment":"scroll","background-type":"","background-media":"","overlay-type":"","overlay-color":"","overlay-opacity":"","overlay-gradient":""}}},"product_brand":[],"product_cat":[163,158,166],"product_tag":[],"class_list":{"0":"post-10826","1":"product","2":"type-product","3":"status-publish","4":"has-post-thumbnail","6":"product_cat-koch-chemie","7":"product_cat-vaskemidler","8":"product_cat-bilsjampo","9":"desktop-align-left","10":"tablet-align-left","11":"mobile-align-left","13":"first","14":"instock","15":"taxable","16":"shipping-taxable","17":"purchasable","18":"product-type-simple"},"_links":{"self":[{"href":"https:\/\/dev.sm360.no\/obb\/wp-json\/wp\/v2\/product\/10826","targetHints":{"allow":["GET"]}}],"collection":[{"href":"https:\/\/dev.sm360.no\/obb\/wp-json\/wp\/v2\/product"}],"about":[{"href":"https:\/\/dev.sm360.no\/obb\/wp-json\/wp\/v2\/types\/product"}],"version-history":[{"count":1,"href":"https:\/\/dev.sm360.no\/obb\/wp-json\/wp\/v2\/product\/10826\/revisions"}],"predecessor-version":[{"id":10859,"href":"https:\/\/dev.sm360.no\/obb\/wp-json\/wp\/v2\/product\/10826\/revisions\/10859"}],"wp:featuredmedia":[{"embeddable":true,"href":"https:\/\/dev.sm360.no\/obb\/wp-json\/wp\/v2\/media\/10858"}],"wp:attachment":[{"href":"https:\/\/dev.sm360.no\/obb\/wp-json\/wp\/v2\/media?parent=10826"}],"wp:term":[{"taxonomy":"product_brand","embeddable":true,"href":"https:\/\/dev.sm360.no\/obb\/wp-json\/wp\/v2\/product_brand?post=10826"},{"taxonomy":"product_cat","embeddable":true,"href":"https:\/\/dev.sm360.no\/obb\/wp-json\/wp\/v2\/product_cat?post=10826"},{"taxonomy":"product_tag","embeddable":true,"href":"https:\/\/dev.sm360.no\/obb\/wp-json\/wp\/v2\/product_tag?post=10826"}],"curies":[{"name":"wp","href":"https:\/\/api.w.org\/{rel}","templated":true}]}}