{"id":10827,"date":"2024-05-14T11:20:44","date_gmt":"2024-05-14T11:20:44","guid":{"rendered":"https:\/\/dev.sm360.no\/obb\/?post_type=product&#038;p=10827"},"modified":"2024-05-14T11:20:45","modified_gmt":"2024-05-14T11:20:45","slug":"koch-chemie-fine-cut-f6-01-enstegs-poleringspasta-250ml","status":"publish","type":"product","link":"https:\/\/dev.sm360.no\/obb\/produkt\/koch-chemie-fine-cut-f6-01-enstegs-poleringspasta-250ml\/","title":{"rendered":"Koch-Chemie Fine Cut F6.01 \u2013 Enstegs poleringspasta (250ml)"},"content":{"rendered":"<div class=\"product-short-description\">\n<div id=\"row-2103414253\" class=\"row\">\n<div id=\"col-750073063\" class=\"col medium-6 small-12 large-6\">\n<div class=\"col-inner text-left box-shadow-5\">\n<div class=\"container section-title-container\">\n<div id=\"row-845817695\" class=\"row\">\n<div id=\"col-309789799\" class=\"col medium-6 small-12 large-6\">\n<div class=\"col-inner text-left box-shadow-5\">\n<div class=\"container section-title-container\">\n<div class=\"product-title-container is-small\">\n<div class=\"product-short-description\">\n<div class=\"product-short-description\">\n<div class=\"product-short-description\">\n<div class=\"product-short-description\">\n<div class=\"product-short-description\">\n<div id=\"row-1848093137\" class=\"row\">\n<div id=\"col-673109656\" class=\"col medium-6 small-12 large-6\">\n<div class=\"col-inner text-left box-shadow-5\">\n<div class=\"container section-title-container\">\n<div class=\"product-short-description\">\n<h2>Hva kan du oppn\u00e5 med Fine Cut F6.01?<\/h2>\n<p>F6.01 Fine Cut er utviklet for \u00e5 v\u00e6re et enstegsprodukt for \u00e5 fjerne lette til mellomdype riper i myke og medium harde lakktyper. Den fjerner riper tilsvarende P2500 slipepapir. Det er ikke n\u00f8dvendig med finsteg etter denne. Hvis lakken er veldig slitt anbefaler vi H9.01 Heavy Cut som grovsteg, og M3.02 som finsteg.<\/p>\n<h2>Hvordan bruke Fine Cut F6.01?<\/h2>\n<p>F6.01 Fine Cut brukes med\u00a0<a href=\"https:\/\/detailshop.no\/produkt\/koch-chemie-fine-cut-pad\/\">Fine Cut Pad<\/a>, gjerne p\u00e5 en DA-maskin med 15mm utkast eller lignende. Begrens arbeidsomr\u00e5det til ca. 6 ganger padst\u00f8rrelsen, og beveg maskinen sakte. For mye middel gj\u00f8r at puten ikke oppn\u00e5r \u00f8nsket friksjon mot lakken, og det oppn\u00e5s ikke optimalt resultat.<\/p>\n<p><strong>Cut:<\/strong>\u00a06.0<br \/>\n<strong>Gloss:<\/strong>\u00a07.0<\/p>\n<\/div>\n<\/div>\n<\/div>\n<\/div>\n<\/div>\n<\/div>\n<\/div>\n<\/div>\n<\/div>\n<\/div>\n<\/div>\n<\/div>\n<\/div>\n<\/div>\n<\/div>\n<\/div>\n<\/div>\n<\/div>\n<\/div>\n<\/div>\n","protected":false},"excerpt":{"rendered":"<div class=\"product-short-description\">\n<div class=\"product-short-description\">\n<div class=\"product-short-description\">\n<div class=\"product-short-description\">\n<p>Medium poleringspasta.<\/p>\n<\/div>\n<div class=\"yith-wcwl-add-to-wishlist add-to-wishlist-18027  wishlist-fragment on-first-load\" data-fragment-ref=\"18027\" data-fragment-options=\"{&quot;base_url&quot;:&quot;&quot;,&quot;in_default_wishlist&quot;:false,&quot;is_single&quot;:false,&quot;show_exists&quot;:true,&quot;product_id&quot;:18027,&quot;parent_product_id&quot;:18027,&quot;product_type&quot;:&quot;variable&quot;,&quot;show_view&quot;:false,&quot;browse_wishlist_text&quot;:&quot;Se gjennom u00f8nskeliste&quot;,&quot;already_in_wishslist_text&quot;:&quot;Produktet er allerede pu00e5 u00f8nskelisten!&quot;,&quot;product_added_text&quot;:&quot;Produkt lagt til!&quot;,&quot;heading_icon&quot;:&quot;fa-heart&quot;,&quot;available_multi_wishlist&quot;:false,&quot;disable_wishlist&quot;:true,&quot;show_count&quot;:false,&quot;ajax_loading&quot;:false,&quot;loop_position&quot;:&quot;after_add_to_cart&quot;,&quot;product_image&quot;:&quot;&quot;,&quot;label_popup&quot;:&quot;Legg til u00f8nskeliste&quot;,&quot;add_to_wishlist_modal&quot;:&quot;yes&quot;,&quot;item&quot;:&quot;add_to_wishlist&quot;}\">\n<div class=\"yith-wcwl-add-button\"><\/div>\n<\/div>\n<\/div>\n<\/div>\n<\/div>\n","protected":false},"featured_media":10860,"template":"","meta":{"inline_featured_image":false,"site-sidebar-layout":"default","site-content-layout":"","ast-site-content-layout":"","site-content-style":"default","site-sidebar-style":"default","ast-global-header-display":"","ast-banner-title-visibility":"","ast-main-header-display":"","ast-hfb-above-header-display":"","ast-hfb-below-header-display":"","ast-hfb-mobile-header-display":"","site-post-title":"","ast-breadcrumbs-content":"","ast-featured-img":"","footer-sml-layout":"","theme-transparent-header-meta":"","adv-header-id-meta":"","stick-header-meta":"","header-above-stick-meta":"","header-main-stick-meta":"","header-below-stick-meta":"","astra-migrate-meta-layouts":"default","ast-page-background-enabled":"default","ast-page-background-meta":{"desktop":{"background-color":"var(--ast-global-color-4)","background-image":"","background-repeat":"repeat","background-position":"center center","background-size":"auto","background-attachment":"scroll","background-type":"","background-media":"","overlay-type":"","overlay-color":"","overlay-opacity":"","overlay-gradient":""},"tablet":{"background-color":"","background-image":"","background-repeat":"repeat","background-position":"center center","background-size":"auto","background-attachment":"scroll","background-type":"","background-media":"","overlay-type":"","overlay-color":"","overlay-opacity":"","overlay-gradient":""},"mobile":{"background-color":"","background-image":"","background-repeat":"repeat","background-position":"center center","background-size":"auto","background-attachment":"scroll","background-type":"","background-media":"","overlay-type":"","overlay-color":"","overlay-opacity":"","overlay-gradient":""}},"ast-content-background-meta":{"desktop":{"background-color":"var(--ast-global-color-5)","background-image":"","background-repeat":"repeat","background-position":"center center","background-size":"auto","background-attachment":"scroll","background-type":"","background-media":"","overlay-type":"","overlay-color":"","overlay-opacity":"","overlay-gradient":""},"tablet":{"background-color":"var(--ast-global-color-5)","background-image":"","background-repeat":"repeat","background-position":"center center","background-size":"auto","background-attachment":"scroll","background-type":"","background-media":"","overlay-type":"","overlay-color":"","overlay-opacity":"","overlay-gradient":""},"mobile":{"background-color":"var(--ast-global-color-5)","background-image":"","background-repeat":"repeat","background-position":"center center","background-size":"auto","background-attachment":"scroll","background-type":"","background-media":"","overlay-type":"","overlay-color":"","overlay-opacity":"","overlay-gradient":""}}},"product_brand":[],"product_cat":[163,158,167,168],"product_tag":[],"class_list":{"0":"post-10827","1":"product","2":"type-product","3":"status-publish","4":"has-post-thumbnail","6":"product_cat-koch-chemie","7":"product_cat-vaskemidler","8":"product_cat-polering","9":"product_cat-poleringsmiddel","10":"desktop-align-left","11":"tablet-align-left","12":"mobile-align-left","14":"first","15":"instock","16":"taxable","17":"shipping-taxable","18":"purchasable","19":"product-type-simple"},"_links":{"self":[{"href":"https:\/\/dev.sm360.no\/obb\/wp-json\/wp\/v2\/product\/10827","targetHints":{"allow":["GET"]}}],"collection":[{"href":"https:\/\/dev.sm360.no\/obb\/wp-json\/wp\/v2\/product"}],"about":[{"href":"https:\/\/dev.sm360.no\/obb\/wp-json\/wp\/v2\/types\/product"}],"version-history":[{"count":1,"href":"https:\/\/dev.sm360.no\/obb\/wp-json\/wp\/v2\/product\/10827\/revisions"}],"predecessor-version":[{"id":10861,"href":"https:\/\/dev.sm360.no\/obb\/wp-json\/wp\/v2\/product\/10827\/revisions\/10861"}],"wp:featuredmedia":[{"embeddable":true,"href":"https:\/\/dev.sm360.no\/obb\/wp-json\/wp\/v2\/media\/10860"}],"wp:attachment":[{"href":"https:\/\/dev.sm360.no\/obb\/wp-json\/wp\/v2\/media?parent=10827"}],"wp:term":[{"taxonomy":"product_brand","embeddable":true,"href":"https:\/\/dev.sm360.no\/obb\/wp-json\/wp\/v2\/product_brand?post=10827"},{"taxonomy":"product_cat","embeddable":true,"href":"https:\/\/dev.sm360.no\/obb\/wp-json\/wp\/v2\/product_cat?post=10827"},{"taxonomy":"product_tag","embeddable":true,"href":"https:\/\/dev.sm360.no\/obb\/wp-json\/wp\/v2\/product_tag?post=10827"}],"curies":[{"name":"wp","href":"https:\/\/api.w.org\/{rel}","templated":true}]}}