{"id":10829,"date":"2024-05-14T11:20:44","date_gmt":"2024-05-14T11:20:44","guid":{"rendered":"https:\/\/dev.sm360.no\/obb\/?post_type=product&#038;p=10829"},"modified":"2025-03-05T09:37:59","modified_gmt":"2025-03-05T09:37:59","slug":"koch-chemie-green-star-all-purpose-cleaner-5l","status":"publish","type":"product","link":"https:\/\/dev.sm360.no\/obb\/produkt\/koch-chemie-green-star-all-purpose-cleaner-5l\/","title":{"rendered":"Koch-Chemie Green Star \u2013 All Purp. Cleaner (5L)"},"content":{"rendered":"<p>Green Star er et av de eldste produktene i\u00a0<a href=\"https:\/\/detailshop.no\/koch-chemie-sitt-produktsystem\/\">Koch-Chemie sitt produktsystem<\/a>. Det kan brukes til rengj\u00f8ring av verkstedgulv, motorrom, utvendige flater p\u00e5 kj\u00f8ret\u00f8y og nyttekj\u00f8ret\u00f8y, etc. Pga korrosjonsinhibitorer har Green Star h\u00f8y materialkompabilitet, og er velegnet for materialer som f. eks eloksert aluminium. Hvis du \u00f8nsker \u00e5 bruke Green Star med tepperenser anbefaler vi tilsetning av skumdemper.<\/p>\n<div class=\"container section-title-container\">\n<h2 class=\"section-title section-title-normal\"><span class=\"section-title-main\">S\u00e5nn bruker du Green Star<\/span><\/h2>\n<\/div>\n<h4>For utvendig vask av kj\u00f8ret\u00f8y<\/h4>\n<p>Bland ut med vann til \u00f8nsket konsentrasjon. Husk at en skumkanon ogs\u00e5 tilsetter vann fra h\u00f8ytrykksspyleren.<\/p>\n<ol>\n<li>P\u00e5f\u00f8r hele overflaten som skal rengj\u00f8res, og la virke 2-5 minutter.<\/li>\n<li>Spyl grundig av med en h\u00f8ytrykksspyler, gjerne nedenfra og opp for \u00e5 ha best kontroll p\u00e5 avspylingen.<\/li>\n<li>S\u00f8rg for at alle produktrester spyles godt av.<\/li>\n<li>F\u00f8lg gjerne opp med h\u00e5ndvask.<\/li>\n<\/ol>\n<h4>For innvendig vask av kj\u00f8ret\u00f8y<\/h4>\n<p>Green Star er godt egnet for rengj\u00f8ring av plast, vinyl, gummilister, pedaler, gulvmatter og lignende. Skal ikke brukes p\u00e5 skinn eller navigasjonsskjermer.<\/p>\n<p>Bland ut med vann til \u00f8nsket konsentrasjon p\u00e5 sprayflaske eller Tornador.<\/p>\n<ol>\n<li>Spray direkte p\u00e5 omr\u00e5det som skal rengj\u00f8res.<\/li>\n<li>Hvis n\u00f8dvendig, bearbeid med en egnet b\u00f8rste<\/li>\n<li>T\u00f8rk over med en fuktig mikrofiberklut, s\u00f8rg for \u00e5 fjerne alle produktrester.<\/li>\n<li>La luftt\u00f8rke.<\/li>\n<li>Gjenta hvis n\u00f8dvendig.<\/li>\n<\/ol>\n","protected":false},"excerpt":{"rendered":"<div class=\"container section-title-container\">\n<div class=\"container section-title-container\">\n<div class=\"container section-title-container\">\n<div class=\"container section-title-container\">\n<div class=\"product-short-description\">\n<p>H\u00f8ytskummende, alkalisk APC (All Purpose Cleaner). P\u00e5 godt norsk universalrengj\u00f8rer, til bruk i\u00a0<a href=\"https:\/\/detailshop.no\/produktkategori\/vask\/hoytrykk\/skumkanoner\/\">skumkanon<\/a>\u00a0eller med sprayflaske. L\u00f8sner m\u00f8kk, enkelt og greit.<\/p>\n<\/div>\n<\/div>\n<\/div>\n<\/div>\n<\/div>\n","protected":false},"featured_media":10865,"template":"","meta":{"inline_featured_image":false,"site-sidebar-layout":"default","site-content-layout":"","ast-site-content-layout":"","site-content-style":"default","site-sidebar-style":"default","ast-global-header-display":"","ast-banner-title-visibility":"","ast-main-header-display":"","ast-hfb-above-header-display":"","ast-hfb-below-header-display":"","ast-hfb-mobile-header-display":"","site-post-title":"","ast-breadcrumbs-content":"","ast-featured-img":"","footer-sml-layout":"","theme-transparent-header-meta":"","adv-header-id-meta":"","stick-header-meta":"","header-above-stick-meta":"","header-main-stick-meta":"","header-below-stick-meta":"","astra-migrate-meta-layouts":"default","ast-page-background-enabled":"default","ast-page-background-meta":{"desktop":{"background-color":"var(--ast-global-color-4)","background-image":"","background-repeat":"repeat","background-position":"center center","background-size":"auto","background-attachment":"scroll","background-type":"","background-media":"","overlay-type":"","overlay-color":"","overlay-opacity":"","overlay-gradient":""},"tablet":{"background-color":"","background-image":"","background-repeat":"repeat","background-position":"center center","background-size":"auto","background-attachment":"scroll","background-type":"","background-media":"","overlay-type":"","overlay-color":"","overlay-opacity":"","overlay-gradient":""},"mobile":{"background-color":"","background-image":"","background-repeat":"repeat","background-position":"center center","background-size":"auto","background-attachment":"scroll","background-type":"","background-media":"","overlay-type":"","overlay-color":"","overlay-opacity":"","overlay-gradient":""}},"ast-content-background-meta":{"desktop":{"background-color":"var(--ast-global-color-5)","background-image":"","background-repeat":"repeat","background-position":"center center","background-size":"auto","background-attachment":"scroll","background-type":"","background-media":"","overlay-type":"","overlay-color":"","overlay-opacity":"","overlay-gradient":""},"tablet":{"background-color":"var(--ast-global-color-5)","background-image":"","background-repeat":"repeat","background-position":"center center","background-size":"auto","background-attachment":"scroll","background-type":"","background-media":"","overlay-type":"","overlay-color":"","overlay-opacity":"","overlay-gradient":""},"mobile":{"background-color":"var(--ast-global-color-5)","background-image":"","background-repeat":"repeat","background-position":"center center","background-size":"auto","background-attachment":"scroll","background-type":"","background-media":"","overlay-type":"","overlay-color":"","overlay-opacity":"","overlay-gradient":""}}},"product_brand":[],"product_cat":[163,158,162,166,165,164,170,171],"product_tag":[],"class_list":{"0":"post-10829","1":"product","2":"type-product","3":"status-publish","4":"has-post-thumbnail","6":"product_cat-koch-chemie","7":"product_cat-vaskemidler","8":"product_cat-forvask","9":"product_cat-bilsjampo","10":"product_cat-interior","11":"product_cat-felgvask","12":"product_cat-handvask","13":"product_cat-motorvask","14":"desktop-align-left","15":"tablet-align-left","16":"mobile-align-left","18":"first","19":"instock","20":"taxable","21":"shipping-taxable","22":"purchasable","23":"product-type-simple"},"_links":{"self":[{"href":"https:\/\/dev.sm360.no\/obb\/wp-json\/wp\/v2\/product\/10829","targetHints":{"allow":["GET"]}}],"collection":[{"href":"https:\/\/dev.sm360.no\/obb\/wp-json\/wp\/v2\/product"}],"about":[{"href":"https:\/\/dev.sm360.no\/obb\/wp-json\/wp\/v2\/types\/product"}],"version-history":[{"count":2,"href":"https:\/\/dev.sm360.no\/obb\/wp-json\/wp\/v2\/product\/10829\/revisions"}],"predecessor-version":[{"id":13235,"href":"https:\/\/dev.sm360.no\/obb\/wp-json\/wp\/v2\/product\/10829\/revisions\/13235"}],"wp:featuredmedia":[{"embeddable":true,"href":"https:\/\/dev.sm360.no\/obb\/wp-json\/wp\/v2\/media\/10865"}],"wp:attachment":[{"href":"https:\/\/dev.sm360.no\/obb\/wp-json\/wp\/v2\/media?parent=10829"}],"wp:term":[{"taxonomy":"product_brand","embeddable":true,"href":"https:\/\/dev.sm360.no\/obb\/wp-json\/wp\/v2\/product_brand?post=10829"},{"taxonomy":"product_cat","embeddable":true,"href":"https:\/\/dev.sm360.no\/obb\/wp-json\/wp\/v2\/product_cat?post=10829"},{"taxonomy":"product_tag","embeddable":true,"href":"https:\/\/dev.sm360.no\/obb\/wp-json\/wp\/v2\/product_tag?post=10829"}],"curies":[{"name":"wp","href":"https:\/\/api.w.org\/{rel}","templated":true}]}}