{"id":10831,"date":"2024-05-14T11:20:44","date_gmt":"2024-05-14T11:20:44","guid":{"rendered":"https:\/\/dev.sm360.no\/obb\/?post_type=product&#038;p=10831"},"modified":"2024-05-14T11:20:46","modified_gmt":"2024-05-14T11:20:46","slug":"koch-chemie-heavy-cut-h9-02-grovt-poleringsmiddel","status":"publish","type":"product","link":"https:\/\/dev.sm360.no\/obb\/produkt\/koch-chemie-heavy-cut-h9-02-grovt-poleringsmiddel\/","title":{"rendered":"Koch-Chemie Heavy Cut H9.02 \u2013 Grovt poleringsmiddel"},"content":{"rendered":"<div class=\"product-short-description\">\n<div id=\"row-2103414253\" class=\"row\">\n<div id=\"col-750073063\" class=\"col medium-6 small-12 large-6\">\n<div class=\"col-inner text-left box-shadow-5\">\n<div class=\"container section-title-container\">\n<div id=\"row-845817695\" class=\"row\">\n<div id=\"col-309789799\" class=\"col medium-6 small-12 large-6\">\n<div class=\"col-inner text-left box-shadow-5\">\n<div class=\"container section-title-container\">\n<div class=\"product-title-container is-small\">\n<div class=\"product-short-description\">\n<div class=\"product-short-description\">\n<div class=\"product-short-description\">\n<div class=\"product-short-description\">\n<div class=\"product-short-description\">\n<div id=\"row-1848093137\" class=\"row\">\n<div id=\"col-673109656\" class=\"col medium-6 small-12 large-6\">\n<div class=\"col-inner text-left box-shadow-5\">\n<div class=\"container section-title-container\">\n<h3 class=\"section-title section-title-normal\"><span class=\"section-title-main\">Heavy Cut H9.02 &#8211; Grovt poleringsmiddel<\/span><\/h3>\n<\/div>\n<div class=\"icon-box featured-box icon-box-left text-left\">\n<div class=\"icon-box-img\">\n<div class=\"icon\">\n<div class=\"icon-inner\"><img decoding=\"async\" class=\"attachment-medium size-medium\" src=\"https:\/\/detailshop.no\/wp-content\/uploads\/2021\/09\/H9.01.png\" sizes=\"(max-width: 124px) 100vw, 124px\" srcset=\"https:\/\/detailshop.no\/wp-content\/uploads\/2021\/09\/H9.01.png 124w, https:\/\/detailshop.no\/wp-content\/uploads\/2021\/09\/H9.01-100x100.png 100w, https:\/\/detailshop.no\/wp-content\/uploads\/2021\/09\/H9.01-64x64.png 64w\" alt=\"\" width=\"124\" height=\"124\" \/><\/div>\n<\/div>\n<\/div>\n<div class=\"icon-box-text last-reset\">\n<p>Poleringspasta for bruk med poleringsmaskin. Ved riktig bruk fjerner den dype riper og rydder opp i sterkt forvitret lakk. Fjerner slipespor ned til 1200P. For best mulig resultat, avslutt med et finsteg, f. eks Micro Cut M3.02.<\/p>\n<\/div>\n<\/div>\n<\/div>\n<\/div>\n<div id=\"col-491905665\" class=\"col medium-6 small-12 large-6\">\n<div class=\"col-inner box-shadow-5\">\n<div class=\"is-border\"><\/div>\n<div class=\"container section-title-container\">\n<h3 class=\"section-title section-title-normal\"><span class=\"section-title-main\">Produktinformasjon<\/span><\/h3>\n<\/div>\n<p><strong>Tilgjengelige volum:\u00a0<\/strong>250ml, 1000ml.<br \/>\n<strong>Slipegrad:<\/strong>\u00a09 av 10.<br \/>\n<strong>Glansgrad:\u00a0<\/strong>6 av 10.<\/p>\n<\/div>\n<\/div>\n<\/div>\n<div class=\"container section-title-container\">\n<h2 class=\"section-title section-title-normal\"><span class=\"section-title-main\">Produktbeskrivelse Koch-Chemie Heavy Cut H9.02<\/span><\/h2>\n<\/div>\n<p>Koch-Chemie Heavy Cut H9.02 er et avansert poleringsmiddel for bruk med roterende og oscillerende poleringsmaskiner. P\u00e5 grunn av sv\u00e6rt homogene slipekorn av aluminiumoksid oppn\u00e5r man effektiv ripefjerning og relativt god glans slipegraden tatt i betraktning. H9.02 er laget for \u00e5 brukes som grovsteg f\u00f8r polering med Micro Cut M3.02 eller Micro Cut &amp; Finish P3.01.<\/p>\n<p>For mest mulig effektiv korrigering brukes langh\u00e5ret lammeullspute p\u00e5 roterende poleringsmaskin. For bruk med Dual Action maskin anbefaler vi Heavy Cut Pad i skum.<\/p>\n<div class=\"container section-title-container\">\n<h3 class=\"section-title section-title-normal\"><span class=\"section-title-main\">S\u00e5nn bruker du Heavy Cut H9.02<\/span><\/h3>\n<\/div>\n<p>S\u00f8rg for at lakken er fri for forurensninger ved \u00e5 utf\u00f8re grundig vask etterfulgt av claying.<\/p>\n<ol>\n<li>P\u00e5f\u00f8r fire-fem erter med Heavy Cut p\u00e5 poleringsputa. For mye middel gj\u00f8r at poleringsputa ikke korrigerer lakken effektivt, det samme gjelder hvis du har p\u00e5 for lite.<\/li>\n<li>Begrens arbeidsomr\u00e5det til ca. 6 ganger st\u00f8rrelsen p\u00e5 poleringspaden, og fordel produktet utover f\u00f8r du starter opp maskinen.<\/li>\n<li>Start p\u00e5 lav hastighet, for \u00e5 spre produktet ytterligere.<\/li>\n<li>\u00d8k hastighet til 3-4 (varierer ettersom maskin, men aldri full guffe).<\/li>\n<li>Beveg maskinen sakte, 1-2cm pr sekund, i kryssm\u00f8nster (#) over arbeidsflaten. Gjenta 2-3 ganger. S\u00f8rg for at produktet kj\u00f8res helt ut. Dette ser du ved at det blir et oljete sl\u00f8r der du har korrigert.<\/li>\n<li>Bruk kontrollspray\/wipedown for \u00e5 t\u00f8rke av overflaten og inspisere resultatet. Bruk en stiv b\u00f8rste, eller aller helst trykkluft for \u00e5 bl\u00e5se ren paden etter et fullf\u00f8rt pass. Da f\u00e5r du ut produktrester og lakkpartikler.<\/li>\n<li>Gjenta pkt 1.-5. hvis ytterligere defekter skal fjernes.<\/li>\n<li>N\u00e5r \u00f8nsket resultat er oppn\u00e5dd g\u00e5r du videre til neste arbeidsomr\u00e5de!<\/li>\n<\/ol>\n<h3>Noen ekstra tips:<\/h3>\n<ul>\n<li>S\u00f8rg for god belysning n\u00e5r du inspiserer lakken.<\/li>\n<li>V\u00e6r varsom over knekker og profiler, her vil det \u201cgrave\u201d ekstra p\u00e5 klarlakken du har til r\u00e5dighet.<\/li>\n<li>Ikke legg press p\u00e5 maskinen!<\/li>\n<\/ul>\n<\/div>\n<\/div>\n<\/div>\n<\/div>\n<\/div>\n<\/div>\n<\/div>\n<\/div>\n<\/div>\n<\/div>\n<\/div>\n<\/div>\n<\/div>\n<\/div>\n<\/div>\n","protected":false},"excerpt":{"rendered":"<div class=\"product-short-description\">\n<div class=\"product-short-description\">\n<div class=\"product-short-description\">\n<p>Grov poleringspasta for bruk med DA eller roterende maskin. Fjerner effektivt riper og defekter, med lang kj\u00f8retid og veldig lite st\u00f8v. F\u00f8lges opp med f. eks M3.02 Micro Cut.<\/p>\n<\/div>\n<\/div>\n<\/div>\n","protected":false},"featured_media":10869,"template":"","meta":{"inline_featured_image":false,"site-sidebar-layout":"default","site-content-layout":"","ast-site-content-layout":"","site-content-style":"default","site-sidebar-style":"default","ast-global-header-display":"","ast-banner-title-visibility":"","ast-main-header-display":"","ast-hfb-above-header-display":"","ast-hfb-below-header-display":"","ast-hfb-mobile-header-display":"","site-post-title":"","ast-breadcrumbs-content":"","ast-featured-img":"","footer-sml-layout":"","theme-transparent-header-meta":"","adv-header-id-meta":"","stick-header-meta":"","header-above-stick-meta":"","header-main-stick-meta":"","header-below-stick-meta":"","astra-migrate-meta-layouts":"default","ast-page-background-enabled":"default","ast-page-background-meta":{"desktop":{"background-color":"var(--ast-global-color-4)","background-image":"","background-repeat":"repeat","background-position":"center center","background-size":"auto","background-attachment":"scroll","background-type":"","background-media":"","overlay-type":"","overlay-color":"","overlay-opacity":"","overlay-gradient":""},"tablet":{"background-color":"","background-image":"","background-repeat":"repeat","background-position":"center center","background-size":"auto","background-attachment":"scroll","background-type":"","background-media":"","overlay-type":"","overlay-color":"","overlay-opacity":"","overlay-gradient":""},"mobile":{"background-color":"","background-image":"","background-repeat":"repeat","background-position":"center center","background-size":"auto","background-attachment":"scroll","background-type":"","background-media":"","overlay-type":"","overlay-color":"","overlay-opacity":"","overlay-gradient":""}},"ast-content-background-meta":{"desktop":{"background-color":"var(--ast-global-color-5)","background-image":"","background-repeat":"repeat","background-position":"center center","background-size":"auto","background-attachment":"scroll","background-type":"","background-media":"","overlay-type":"","overlay-color":"","overlay-opacity":"","overlay-gradient":""},"tablet":{"background-color":"var(--ast-global-color-5)","background-image":"","background-repeat":"repeat","background-position":"center center","background-size":"auto","background-attachment":"scroll","background-type":"","background-media":"","overlay-type":"","overlay-color":"","overlay-opacity":"","overlay-gradient":""},"mobile":{"background-color":"var(--ast-global-color-5)","background-image":"","background-repeat":"repeat","background-position":"center center","background-size":"auto","background-attachment":"scroll","background-type":"","background-media":"","overlay-type":"","overlay-color":"","overlay-opacity":"","overlay-gradient":""}}},"product_brand":[],"product_cat":[163,158,167,168],"product_tag":[],"class_list":{"0":"post-10831","1":"product","2":"type-product","3":"status-publish","4":"has-post-thumbnail","6":"product_cat-koch-chemie","7":"product_cat-vaskemidler","8":"product_cat-polering","9":"product_cat-poleringsmiddel","10":"desktop-align-left","11":"tablet-align-left","12":"mobile-align-left","14":"first","15":"instock","16":"taxable","17":"shipping-taxable","18":"purchasable","19":"product-type-simple"},"_links":{"self":[{"href":"https:\/\/dev.sm360.no\/obb\/wp-json\/wp\/v2\/product\/10831","targetHints":{"allow":["GET"]}}],"collection":[{"href":"https:\/\/dev.sm360.no\/obb\/wp-json\/wp\/v2\/product"}],"about":[{"href":"https:\/\/dev.sm360.no\/obb\/wp-json\/wp\/v2\/types\/product"}],"version-history":[{"count":1,"href":"https:\/\/dev.sm360.no\/obb\/wp-json\/wp\/v2\/product\/10831\/revisions"}],"predecessor-version":[{"id":10870,"href":"https:\/\/dev.sm360.no\/obb\/wp-json\/wp\/v2\/product\/10831\/revisions\/10870"}],"wp:featuredmedia":[{"embeddable":true,"href":"https:\/\/dev.sm360.no\/obb\/wp-json\/wp\/v2\/media\/10869"}],"wp:attachment":[{"href":"https:\/\/dev.sm360.no\/obb\/wp-json\/wp\/v2\/media?parent=10831"}],"wp:term":[{"taxonomy":"product_brand","embeddable":true,"href":"https:\/\/dev.sm360.no\/obb\/wp-json\/wp\/v2\/product_brand?post=10831"},{"taxonomy":"product_cat","embeddable":true,"href":"https:\/\/dev.sm360.no\/obb\/wp-json\/wp\/v2\/product_cat?post=10831"},{"taxonomy":"product_tag","embeddable":true,"href":"https:\/\/dev.sm360.no\/obb\/wp-json\/wp\/v2\/product_tag?post=10831"}],"curies":[{"name":"wp","href":"https:\/\/api.w.org\/{rel}","templated":true}]}}