{"id":10835,"date":"2024-05-14T11:20:44","date_gmt":"2024-05-14T11:20:44","guid":{"rendered":"https:\/\/dev.sm360.no\/obb\/?post_type=product&#038;p=10835"},"modified":"2024-05-14T11:20:46","modified_gmt":"2024-05-14T11:20:46","slug":"koch-chemie-kcx-drying-towel-80x55cm-2pk","status":"publish","type":"product","link":"https:\/\/dev.sm360.no\/obb\/produkt\/koch-chemie-kcx-drying-towel-80x55cm-2pk\/","title":{"rendered":"Koch-Chemie KCX Drying Towel 80x55cm \u2013 2pk"},"content":{"rendered":"<div class=\"product-short-description\">\n<div id=\"row-2103414253\" class=\"row\">\n<div id=\"col-750073063\" class=\"col medium-6 small-12 large-6\">\n<div class=\"col-inner text-left box-shadow-5\">\n<div class=\"container section-title-container\">\n<div id=\"row-845817695\" class=\"row\">\n<div id=\"col-309789799\" class=\"col medium-6 small-12 large-6\">\n<div class=\"col-inner text-left box-shadow-5\">\n<div class=\"container section-title-container\">\n<p class=\"section-title section-title-normal\">Tradisjonelt vaffel-m\u00f8nstret mikrofiber t\u00f8rkeh\u00e5ndkle fra Koch-Chemie. H\u00f8y kvalitet, holder i mange \u00e5r hvis de vaskes riktig!<\/p>\n<\/div>\n<\/div>\n<\/div>\n<\/div>\n<\/div>\n<\/div>\n<\/div>\n<\/div>\n<\/div>\n","protected":false},"excerpt":{"rendered":"<div class=\"product-short-description\">\n<div class=\"product-short-description\">\n<p>Tradisjonelt vaffel-m\u00f8nstret mikrofiber t\u00f8rkeh\u00e5ndkle fra Koch-Chemie. H\u00f8y kvalitet, holder i mange \u00e5r hvis de vaskes riktig!<\/p>\n<\/div>\n<\/div>\n","protected":false},"featured_media":10877,"template":"","meta":{"inline_featured_image":false,"site-sidebar-layout":"default","site-content-layout":"","ast-site-content-layout":"","site-content-style":"default","site-sidebar-style":"default","ast-global-header-display":"","ast-banner-title-visibility":"","ast-main-header-display":"","ast-hfb-above-header-display":"","ast-hfb-below-header-display":"","ast-hfb-mobile-header-display":"","site-post-title":"","ast-breadcrumbs-content":"","ast-featured-img":"","footer-sml-layout":"","theme-transparent-header-meta":"","adv-header-id-meta":"","stick-header-meta":"","header-above-stick-meta":"","header-main-stick-meta":"","header-below-stick-meta":"","astra-migrate-meta-layouts":"default","ast-page-background-enabled":"default","ast-page-background-meta":{"desktop":{"background-color":"var(--ast-global-color-4)","background-image":"","background-repeat":"repeat","background-position":"center center","background-size":"auto","background-attachment":"scroll","background-type":"","background-media":"","overlay-type":"","overlay-color":"","overlay-opacity":"","overlay-gradient":""},"tablet":{"background-color":"","background-image":"","background-repeat":"repeat","background-position":"center center","background-size":"auto","background-attachment":"scroll","background-type":"","background-media":"","overlay-type":"","overlay-color":"","overlay-opacity":"","overlay-gradient":""},"mobile":{"background-color":"","background-image":"","background-repeat":"repeat","background-position":"center center","background-size":"auto","background-attachment":"scroll","background-type":"","background-media":"","overlay-type":"","overlay-color":"","overlay-opacity":"","overlay-gradient":""}},"ast-content-background-meta":{"desktop":{"background-color":"var(--ast-global-color-5)","background-image":"","background-repeat":"repeat","background-position":"center center","background-size":"auto","background-attachment":"scroll","background-type":"","background-media":"","overlay-type":"","overlay-color":"","overlay-opacity":"","overlay-gradient":""},"tablet":{"background-color":"var(--ast-global-color-5)","background-image":"","background-repeat":"repeat","background-position":"center center","background-size":"auto","background-attachment":"scroll","background-type":"","background-media":"","overlay-type":"","overlay-color":"","overlay-opacity":"","overlay-gradient":""},"mobile":{"background-color":"var(--ast-global-color-5)","background-image":"","background-repeat":"repeat","background-position":"center center","background-size":"auto","background-attachment":"scroll","background-type":"","background-media":"","overlay-type":"","overlay-color":"","overlay-opacity":"","overlay-gradient":""}}},"product_brand":[],"product_cat":[163,158,175,174,173],"product_tag":[],"class_list":{"0":"post-10835","1":"product","2":"type-product","3":"status-publish","4":"has-post-thumbnail","6":"product_cat-koch-chemie","7":"product_cat-vaskemidler","8":"product_cat-svamp-vaskehansker","9":"product_cat-tilbehor","10":"product_cat-mikrofiberkluter","11":"desktop-align-left","12":"tablet-align-left","13":"mobile-align-left","15":"first","16":"instock","17":"taxable","18":"shipping-taxable","19":"purchasable","20":"product-type-simple"},"_links":{"self":[{"href":"https:\/\/dev.sm360.no\/obb\/wp-json\/wp\/v2\/product\/10835","targetHints":{"allow":["GET"]}}],"collection":[{"href":"https:\/\/dev.sm360.no\/obb\/wp-json\/wp\/v2\/product"}],"about":[{"href":"https:\/\/dev.sm360.no\/obb\/wp-json\/wp\/v2\/types\/product"}],"version-history":[{"count":1,"href":"https:\/\/dev.sm360.no\/obb\/wp-json\/wp\/v2\/product\/10835\/revisions"}],"predecessor-version":[{"id":10878,"href":"https:\/\/dev.sm360.no\/obb\/wp-json\/wp\/v2\/product\/10835\/revisions\/10878"}],"wp:featuredmedia":[{"embeddable":true,"href":"https:\/\/dev.sm360.no\/obb\/wp-json\/wp\/v2\/media\/10877"}],"wp:attachment":[{"href":"https:\/\/dev.sm360.no\/obb\/wp-json\/wp\/v2\/media?parent=10835"}],"wp:term":[{"taxonomy":"product_brand","embeddable":true,"href":"https:\/\/dev.sm360.no\/obb\/wp-json\/wp\/v2\/product_brand?post=10835"},{"taxonomy":"product_cat","embeddable":true,"href":"https:\/\/dev.sm360.no\/obb\/wp-json\/wp\/v2\/product_cat?post=10835"},{"taxonomy":"product_tag","embeddable":true,"href":"https:\/\/dev.sm360.no\/obb\/wp-json\/wp\/v2\/product_tag?post=10835"}],"curies":[{"name":"wp","href":"https:\/\/api.w.org\/{rel}","templated":true}]}}