{"id":10914,"date":"2024-05-14T11:20:49","date_gmt":"2024-05-14T11:20:49","guid":{"rendered":"https:\/\/dev.sm360.no\/obb\/?post_type=product&#038;p=10914"},"modified":"2024-05-14T11:20:51","modified_gmt":"2024-05-14T11:20:51","slug":"koch-chemie-vorreiniger-b-22-kg-vb","status":"publish","type":"product","link":"https:\/\/dev.sm360.no\/obb\/produkt\/koch-chemie-vorreiniger-b-22-kg-vb\/","title":{"rendered":"Koch-Chemie Vorreiniger B (22 kg) Vb"},"content":{"rendered":"<p>Forvask for rengj\u00f8ring av utvendige flater.<\/p>\n<p>Koch-Chemie Vorreiniger B er et konsentrert, h\u00f8ytskummende, alkalisk produkt med pH-verdi 13,1 \u2013 uten fosfater.<\/p>\n<p>Den er formulert for bruk til forvask av utvendige flater og motorrom, og har gode egenskap for \u00e5 fjerne generell skitt og smuss, samt den har gode egenskaper mot insekter og fuglem\u00f8kk. I likhet med andre alkaliske produkter har den en unik evne til \u00e5 rengj\u00f8re overflater \u2013 og dette gj\u00f8res helt trygt for chrome og andre materialer man finner p\u00e5 biler og kj\u00f8ret\u00f8y.<\/p>\n<p>Det er dog viktig \u00e5 huske \u2013 som med all annen kjemi, at den ikke skal p\u00e5f\u00f8res i sollys og p\u00e5 varme overflater.Hvis uhellet skulle v\u00e6re ute er man ofte i stand til \u00e5 fjerne det som har t\u00f8rket inn ved \u00e5 p\u00e5f\u00f8re mer av samme kjemi (likt l\u00f8ser likt).<\/p>\n<div class=\"container section-title-container\">\n<h2 class=\"section-title section-title-normal\"><span class=\"section-title-main\">Vorreiniger B blandingsforhold<\/span><\/h2>\n<\/div>\n<p>Til forvask kan den trygt brukes blandet med vann til 2-7% n\u00e5r den treffer lakken. Ved behov kan den blandes sterkere. Det du derimot aldri skal gj\u00f8re, er \u00e5 bruke den konsentrert. Det vil heller ikke ha noen s\u00e6rlig effekt \u00e5 blande sterkere enn f. eks 20%.<\/p>\n<p>Har du ekstra m\u00f8kkete felger kan det v\u00e6re n\u00f8dvendig \u00e5 blande nettopp 20% \u2013 men noe sterkere vil ikke n\u00f8dvendigvis gj\u00f8re en bedre jobb. Husk at n\u00e5r du har produktet p\u00e5 en skumkanon blandet med vann, s\u00e5 vil det ogs\u00e5 tilsettes vann fra spyleren \u2013 og det blandingsforholdet som treffer lakken vil v\u00e6re svakere enn det du har p\u00e5 flaska.<\/p>\n<p>Vi anbefaler alltid at skumkanoner m\u00e5les opp \u2013 s\u00e5nn at du vet hvor sterkt produktet er i bruk.<\/p>\n","protected":false},"excerpt":{"rendered":"<div class=\"container section-title-container\">\n<div class=\"container section-title-container\">\n<h3 class=\"section-title section-title-normal\"><span class=\"section-title-main\">S\u00e5nn bruker du Vorreiniger B<\/span><\/h3>\n<\/div>\n<p><strong>For utvendig vask av kj\u00f8ret\u00f8y<\/strong><\/p>\n<p>Bland ut med vann til \u00f8nsket konsentrasjon. Husk at en skumkanon ogs\u00e5 tilsetter vann fra h\u00f8ytrykksspyleren.<\/p>\n<ol>\n<li>Bland ut i lavtrykkskanne eller p\u00e5 skumkanon \u2013 s\u00f8rg for at overflaten som skal rengj\u00f8res er avkj\u00f8lt og plassert i skyggen.<\/li>\n<li>P\u00e5f\u00f8r produktet, og s\u00f8rg for god dekning. La virke 2-3 minutter.<\/li>\n<li>Spyl grundig av med h\u00f8yttrykksspyler nedenfra og opp.<\/li>\n<\/ol>\n<\/div>\n","protected":false},"featured_media":10817,"template":"","meta":{"inline_featured_image":false,"site-sidebar-layout":"default","site-content-layout":"","ast-site-content-layout":"","site-content-style":"default","site-sidebar-style":"default","ast-global-header-display":"","ast-banner-title-visibility":"","ast-main-header-display":"","ast-hfb-above-header-display":"","ast-hfb-below-header-display":"","ast-hfb-mobile-header-display":"","site-post-title":"","ast-breadcrumbs-content":"","ast-featured-img":"","footer-sml-layout":"","theme-transparent-header-meta":"","adv-header-id-meta":"","stick-header-meta":"","header-above-stick-meta":"","header-main-stick-meta":"","header-below-stick-meta":"","astra-migrate-meta-layouts":"default","ast-page-background-enabled":"default","ast-page-background-meta":{"desktop":{"background-color":"var(--ast-global-color-4)","background-image":"","background-repeat":"repeat","background-position":"center center","background-size":"auto","background-attachment":"scroll","background-type":"","background-media":"","overlay-type":"","overlay-color":"","overlay-opacity":"","overlay-gradient":""},"tablet":{"background-color":"","background-image":"","background-repeat":"repeat","background-position":"center center","background-size":"auto","background-attachment":"scroll","background-type":"","background-media":"","overlay-type":"","overlay-color":"","overlay-opacity":"","overlay-gradient":""},"mobile":{"background-color":"","background-image":"","background-repeat":"repeat","background-position":"center center","background-size":"auto","background-attachment":"scroll","background-type":"","background-media":"","overlay-type":"","overlay-color":"","overlay-opacity":"","overlay-gradient":""}},"ast-content-background-meta":{"desktop":{"background-color":"var(--ast-global-color-5)","background-image":"","background-repeat":"repeat","background-position":"center center","background-size":"auto","background-attachment":"scroll","background-type":"","background-media":"","overlay-type":"","overlay-color":"","overlay-opacity":"","overlay-gradient":""},"tablet":{"background-color":"var(--ast-global-color-5)","background-image":"","background-repeat":"repeat","background-position":"center center","background-size":"auto","background-attachment":"scroll","background-type":"","background-media":"","overlay-type":"","overlay-color":"","overlay-opacity":"","overlay-gradient":""},"mobile":{"background-color":"var(--ast-global-color-5)","background-image":"","background-repeat":"repeat","background-position":"center center","background-size":"auto","background-attachment":"scroll","background-type":"","background-media":"","overlay-type":"","overlay-color":"","overlay-opacity":"","overlay-gradient":""}}},"product_brand":[],"product_cat":[163,158,162,159],"product_tag":[],"class_list":{"0":"post-10914","1":"product","2":"type-product","3":"status-publish","4":"has-post-thumbnail","6":"product_cat-koch-chemie","7":"product_cat-vaskemidler","8":"product_cat-forvask","9":"product_cat-andre-renseprodukter","10":"desktop-align-left","11":"tablet-align-left","12":"mobile-align-left","14":"first","15":"instock","16":"taxable","17":"shipping-taxable","18":"purchasable","19":"product-type-simple"},"_links":{"self":[{"href":"https:\/\/dev.sm360.no\/obb\/wp-json\/wp\/v2\/product\/10914","targetHints":{"allow":["GET"]}}],"collection":[{"href":"https:\/\/dev.sm360.no\/obb\/wp-json\/wp\/v2\/product"}],"about":[{"href":"https:\/\/dev.sm360.no\/obb\/wp-json\/wp\/v2\/types\/product"}],"version-history":[{"count":1,"href":"https:\/\/dev.sm360.no\/obb\/wp-json\/wp\/v2\/product\/10914\/revisions"}],"predecessor-version":[{"id":10951,"href":"https:\/\/dev.sm360.no\/obb\/wp-json\/wp\/v2\/product\/10914\/revisions\/10951"}],"wp:featuredmedia":[{"embeddable":true,"href":"https:\/\/dev.sm360.no\/obb\/wp-json\/wp\/v2\/media\/10817"}],"wp:attachment":[{"href":"https:\/\/dev.sm360.no\/obb\/wp-json\/wp\/v2\/media?parent=10914"}],"wp:term":[{"taxonomy":"product_brand","embeddable":true,"href":"https:\/\/dev.sm360.no\/obb\/wp-json\/wp\/v2\/product_brand?post=10914"},{"taxonomy":"product_cat","embeddable":true,"href":"https:\/\/dev.sm360.no\/obb\/wp-json\/wp\/v2\/product_cat?post=10914"},{"taxonomy":"product_tag","embeddable":true,"href":"https:\/\/dev.sm360.no\/obb\/wp-json\/wp\/v2\/product_tag?post=10914"}],"curies":[{"name":"wp","href":"https:\/\/api.w.org\/{rel}","templated":true}]}}