{"id":10996,"date":"2024-05-14T11:20:56","date_gmt":"2024-05-14T11:20:56","guid":{"rendered":"https:\/\/dev.sm360.no\/obb\/?post_type=product&#038;p=10996"},"modified":"2024-05-14T11:20:57","modified_gmt":"2024-05-14T11:20:57","slug":"koch-chemie-reactive-rust-remover-11-kg-rrr","status":"publish","type":"product","link":"https:\/\/dev.sm360.no\/obb\/produkt\/koch-chemie-reactive-rust-remover-11-kg-rrr\/","title":{"rendered":"Koch-Chemie Reactive Rust Remover (11 kg) Rrr"},"content":{"rendered":"<div class=\"product-short-description\">\n<p>Metallpartikkelfjerner for karosseri, felg og andre overflater. Den er veldig effektiv, og selv om den ikke lukter direkte godt \u2013 s\u00e5 er den ikke helt g\u00e6\u00e6rn heller.Mine luktesanser sier at den er tilsatt en d\u00e6sj kirseb\u00e6rlukt.<\/p>\n<p>P\u00e5f\u00f8res relativt ren overflate (vask med forvask og h\u00f8yttrykk f\u00f8rst), la virke i 5-7 minutter hvis temperaturen ikke gj\u00f8r at den t\u00f8rker ut f\u00f8r, og spyl godt av. Helt trygg p\u00e5 alle overflater.<\/p>\n<\/div>\n","protected":false},"excerpt":{"rendered":"<p>Metallpartikkelfjerner for karosseri, felg og andre overflater. Den er veldig effektiv, og selv om den ikke lukter direkte godt \u2013 [&hellip;]<\/p>\n","protected":false},"featured_media":11021,"template":"","meta":{"inline_featured_image":false,"site-sidebar-layout":"default","site-content-layout":"","ast-site-content-layout":"","site-content-style":"default","site-sidebar-style":"default","ast-global-header-display":"","ast-banner-title-visibility":"","ast-main-header-display":"","ast-hfb-above-header-display":"","ast-hfb-below-header-display":"","ast-hfb-mobile-header-display":"","site-post-title":"","ast-breadcrumbs-content":"","ast-featured-img":"","footer-sml-layout":"","theme-transparent-header-meta":"","adv-header-id-meta":"","stick-header-meta":"","header-above-stick-meta":"","header-main-stick-meta":"","header-below-stick-meta":"","astra-migrate-meta-layouts":"default","ast-page-background-enabled":"default","ast-page-background-meta":{"desktop":{"background-color":"var(--ast-global-color-4)","background-image":"","background-repeat":"repeat","background-position":"center center","background-size":"auto","background-attachment":"scroll","background-type":"","background-media":"","overlay-type":"","overlay-color":"","overlay-opacity":"","overlay-gradient":""},"tablet":{"background-color":"","background-image":"","background-repeat":"repeat","background-position":"center center","background-size":"auto","background-attachment":"scroll","background-type":"","background-media":"","overlay-type":"","overlay-color":"","overlay-opacity":"","overlay-gradient":""},"mobile":{"background-color":"","background-image":"","background-repeat":"repeat","background-position":"center center","background-size":"auto","background-attachment":"scroll","background-type":"","background-media":"","overlay-type":"","overlay-color":"","overlay-opacity":"","overlay-gradient":""}},"ast-content-background-meta":{"desktop":{"background-color":"var(--ast-global-color-5)","background-image":"","background-repeat":"repeat","background-position":"center center","background-size":"auto","background-attachment":"scroll","background-type":"","background-media":"","overlay-type":"","overlay-color":"","overlay-opacity":"","overlay-gradient":""},"tablet":{"background-color":"var(--ast-global-color-5)","background-image":"","background-repeat":"repeat","background-position":"center center","background-size":"auto","background-attachment":"scroll","background-type":"","background-media":"","overlay-type":"","overlay-color":"","overlay-opacity":"","overlay-gradient":""},"mobile":{"background-color":"var(--ast-global-color-5)","background-image":"","background-repeat":"repeat","background-position":"center center","background-size":"auto","background-attachment":"scroll","background-type":"","background-media":"","overlay-type":"","overlay-color":"","overlay-opacity":"","overlay-gradient":""}}},"product_brand":[],"product_cat":[163,158,164,159],"product_tag":[],"class_list":{"0":"post-10996","1":"product","2":"type-product","3":"status-publish","4":"has-post-thumbnail","6":"product_cat-koch-chemie","7":"product_cat-vaskemidler","8":"product_cat-felgvask","9":"product_cat-andre-renseprodukter","10":"desktop-align-left","11":"tablet-align-left","12":"mobile-align-left","14":"first","15":"instock","16":"sale","17":"taxable","18":"shipping-taxable","19":"purchasable","20":"product-type-simple"},"_links":{"self":[{"href":"https:\/\/dev.sm360.no\/obb\/wp-json\/wp\/v2\/product\/10996","targetHints":{"allow":["GET"]}}],"collection":[{"href":"https:\/\/dev.sm360.no\/obb\/wp-json\/wp\/v2\/product"}],"about":[{"href":"https:\/\/dev.sm360.no\/obb\/wp-json\/wp\/v2\/types\/product"}],"version-history":[{"count":1,"href":"https:\/\/dev.sm360.no\/obb\/wp-json\/wp\/v2\/product\/10996\/revisions"}],"predecessor-version":[{"id":11022,"href":"https:\/\/dev.sm360.no\/obb\/wp-json\/wp\/v2\/product\/10996\/revisions\/11022"}],"wp:featuredmedia":[{"embeddable":true,"href":"https:\/\/dev.sm360.no\/obb\/wp-json\/wp\/v2\/media\/11021"}],"wp:attachment":[{"href":"https:\/\/dev.sm360.no\/obb\/wp-json\/wp\/v2\/media?parent=10996"}],"wp:term":[{"taxonomy":"product_brand","embeddable":true,"href":"https:\/\/dev.sm360.no\/obb\/wp-json\/wp\/v2\/product_brand?post=10996"},{"taxonomy":"product_cat","embeddable":true,"href":"https:\/\/dev.sm360.no\/obb\/wp-json\/wp\/v2\/product_cat?post=10996"},{"taxonomy":"product_tag","embeddable":true,"href":"https:\/\/dev.sm360.no\/obb\/wp-json\/wp\/v2\/product_tag?post=10996"}],"curies":[{"name":"wp","href":"https:\/\/api.w.org\/{rel}","templated":true}]}}