{"id":11093,"date":"2024-05-14T11:21:05","date_gmt":"2024-05-14T11:21:05","guid":{"rendered":"https:\/\/dev.sm360.no\/obb\/?post_type=product&#038;p=11093"},"modified":"2024-05-14T11:21:08","modified_gmt":"2024-05-14T11:21:08","slug":"pro-auto-shampoo-svanenmerket-25l","status":"publish","type":"product","link":"https:\/\/dev.sm360.no\/obb\/produkt\/pro-auto-shampoo-svanenmerket-25l\/","title":{"rendered":"PRO Auto Shampoo (Svanenmerket) 25L"},"content":{"rendered":"<p>Pro Auto Shampoo er et effektivt rengj\u00f8ringsmiddel for utvendig rengj\u00f8ring av motorkj\u00f8ret\u00f8y. Produktet er et h\u00f8ykonsentrert alkalisk vaske- og avfettingsmiddel for bilvaskemaskiner og h\u00f8ytrykksvaskere. Benyttes som forvask\/shampoo og skum p\u00e5 bilvaskemaskinene. Medvirker til rene b\u00f8rster. Fjerner raskt og enkelt olje, fett, veist\u00f8v, sot og smuss generelt. Utviklet for rengj\u00f8ring av harde overflater p\u00e5 transportmidler som bil, b\u00e5t, motorsykkel, campingvogn, campingbil og liknende, og gir en skinnende ren og blank overflate.<\/p>\n","protected":false},"excerpt":{"rendered":"<p>Pro Auto Shampoo er et effektivt rengj\u00f8ringsmiddel for utvendig rengj\u00f8ring av motorkj\u00f8ret\u00f8y. Produktet er et h\u00f8ykonsentrert alkalisk vaske- og avfettingsmiddel [&hellip;]<\/p>\n","protected":false},"featured_media":11141,"template":"","meta":{"inline_featured_image":false,"site-sidebar-layout":"default","site-content-layout":"","ast-site-content-layout":"","site-content-style":"default","site-sidebar-style":"default","ast-global-header-display":"","ast-banner-title-visibility":"","ast-main-header-display":"","ast-hfb-above-header-display":"","ast-hfb-below-header-display":"","ast-hfb-mobile-header-display":"","site-post-title":"","ast-breadcrumbs-content":"","ast-featured-img":"","footer-sml-layout":"","theme-transparent-header-meta":"","adv-header-id-meta":"","stick-header-meta":"","header-above-stick-meta":"","header-main-stick-meta":"","header-below-stick-meta":"","astra-migrate-meta-layouts":"default","ast-page-background-enabled":"default","ast-page-background-meta":{"desktop":{"background-color":"var(--ast-global-color-4)","background-image":"","background-repeat":"repeat","background-position":"center center","background-size":"auto","background-attachment":"scroll","background-type":"","background-media":"","overlay-type":"","overlay-color":"","overlay-opacity":"","overlay-gradient":""},"tablet":{"background-color":"","background-image":"","background-repeat":"repeat","background-position":"center center","background-size":"auto","background-attachment":"scroll","background-type":"","background-media":"","overlay-type":"","overlay-color":"","overlay-opacity":"","overlay-gradient":""},"mobile":{"background-color":"","background-image":"","background-repeat":"repeat","background-position":"center center","background-size":"auto","background-attachment":"scroll","background-type":"","background-media":"","overlay-type":"","overlay-color":"","overlay-opacity":"","overlay-gradient":""}},"ast-content-background-meta":{"desktop":{"background-color":"var(--ast-global-color-5)","background-image":"","background-repeat":"repeat","background-position":"center center","background-size":"auto","background-attachment":"scroll","background-type":"","background-media":"","overlay-type":"","overlay-color":"","overlay-opacity":"","overlay-gradient":""},"tablet":{"background-color":"var(--ast-global-color-5)","background-image":"","background-repeat":"repeat","background-position":"center center","background-size":"auto","background-attachment":"scroll","background-type":"","background-media":"","overlay-type":"","overlay-color":"","overlay-opacity":"","overlay-gradient":""},"mobile":{"background-color":"var(--ast-global-color-5)","background-image":"","background-repeat":"repeat","background-position":"center center","background-size":"auto","background-attachment":"scroll","background-type":"","background-media":"","overlay-type":"","overlay-color":"","overlay-opacity":"","overlay-gradient":""}}},"product_brand":[],"product_cat":[166],"product_tag":[],"class_list":{"0":"post-11093","1":"product","2":"type-product","3":"status-publish","4":"has-post-thumbnail","6":"product_cat-bilsjampo","7":"desktop-align-left","8":"tablet-align-left","9":"mobile-align-left","11":"first","12":"instock","13":"taxable","14":"shipping-taxable","15":"purchasable","16":"product-type-simple"},"_links":{"self":[{"href":"https:\/\/dev.sm360.no\/obb\/wp-json\/wp\/v2\/product\/11093","targetHints":{"allow":["GET"]}}],"collection":[{"href":"https:\/\/dev.sm360.no\/obb\/wp-json\/wp\/v2\/product"}],"about":[{"href":"https:\/\/dev.sm360.no\/obb\/wp-json\/wp\/v2\/types\/product"}],"version-history":[{"count":1,"href":"https:\/\/dev.sm360.no\/obb\/wp-json\/wp\/v2\/product\/11093\/revisions"}],"predecessor-version":[{"id":11142,"href":"https:\/\/dev.sm360.no\/obb\/wp-json\/wp\/v2\/product\/11093\/revisions\/11142"}],"wp:featuredmedia":[{"embeddable":true,"href":"https:\/\/dev.sm360.no\/obb\/wp-json\/wp\/v2\/media\/11141"}],"wp:attachment":[{"href":"https:\/\/dev.sm360.no\/obb\/wp-json\/wp\/v2\/media?parent=11093"}],"wp:term":[{"taxonomy":"product_brand","embeddable":true,"href":"https:\/\/dev.sm360.no\/obb\/wp-json\/wp\/v2\/product_brand?post=11093"},{"taxonomy":"product_cat","embeddable":true,"href":"https:\/\/dev.sm360.no\/obb\/wp-json\/wp\/v2\/product_cat?post=11093"},{"taxonomy":"product_tag","embeddable":true,"href":"https:\/\/dev.sm360.no\/obb\/wp-json\/wp\/v2\/product_tag?post=11093"}],"curies":[{"name":"wp","href":"https:\/\/api.w.org\/{rel}","templated":true}]}}