{"id":11183,"date":"2024-05-14T11:21:12","date_gmt":"2024-05-14T11:21:12","guid":{"rendered":"https:\/\/dev.sm360.no\/obb\/?post_type=product&#038;p=11183"},"modified":"2024-05-14T11:21:15","modified_gmt":"2024-05-14T11:21:15","slug":"pro-sommerspylervaeske-konsentrat-208l","status":"publish","type":"product","link":"https:\/\/dev.sm360.no\/obb\/produkt\/pro-sommerspylervaeske-konsentrat-208l\/","title":{"rendered":"PRO Sommerspylerv\u00e6ske Konsentrat 208L"},"content":{"rendered":"<div class=\"product_description\">\n<div class=\"ewa-rteLine\">Spylerv\u00e6ske er utviklet for nordiske kj\u00f8reforhold. Spylerv\u00e6ske for sommerf\u00f8re inneholder mindre alkohol og mer s\u00e5pe enn vinterspylerv\u00e6ske.<\/div>\n<div class=\"ewa-rteLine\">Helt ned til -5\u00b0C vasker du effektivt bort insekter, pollen og smuss fra bilruten. Inneholder bioetanol som av milj\u00f8hensyn er produsert p\u00e5 restprodukter fra maisproduksjon eller lignende.<\/div>\n<div class=\"ewa-rteLine\">Dette gir en milj\u00f8gevinst ved at mer av avlingen blir benyttet, uten at det g\u00e5r utover mengde mat som blir h\u00f8stet.<\/div>\n<\/div>\n","protected":false},"excerpt":{"rendered":"<p>Spylerv\u00e6ske er utviklet for nordiske kj\u00f8reforhold. Spylerv\u00e6ske for sommerf\u00f8re inneholder mindre alkohol og mer s\u00e5pe enn vinterspylerv\u00e6ske. Helt ned til [&hellip;]<\/p>\n","protected":false},"featured_media":11230,"template":"","meta":{"inline_featured_image":false,"site-sidebar-layout":"default","site-content-layout":"","ast-site-content-layout":"","site-content-style":"default","site-sidebar-style":"default","ast-global-header-display":"","ast-banner-title-visibility":"","ast-main-header-display":"","ast-hfb-above-header-display":"","ast-hfb-below-header-display":"","ast-hfb-mobile-header-display":"","site-post-title":"","ast-breadcrumbs-content":"","ast-featured-img":"","footer-sml-layout":"","theme-transparent-header-meta":"","adv-header-id-meta":"","stick-header-meta":"","header-above-stick-meta":"","header-main-stick-meta":"","header-below-stick-meta":"","astra-migrate-meta-layouts":"default","ast-page-background-enabled":"default","ast-page-background-meta":{"desktop":{"background-color":"var(--ast-global-color-4)","background-image":"","background-repeat":"repeat","background-position":"center center","background-size":"auto","background-attachment":"scroll","background-type":"","background-media":"","overlay-type":"","overlay-color":"","overlay-opacity":"","overlay-gradient":""},"tablet":{"background-color":"","background-image":"","background-repeat":"repeat","background-position":"center center","background-size":"auto","background-attachment":"scroll","background-type":"","background-media":"","overlay-type":"","overlay-color":"","overlay-opacity":"","overlay-gradient":""},"mobile":{"background-color":"","background-image":"","background-repeat":"repeat","background-position":"center center","background-size":"auto","background-attachment":"scroll","background-type":"","background-media":"","overlay-type":"","overlay-color":"","overlay-opacity":"","overlay-gradient":""}},"ast-content-background-meta":{"desktop":{"background-color":"var(--ast-global-color-5)","background-image":"","background-repeat":"repeat","background-position":"center center","background-size":"auto","background-attachment":"scroll","background-type":"","background-media":"","overlay-type":"","overlay-color":"","overlay-opacity":"","overlay-gradient":""},"tablet":{"background-color":"var(--ast-global-color-5)","background-image":"","background-repeat":"repeat","background-position":"center center","background-size":"auto","background-attachment":"scroll","background-type":"","background-media":"","overlay-type":"","overlay-color":"","overlay-opacity":"","overlay-gradient":""},"mobile":{"background-color":"var(--ast-global-color-5)","background-image":"","background-repeat":"repeat","background-position":"center center","background-size":"auto","background-attachment":"scroll","background-type":"","background-media":"","overlay-type":"","overlay-color":"","overlay-opacity":"","overlay-gradient":""}}},"product_brand":[],"product_cat":[182],"product_tag":[],"class_list":{"0":"post-11183","1":"product","2":"type-product","3":"status-publish","4":"has-post-thumbnail","6":"product_cat-spylerveske","7":"desktop-align-left","8":"tablet-align-left","9":"mobile-align-left","11":"first","12":"instock","13":"taxable","14":"shipping-taxable","15":"purchasable","16":"product-type-simple"},"_links":{"self":[{"href":"https:\/\/dev.sm360.no\/obb\/wp-json\/wp\/v2\/product\/11183","targetHints":{"allow":["GET"]}}],"collection":[{"href":"https:\/\/dev.sm360.no\/obb\/wp-json\/wp\/v2\/product"}],"about":[{"href":"https:\/\/dev.sm360.no\/obb\/wp-json\/wp\/v2\/types\/product"}],"version-history":[{"count":1,"href":"https:\/\/dev.sm360.no\/obb\/wp-json\/wp\/v2\/product\/11183\/revisions"}],"predecessor-version":[{"id":11231,"href":"https:\/\/dev.sm360.no\/obb\/wp-json\/wp\/v2\/product\/11183\/revisions\/11231"}],"wp:featuredmedia":[{"embeddable":true,"href":"https:\/\/dev.sm360.no\/obb\/wp-json\/wp\/v2\/media\/11230"}],"wp:attachment":[{"href":"https:\/\/dev.sm360.no\/obb\/wp-json\/wp\/v2\/media?parent=11183"}],"wp:term":[{"taxonomy":"product_brand","embeddable":true,"href":"https:\/\/dev.sm360.no\/obb\/wp-json\/wp\/v2\/product_brand?post=11183"},{"taxonomy":"product_cat","embeddable":true,"href":"https:\/\/dev.sm360.no\/obb\/wp-json\/wp\/v2\/product_cat?post=11183"},{"taxonomy":"product_tag","embeddable":true,"href":"https:\/\/dev.sm360.no\/obb\/wp-json\/wp\/v2\/product_tag?post=11183"}],"curies":[{"name":"wp","href":"https:\/\/api.w.org\/{rel}","templated":true}]}}