{"id":11258,"date":"2024-05-14T11:21:17","date_gmt":"2024-05-14T11:21:17","guid":{"rendered":"https:\/\/dev.sm360.no\/obb\/?post_type=product&#038;p=11258"},"modified":"2025-03-05T09:06:27","modified_gmt":"2025-03-05T09:06:27","slug":"pw-h101-2021-ne-3x230v","status":"publish","type":"product","link":"https:\/\/dev.sm360.no\/obb\/produkt\/pw-h101-2021-ne-3x230v\/","title":{"rendered":"PW-H101 2021 NE 3x230v"},"content":{"rendered":"<div id=\"product-info\" class=\"collapse show\">\n<div class=\"mb-5 mt-3 pb-4\">\n<div id=\"prod-txt-container\" class=\"\">\n<div id=\"product-info\" class=\"collapse show\">\n<div class=\"mb-5 mt-3 pb-4\">\n<div id=\"prod-txt-container\" class=\"\">\n<div id=\"product-info\" class=\"collapse show\">\n<div class=\"mb-5 mt-3 pb-4\">\n<div id=\"prod-txt-container\" class=\"\">\n<div class=\"row\">\n<div class=\"col-md-6 product-order\">\n<div id=\"product-info\" class=\"collapse show\">\n<div class=\"mb-5 mt-3 pb-4\">\n<div id=\"prod-txt-container\" class=\"\">\n<div>V\u00e5r nye varmtvannsserie er endelig her. PW-H101 blir v\u00e5r kraftigste mobile varmtvannsvasker og kommer meget velutstyrt. PW-H101 er utstyrt med sikkerhetssystemer som flammevakt, lekkasjesikring og t\u00f8rrkj\u00f8ringssikring for \u00e5 nevne noen. Den har et kontrollpanel med et digitalt display som varsler om det skulle oppst\u00e5 en feil, noe som er med p\u00e5 \u00e5 \u00f8ke brukervennligheten p\u00e5 maskinen. PW-H101-serien er ogs\u00e5 gjort mer milj\u00f8vennlig. Den er produsert med opptil 60% gjenvunnet plast og i tillegg er opptil 90% av komponentene er resirkulerbare. Den har ogs\u00e5 et ECO-modus som gj\u00f8r at du kan redusere dieselkostnader og utslipp med opptil 25%. PW-H61 serien har en sakteg\u00e5ende stempelpumpe noe som gj\u00f8r den mindre st\u00f8yende, lengre levetid og lavere servicekostnader. I tillegg har vi oppgradert tilbeh\u00f8ret til pistol og lanser med KEW hurtigkoblinger. PW-H101 er den perfekte maskin for landbruket, autobransjen og industrien.<\/div>\n<\/div>\n<\/div>\n<\/div>\n<\/div>\n<\/div>\n<\/div>\n<\/div>\n<\/div>\n<\/div>\n<\/div>\n<\/div>\n<\/div>\n<\/div>\n<\/div>\n","protected":false},"excerpt":{"rendered":"<table class=\"alternate-rows mb-5\">\n<tbody>\n<tr>\n<td>Varenummer: 146742<\/td>\n<\/tr>\n<tr>\n<td>EAN-nr: 7050481467420<\/td>\n<\/tr>\n<tr>\n<td>Trykk: 200 bar<\/td>\n<\/tr>\n<tr>\n<td>Vannmengde: 1260 ltr\/time<\/td>\n<\/tr>\n<tr>\n<td>Styringssystem: DTS (Delayed Total Stop)<\/td>\n<\/tr>\n<tr>\n<td>Spenning: 3&#215;230 V-Amp<\/td>\n<\/tr>\n<tr>\n<td>Absorbert effekt: 8,4 kW<\/td>\n<\/tr>\n<tr>\n<td>Pumpeturtall: 1400 rpm<\/td>\n<\/tr>\n<tr>\n<td>Kjemitank: 22 Liter<\/td>\n<\/tr>\n<tr>\n<td>Vanntemperatur justerbar: 30-140 \u00b0C<\/td>\n<\/tr>\n<tr>\n<td>Varmeefekt: 100 kW<\/td>\n<\/tr>\n<tr>\n<td>Drivstofftank: 25 Liter<\/td>\n<\/tr>\n<tr>\n<td>Drivstoff: Diesel<\/td>\n<\/tr>\n<tr>\n<td>Brennerkontroll: Ja<\/td>\n<\/tr>\n<\/tbody>\n<\/table>\n","protected":false},"featured_media":11381,"template":"","meta":{"inline_featured_image":false,"site-sidebar-layout":"default","site-content-layout":"","ast-site-content-layout":"default","site-content-style":"default","site-sidebar-style":"default","ast-global-header-display":"","ast-banner-title-visibility":"","ast-main-header-display":"","ast-hfb-above-header-display":"","ast-hfb-below-header-display":"","ast-hfb-mobile-header-display":"","site-post-title":"","ast-breadcrumbs-content":"","ast-featured-img":"","footer-sml-layout":"","theme-transparent-header-meta":"default","adv-header-id-meta":"","stick-header-meta":"","header-above-stick-meta":"","header-main-stick-meta":"","header-below-stick-meta":"","astra-migrate-meta-layouts":"set","ast-page-background-enabled":"default","ast-page-background-meta":{"desktop":{"background-color":"var(--ast-global-color-4)","background-image":"","background-repeat":"repeat","background-position":"center center","background-size":"auto","background-attachment":"scroll","background-type":"","background-media":"","overlay-type":"","overlay-color":"","overlay-opacity":"","overlay-gradient":""},"tablet":{"background-color":"","background-image":"","background-repeat":"repeat","background-position":"center center","background-size":"auto","background-attachment":"scroll","background-type":"","background-media":"","overlay-type":"","overlay-color":"","overlay-opacity":"","overlay-gradient":""},"mobile":{"background-color":"","background-image":"","background-repeat":"repeat","background-position":"center center","background-size":"auto","background-attachment":"scroll","background-type":"","background-media":"","overlay-type":"","overlay-color":"","overlay-opacity":"","overlay-gradient":""}},"ast-content-background-meta":{"desktop":{"background-color":"var(--ast-global-color-5)","background-image":"","background-repeat":"repeat","background-position":"center center","background-size":"auto","background-attachment":"scroll","background-type":"","background-media":"","overlay-type":"","overlay-color":"","overlay-opacity":"","overlay-gradient":""},"tablet":{"background-color":"var(--ast-global-color-5)","background-image":"","background-repeat":"repeat","background-position":"center center","background-size":"auto","background-attachment":"scroll","background-type":"","background-media":"","overlay-type":"","overlay-color":"","overlay-opacity":"","overlay-gradient":""},"mobile":{"background-color":"var(--ast-global-color-5)","background-image":"","background-repeat":"repeat","background-position":"center center","background-size":"auto","background-attachment":"scroll","background-type":"","background-media":"","overlay-type":"","overlay-color":"","overlay-opacity":"","overlay-gradient":""}}},"product_brand":[],"product_cat":[154,183,185],"product_tag":[],"class_list":{"0":"post-11258","1":"product","2":"type-product","3":"status-publish","4":"has-post-thumbnail","6":"product_cat-hoytrykksvaskere","7":"product_cat-varmtvannsvaskere","8":"product_cat-industri","9":"desktop-align-left","10":"tablet-align-left","11":"mobile-align-left","13":"first","14":"instock","15":"sale","16":"taxable","17":"shipping-taxable","18":"purchasable","19":"product-type-simple"},"_links":{"self":[{"href":"https:\/\/dev.sm360.no\/obb\/wp-json\/wp\/v2\/product\/11258","targetHints":{"allow":["GET"]}}],"collection":[{"href":"https:\/\/dev.sm360.no\/obb\/wp-json\/wp\/v2\/product"}],"about":[{"href":"https:\/\/dev.sm360.no\/obb\/wp-json\/wp\/v2\/types\/product"}],"version-history":[{"count":1,"href":"https:\/\/dev.sm360.no\/obb\/wp-json\/wp\/v2\/product\/11258\/revisions"}],"predecessor-version":[{"id":11284,"href":"https:\/\/dev.sm360.no\/obb\/wp-json\/wp\/v2\/product\/11258\/revisions\/11284"}],"wp:featuredmedia":[{"embeddable":true,"href":"https:\/\/dev.sm360.no\/obb\/wp-json\/wp\/v2\/media\/11381"}],"wp:attachment":[{"href":"https:\/\/dev.sm360.no\/obb\/wp-json\/wp\/v2\/media?parent=11258"}],"wp:term":[{"taxonomy":"product_brand","embeddable":true,"href":"https:\/\/dev.sm360.no\/obb\/wp-json\/wp\/v2\/product_brand?post=11258"},{"taxonomy":"product_cat","embeddable":true,"href":"https:\/\/dev.sm360.no\/obb\/wp-json\/wp\/v2\/product_cat?post=11258"},{"taxonomy":"product_tag","embeddable":true,"href":"https:\/\/dev.sm360.no\/obb\/wp-json\/wp\/v2\/product_tag?post=11258"}],"curies":[{"name":"wp","href":"https:\/\/api.w.org\/{rel}","templated":true}]}}