{"id":11260,"date":"2024-05-14T11:21:17","date_gmt":"2024-05-14T11:21:17","guid":{"rendered":"https:\/\/dev.sm360.no\/obb\/?post_type=product&#038;p=11260"},"modified":"2025-03-05T09:08:05","modified_gmt":"2025-03-05T09:08:05","slug":"pw-h41-1509-ne-1x230v","status":"publish","type":"product","link":"https:\/\/dev.sm360.no\/obb\/produkt\/pw-h41-1509-ne-1x230v\/","title":{"rendered":"PW-H41 1509 NE 1x230v"},"content":{"rendered":"<div id=\"product-info\" class=\"collapse show\">\n<div class=\"mb-5 mt-3 pb-4\">\n<div id=\"prod-txt-container\" class=\"\">\n<div id=\"product-info\" class=\"collapse show\">\n<div class=\"mb-5 mt-3 pb-4\">\n<div id=\"prod-txt-container\" class=\"\">\n<div class=\"row\">\n<div class=\"col-md-6 product-order\">\n<div id=\"product-info\" class=\"collapse show\">\n<div class=\"mb-5 mt-3 pb-4\">\n<div id=\"prod-txt-container\" class=\"\">\n<div>V\u00e5r nye varmtvannsserie er endelig her. PW-H41 er en liten, mobil, kompakt og effektiv en-faset varmtvannsvasker med stempelpumpe. Maskinen er utstyrt med et kontrollpanel med varsellamper for feil, niv\u00e5varsling p\u00e5 diesel, avkalkning, m.m. for \u00e5 \u00f8ke brukervennligheten p\u00e5 maskinen. PW-H41-serien er ogs\u00e5 gjort mer milj\u00f8vennlig. Den er produsert med opp til 60% gjenvunnet plast og i tillegg er opptil 90% av komponentene er resirkulerbare. PW-H41 er den perfekte maskin for vaktmestere, hjemmet, landbruk og til sm\u00e5industri.<\/div>\n<\/div>\n<\/div>\n<\/div>\n<\/div>\n<\/div>\n<\/div>\n<\/div>\n<\/div>\n<\/div>\n<\/div>\n<\/div>\n","protected":false},"excerpt":{"rendered":"<div id=\"product-chart-info\" class=\"col-md-6 product-info-chart\">\n<table class=\"alternate-rows mb-5\">\n<tbody>\n<tr>\n<td>Varenummer: 146703<\/td>\n<\/tr>\n<tr>\n<td>EAN-nr: 7050481467031<\/td>\n<\/tr>\n<tr>\n<td>Trykk: 150 bar<\/td>\n<\/tr>\n<tr>\n<td>Vannmengde: 540 ltr\/time<\/td>\n<\/tr>\n<tr>\n<td>Styringssystem: DTS (Delayed Total Stop)<\/td>\n<\/tr>\n<tr>\n<td>Spenning: 1&#215;230 V-Amp<\/td>\n<\/tr>\n<tr>\n<td>Absorbert effekt: 2,8 kW<\/td>\n<\/tr>\n<tr>\n<td>Pumpeturtall: 1400 rpm<\/td>\n<\/tr>\n<tr>\n<td>Vanntemperatur justerbar: 30-110 \u00b0C<\/td>\n<\/tr>\n<tr>\n<td>Varmeefekt: 40 kW<\/td>\n<\/tr>\n<tr>\n<td>Drivstofftank: 18 Liter<\/td>\n<\/tr>\n<tr>\n<td>Drivstoff: Diesel<\/td>\n<\/tr>\n<tr>\n<td>Brennerkontroll: Nei<\/td>\n<\/tr>\n<\/tbody>\n<\/table>\n<\/div>\n","protected":false},"featured_media":12060,"template":"","meta":{"inline_featured_image":false,"site-sidebar-layout":"default","site-content-layout":"","ast-site-content-layout":"default","site-content-style":"default","site-sidebar-style":"default","ast-global-header-display":"","ast-banner-title-visibility":"","ast-main-header-display":"","ast-hfb-above-header-display":"","ast-hfb-below-header-display":"","ast-hfb-mobile-header-display":"","site-post-title":"","ast-breadcrumbs-content":"","ast-featured-img":"","footer-sml-layout":"","theme-transparent-header-meta":"default","adv-header-id-meta":"","stick-header-meta":"","header-above-stick-meta":"","header-main-stick-meta":"","header-below-stick-meta":"","astra-migrate-meta-layouts":"set","ast-page-background-enabled":"default","ast-page-background-meta":{"desktop":{"background-color":"var(--ast-global-color-4)","background-image":"","background-repeat":"repeat","background-position":"center center","background-size":"auto","background-attachment":"scroll","background-type":"","background-media":"","overlay-type":"","overlay-color":"","overlay-opacity":"","overlay-gradient":""},"tablet":{"background-color":"","background-image":"","background-repeat":"repeat","background-position":"center center","background-size":"auto","background-attachment":"scroll","background-type":"","background-media":"","overlay-type":"","overlay-color":"","overlay-opacity":"","overlay-gradient":""},"mobile":{"background-color":"","background-image":"","background-repeat":"repeat","background-position":"center center","background-size":"auto","background-attachment":"scroll","background-type":"","background-media":"","overlay-type":"","overlay-color":"","overlay-opacity":"","overlay-gradient":""}},"ast-content-background-meta":{"desktop":{"background-color":"var(--ast-global-color-5)","background-image":"","background-repeat":"repeat","background-position":"center center","background-size":"auto","background-attachment":"scroll","background-type":"","background-media":"","overlay-type":"","overlay-color":"","overlay-opacity":"","overlay-gradient":""},"tablet":{"background-color":"var(--ast-global-color-5)","background-image":"","background-repeat":"repeat","background-position":"center center","background-size":"auto","background-attachment":"scroll","background-type":"","background-media":"","overlay-type":"","overlay-color":"","overlay-opacity":"","overlay-gradient":""},"mobile":{"background-color":"var(--ast-global-color-5)","background-image":"","background-repeat":"repeat","background-position":"center center","background-size":"auto","background-attachment":"scroll","background-type":"","background-media":"","overlay-type":"","overlay-color":"","overlay-opacity":"","overlay-gradient":""}}},"product_brand":[],"product_cat":[154,183,184],"product_tag":[],"class_list":{"0":"post-11260","1":"product","2":"type-product","3":"status-publish","4":"has-post-thumbnail","6":"product_cat-hoytrykksvaskere","7":"product_cat-varmtvannsvaskere","8":"product_cat-proff-varmtvannsvaskere","9":"desktop-align-left","10":"tablet-align-left","11":"mobile-align-left","13":"first","14":"instock","15":"sale","16":"taxable","17":"shipping-taxable","18":"purchasable","19":"product-type-simple"},"_links":{"self":[{"href":"https:\/\/dev.sm360.no\/obb\/wp-json\/wp\/v2\/product\/11260","targetHints":{"allow":["GET"]}}],"collection":[{"href":"https:\/\/dev.sm360.no\/obb\/wp-json\/wp\/v2\/product"}],"about":[{"href":"https:\/\/dev.sm360.no\/obb\/wp-json\/wp\/v2\/types\/product"}],"version-history":[{"count":1,"href":"https:\/\/dev.sm360.no\/obb\/wp-json\/wp\/v2\/product\/11260\/revisions"}],"predecessor-version":[{"id":11297,"href":"https:\/\/dev.sm360.no\/obb\/wp-json\/wp\/v2\/product\/11260\/revisions\/11297"}],"wp:featuredmedia":[{"embeddable":true,"href":"https:\/\/dev.sm360.no\/obb\/wp-json\/wp\/v2\/media\/12060"}],"wp:attachment":[{"href":"https:\/\/dev.sm360.no\/obb\/wp-json\/wp\/v2\/media?parent=11260"}],"wp:term":[{"taxonomy":"product_brand","embeddable":true,"href":"https:\/\/dev.sm360.no\/obb\/wp-json\/wp\/v2\/product_brand?post=11260"},{"taxonomy":"product_cat","embeddable":true,"href":"https:\/\/dev.sm360.no\/obb\/wp-json\/wp\/v2\/product_cat?post=11260"},{"taxonomy":"product_tag","embeddable":true,"href":"https:\/\/dev.sm360.no\/obb\/wp-json\/wp\/v2\/product_tag?post=11260"}],"curies":[{"name":"wp","href":"https:\/\/api.w.org\/{rel}","templated":true}]}}