{"id":11339,"date":"2024-05-14T11:21:26","date_gmt":"2024-05-14T11:21:26","guid":{"rendered":"https:\/\/dev.sm360.no\/obb\/?post_type=product&#038;p=11339"},"modified":"2025-03-14T10:22:42","modified_gmt":"2025-03-14T10:22:42","slug":"pw-c22p-i-1508-a-m","status":"publish","type":"product","link":"https:\/\/dev.sm360.no\/obb\/produkt\/pw-c22p-i-1508-a-m\/","title":{"rendered":"PW-C22P I 1508 A-M"},"content":{"rendered":"<table class=\"alternate-rows mb-5\">\n<tbody>\n<tr>\n<td>Varenummer: 146008<\/td>\n<\/tr>\n<tr>\n<td>NOBB-nr: 50650906<\/td>\n<\/tr>\n<tr>\n<td>EAN-nr: 7050481460087<\/td>\n<\/tr>\n<tr>\n<td>Trykk: 150 bar<\/td>\n<\/tr>\n<tr>\n<td>Vannmengde: 500 ltr\/time<\/td>\n<\/tr>\n<tr>\n<td>Styringssystem: Start-stopp<\/td>\n<\/tr>\n<tr>\n<td>Spenning: 230 \/ 16A V-Amp<\/td>\n<\/tr>\n<tr>\n<td>Absorbert effekt: 2,5 kW<\/td>\n<\/tr>\n<tr>\n<td>Motor: 2,5 hk<\/td>\n<\/tr>\n<tr>\n<td>Motortype: Induksjonsmotor<\/td>\n<\/tr>\n<tr>\n<td>Kjemitank: 0,5 Liter<\/td>\n<\/tr>\n<tr>\n<td>Maks temperatur vanntilf\u00f8rsel: 50 \u00b0C<\/td>\n<\/tr>\n<tr>\n<td>H\u00f8ytrykkslange: 8 meter<\/td>\n<\/tr>\n<tr>\n<td>Str\u00f8mkabel: 5 meter<\/td>\n<\/tr>\n<tr>\n<td>Kjem.injektor: Lavtrykksinjektor<\/td>\n<\/tr>\n<tr>\n<td>Start \/ stopp system: Ja<\/td>\n<\/tr>\n<tr>\n<td>Dimensjoner: 34 X 33 X 86,5 cm<\/td>\n<\/tr>\n<\/tbody>\n<\/table>\n<p>&nbsp;<\/p>\n","protected":false},"excerpt":{"rendered":"<p><strong><br \/>\nFOR T\u00d8FFERE ARBEIDSOPPGAVER<\/strong><\/p>\n<p>PW-C22P I 1508 A-M er med sitt arbeidstrykk p\u00e5 150 bar kombinert med en vannmengde p\u00e5 500 l\/timen en meget kraftig og mobil vasker.<br \/>\nPW-C22P I 1508 A-M er et godt alternativ for den som \u00f8nsker en kraftig vasker med h\u00f8y kvalitet i alle ledd. Vaskeren kan tilkobles vanlig stikkontakt med 16A treg sikring.<br \/>\nMed gummiert h\u00e5ndtak og hjul er den meget lett \u00e5 transportere p\u00e5 alle underlag. Det ergod lagringsplass for utstyret p\u00e5 maskinen og den leveres med en integrert s\u00e5petank og solid slangetrommel. P\u00e5f\u00f8ring av vaskemiddel skjer ved \u00e5 vri p\u00e5 dysehodetdelen som er merket &laquo;pressure&raquo; mot \u00f7 .<\/p>\n<p>Maskinen suger kun s\u00e5pe p\u00e5 lavt trykk. Den har automatiskstart\/stopp fra h\u00f8ytrykkspistolen, og et maks. trykk p\u00e5 150 bar.<br \/>\nLukket oljesm\u00f8ringssystem for h\u00f8ytrykkspumpen gj\u00f8r den helt vedlikeholdsfri,og med sin enkle konstruksjon er driftssikkerheten i f\u00f8rste klasse.<br \/>\nPW-C22P I 1508 A-M har elektrisk induksjonsmotor som er luftavkj\u00f8lt med overbelastningsvern.<\/p>\n<p>Leveres klar til bruk med 8 meter fiberarmert h\u00f8ytrykksslange, vaskelanse med kombidyse, turbodyse, vannkopling med vannfilter og rensen\u00e5l for h\u00f8ytrykksdysen.<\/p>\n<p>Turbodysen \u00f8ker den praktiske vaskeeffekten til det dobbelte.<\/p>\n","protected":false},"featured_media":11369,"template":"","meta":{"inline_featured_image":false,"site-sidebar-layout":"default","site-content-layout":"","ast-site-content-layout":"default","site-content-style":"default","site-sidebar-style":"default","ast-global-header-display":"","ast-banner-title-visibility":"","ast-main-header-display":"","ast-hfb-above-header-display":"","ast-hfb-below-header-display":"","ast-hfb-mobile-header-display":"","site-post-title":"","ast-breadcrumbs-content":"","ast-featured-img":"","footer-sml-layout":"","theme-transparent-header-meta":"default","adv-header-id-meta":"","stick-header-meta":"","header-above-stick-meta":"","header-main-stick-meta":"","header-below-stick-meta":"","astra-migrate-meta-layouts":"set","ast-page-background-enabled":"default","ast-page-background-meta":{"desktop":{"background-color":"var(--ast-global-color-4)","background-image":"","background-repeat":"repeat","background-position":"center center","background-size":"auto","background-attachment":"scroll","background-type":"","background-media":"","overlay-type":"","overlay-color":"","overlay-opacity":"","overlay-gradient":""},"tablet":{"background-color":"","background-image":"","background-repeat":"repeat","background-position":"center center","background-size":"auto","background-attachment":"scroll","background-type":"","background-media":"","overlay-type":"","overlay-color":"","overlay-opacity":"","overlay-gradient":""},"mobile":{"background-color":"","background-image":"","background-repeat":"repeat","background-position":"center center","background-size":"auto","background-attachment":"scroll","background-type":"","background-media":"","overlay-type":"","overlay-color":"","overlay-opacity":"","overlay-gradient":""}},"ast-content-background-meta":{"desktop":{"background-color":"var(--ast-global-color-5)","background-image":"","background-repeat":"repeat","background-position":"center center","background-size":"auto","background-attachment":"scroll","background-type":"","background-media":"","overlay-type":"","overlay-color":"","overlay-opacity":"","overlay-gradient":""},"tablet":{"background-color":"var(--ast-global-color-5)","background-image":"","background-repeat":"repeat","background-position":"center center","background-size":"auto","background-attachment":"scroll","background-type":"","background-media":"","overlay-type":"","overlay-color":"","overlay-opacity":"","overlay-gradient":""},"mobile":{"background-color":"var(--ast-global-color-5)","background-image":"","background-repeat":"repeat","background-position":"center center","background-size":"auto","background-attachment":"scroll","background-type":"","background-media":"","overlay-type":"","overlay-color":"","overlay-opacity":"","overlay-gradient":""}}},"product_brand":[],"product_cat":[154,195],"product_tag":[],"class_list":{"0":"post-11339","1":"product","2":"type-product","3":"status-publish","4":"has-post-thumbnail","6":"product_cat-hoytrykksvaskere","7":"product_cat-semi-proff","8":"desktop-align-left","9":"tablet-align-left","10":"mobile-align-left","12":"first","13":"instock","14":"sale","15":"taxable","16":"shipping-taxable","17":"purchasable","18":"product-type-simple"},"_links":{"self":[{"href":"https:\/\/dev.sm360.no\/obb\/wp-json\/wp\/v2\/product\/11339","targetHints":{"allow":["GET"]}}],"collection":[{"href":"https:\/\/dev.sm360.no\/obb\/wp-json\/wp\/v2\/product"}],"about":[{"href":"https:\/\/dev.sm360.no\/obb\/wp-json\/wp\/v2\/types\/product"}],"version-history":[{"count":4,"href":"https:\/\/dev.sm360.no\/obb\/wp-json\/wp\/v2\/product\/11339\/revisions"}],"predecessor-version":[{"id":13336,"href":"https:\/\/dev.sm360.no\/obb\/wp-json\/wp\/v2\/product\/11339\/revisions\/13336"}],"wp:featuredmedia":[{"embeddable":true,"href":"https:\/\/dev.sm360.no\/obb\/wp-json\/wp\/v2\/media\/11369"}],"wp:attachment":[{"href":"https:\/\/dev.sm360.no\/obb\/wp-json\/wp\/v2\/media?parent=11339"}],"wp:term":[{"taxonomy":"product_brand","embeddable":true,"href":"https:\/\/dev.sm360.no\/obb\/wp-json\/wp\/v2\/product_brand?post=11339"},{"taxonomy":"product_cat","embeddable":true,"href":"https:\/\/dev.sm360.no\/obb\/wp-json\/wp\/v2\/product_cat?post=11339"},{"taxonomy":"product_tag","embeddable":true,"href":"https:\/\/dev.sm360.no\/obb\/wp-json\/wp\/v2\/product_tag?post=11339"}],"curies":[{"name":"wp","href":"https:\/\/api.w.org\/{rel}","templated":true}]}}