{"id":11343,"date":"2024-05-14T11:21:26","date_gmt":"2024-05-14T11:21:26","guid":{"rendered":"https:\/\/dev.sm360.no\/obb\/?post_type=product&#038;p=11343"},"modified":"2024-05-14T11:21:29","modified_gmt":"2024-05-14T11:21:29","slug":"pw-c45-d1814p4-t-3x230v","status":"publish","type":"product","link":"https:\/\/dev.sm360.no\/obb\/produkt\/pw-c45-d1814p4-t-3x230v\/","title":{"rendered":"PW-C45 D1814P4 T 3x230v"},"content":{"rendered":"<div class=\"row\">\n<div class=\"col-md-6 product-order\">\n<div id=\"product-info\" class=\"collapse show\">\n<div class=\"mb-5 mt-3 pb-4\">\n<div id=\"prod-txt-container\" class=\"\">\n<div id=\"product-info\" class=\"collapse show\">\n<div class=\"mb-5 mt-3 pb-4\">\n<div id=\"prod-txt-container\" class=\"\">\n<div id=\"product-info\" class=\"collapse show\">\n<div class=\"mb-5 mt-3 pb-4\">\n<div id=\"prod-txt-container\" class=\"\">\n<div class=\"row\">\n<div class=\"col-md-6 product-order\">\n<div id=\"product-info\" class=\"collapse show\">\n<div class=\"mb-5 mt-3 pb-4\">\n<div id=\"prod-txt-container\" class=\"\">\n<div>\n<div id=\"product-info\" class=\"collapse show\">\n<div class=\"mb-5 mt-3 pb-4\">\n<div id=\"prod-txt-container\" class=\"\">\n<div>\n<p>PW-C45 er en kaldtvannsvasker i mellomklassen med h\u00f8y kvalitet og mange sikkerhetsfunksjoner. H\u00f8ytrykkspumpen leveres med pakninger med lang varighet, inntaksventiler i rustfritt st\u00e5l, keramiske stempler og overdimensjonerte lager for lang varighet. PW-C45 har intelligent automatisk start\/stopp funksjon, med forsinkelse p\u00e5 stopp funksjonen. Med PW-C45 f\u00e5r du reduserte vedlikeholdkostnader takket v\u00e6re den smart designen, som gj\u00f8r at alle komponenter er lett \u00e5 komme til, som igjen gj\u00f8r at servicetiden blir kortere. Ergonomien er sterkt forbedret p\u00e5 denne maskinen slik at den er enkel \u00e5 transportere, bruke og lagre. Flere lagringsplasser for utstyr, lanseholder med l\u00e5s, krok for \u00e5 henge kabel, h\u00e5ndtak som kan folles ned og store hjul.<\/p>\n<p>PW-C45 egner seg til bruk i jordbruket, autobransjen og anleggsbransjen.<\/p>\n<p>(slangetrommel f\u00f8lger ikke med)<\/p>\n<\/div>\n<div><\/div>\n<\/div>\n<\/div>\n<\/div>\n<div class=\"iframeContainer\"><iframe src=\"https:\/\/www.youtube.com\/embed\/KKIaXUu4e5k\" width=\"750\" height=\"422\" frameborder=\"0\" allowfullscreen=\"allowfullscreen\"><\/iframe><\/div>\n<\/div>\n<\/div>\n<\/div>\n<\/div>\n<\/div>\n<\/div>\n<\/div>\n<\/div>\n<\/div>\n<\/div>\n<\/div>\n<\/div>\n<\/div>\n<\/div>\n<\/div>\n<\/div>\n<\/div>\n","protected":false},"excerpt":{"rendered":"<table class=\"alternate-rows mb-5\">\n<tbody>\n<tr>\n<td>Varenummer: 121389<\/td>\n<\/tr>\n<tr>\n<td>EAN-nr: 7050481213898<\/td>\n<\/tr>\n<tr>\n<td>Trykk: 180 bar<\/td>\n<\/tr>\n<tr>\n<td>Vannmengde: 840 ltr\/time<\/td>\n<\/tr>\n<tr>\n<td>Styringssystem: DTS<\/td>\n<\/tr>\n<tr>\n<td>Spenning: 3&#215;400\/10 V-Amp<\/td>\n<\/tr>\n<tr>\n<td>Absorbert effekt: 4,7 kW<\/td>\n<\/tr>\n<tr>\n<td>Motortype: 4-pol<\/td>\n<\/tr>\n<tr>\n<td>Pumpeturtall: 1400 rpm<\/td>\n<\/tr>\n<tr>\n<td>Maks temperatur vanntilf\u00f8rsel: 50 \u00b0C<\/td>\n<\/tr>\n<tr>\n<td>Antall pumper: 1 stk<\/td>\n<\/tr>\n<tr>\n<td>Dimensjoner: 75x42x82 cm<\/td>\n<\/tr>\n<\/tbody>\n<\/table>\n","protected":false},"featured_media":11379,"template":"","meta":{"inline_featured_image":false,"site-sidebar-layout":"default","site-content-layout":"","ast-site-content-layout":"","site-content-style":"default","site-sidebar-style":"default","ast-global-header-display":"","ast-banner-title-visibility":"","ast-main-header-display":"","ast-hfb-above-header-display":"","ast-hfb-below-header-display":"","ast-hfb-mobile-header-display":"","site-post-title":"","ast-breadcrumbs-content":"","ast-featured-img":"","footer-sml-layout":"","theme-transparent-header-meta":"","adv-header-id-meta":"","stick-header-meta":"","header-above-stick-meta":"","header-main-stick-meta":"","header-below-stick-meta":"","astra-migrate-meta-layouts":"default","ast-page-background-enabled":"default","ast-page-background-meta":{"desktop":{"background-color":"var(--ast-global-color-4)","background-image":"","background-repeat":"repeat","background-position":"center center","background-size":"auto","background-attachment":"scroll","background-type":"","background-media":"","overlay-type":"","overlay-color":"","overlay-opacity":"","overlay-gradient":""},"tablet":{"background-color":"","background-image":"","background-repeat":"repeat","background-position":"center center","background-size":"auto","background-attachment":"scroll","background-type":"","background-media":"","overlay-type":"","overlay-color":"","overlay-opacity":"","overlay-gradient":""},"mobile":{"background-color":"","background-image":"","background-repeat":"repeat","background-position":"center center","background-size":"auto","background-attachment":"scroll","background-type":"","background-media":"","overlay-type":"","overlay-color":"","overlay-opacity":"","overlay-gradient":""}},"ast-content-background-meta":{"desktop":{"background-color":"var(--ast-global-color-5)","background-image":"","background-repeat":"repeat","background-position":"center center","background-size":"auto","background-attachment":"scroll","background-type":"","background-media":"","overlay-type":"","overlay-color":"","overlay-opacity":"","overlay-gradient":""},"tablet":{"background-color":"var(--ast-global-color-5)","background-image":"","background-repeat":"repeat","background-position":"center center","background-size":"auto","background-attachment":"scroll","background-type":"","background-media":"","overlay-type":"","overlay-color":"","overlay-opacity":"","overlay-gradient":""},"mobile":{"background-color":"var(--ast-global-color-5)","background-image":"","background-repeat":"repeat","background-position":"center center","background-size":"auto","background-attachment":"scroll","background-type":"","background-media":"","overlay-type":"","overlay-color":"","overlay-opacity":"","overlay-gradient":""}}},"product_brand":[],"product_cat":[154,155,156],"product_tag":[],"class_list":{"0":"post-11343","1":"product","2":"type-product","3":"status-publish","4":"has-post-thumbnail","6":"product_cat-hoytrykksvaskere","7":"product_cat-kaldtvannsvaskere","8":"product_cat-proff","9":"desktop-align-left","10":"tablet-align-left","11":"mobile-align-left","13":"first","14":"instock","15":"sale","16":"taxable","17":"shipping-taxable","18":"purchasable","19":"product-type-simple"},"_links":{"self":[{"href":"https:\/\/dev.sm360.no\/obb\/wp-json\/wp\/v2\/product\/11343","targetHints":{"allow":["GET"]}}],"collection":[{"href":"https:\/\/dev.sm360.no\/obb\/wp-json\/wp\/v2\/product"}],"about":[{"href":"https:\/\/dev.sm360.no\/obb\/wp-json\/wp\/v2\/types\/product"}],"version-history":[{"count":1,"href":"https:\/\/dev.sm360.no\/obb\/wp-json\/wp\/v2\/product\/11343\/revisions"}],"predecessor-version":[{"id":11380,"href":"https:\/\/dev.sm360.no\/obb\/wp-json\/wp\/v2\/product\/11343\/revisions\/11380"}],"wp:featuredmedia":[{"embeddable":true,"href":"https:\/\/dev.sm360.no\/obb\/wp-json\/wp\/v2\/media\/11379"}],"wp:attachment":[{"href":"https:\/\/dev.sm360.no\/obb\/wp-json\/wp\/v2\/media?parent=11343"}],"wp:term":[{"taxonomy":"product_brand","embeddable":true,"href":"https:\/\/dev.sm360.no\/obb\/wp-json\/wp\/v2\/product_brand?post=11343"},{"taxonomy":"product_cat","embeddable":true,"href":"https:\/\/dev.sm360.no\/obb\/wp-json\/wp\/v2\/product_cat?post=11343"},{"taxonomy":"product_tag","embeddable":true,"href":"https:\/\/dev.sm360.no\/obb\/wp-json\/wp\/v2\/product_tag?post=11343"}],"curies":[{"name":"wp","href":"https:\/\/api.w.org\/{rel}","templated":true}]}}