{"id":11356,"date":"2024-05-14T11:21:27","date_gmt":"2024-05-14T11:21:27","guid":{"rendered":"https:\/\/dev.sm360.no\/obb\/?post_type=product&#038;p=11356"},"modified":"2024-05-14T11:21:32","modified_gmt":"2024-05-14T11:21:32","slug":"pe-14-2-150","status":"publish","type":"product","link":"https:\/\/dev.sm360.no\/obb\/produkt\/pe-14-2-150\/","title":{"rendered":"PE 14-2 150"},"content":{"rendered":"<p><span title=\"VR electronic control: stepless speed selection, tachogenerator-controlled constant speed, overload protection, re-start protection and temperature monitoring \">VR elektronisk styring: trinnl\u00f8st hastighetsvalg, tachogeneratorstyrt konstant hastighet, overbelastningsbeskyttelse, omstartsbeskyttelse og temperaturoverv\u00e5king<br \/>\n<\/span><span title=\"Powerful 1400 watt motor with highly-efficient ventilator for optimum cooling \">Kraftig 1400 watt motor med h\u00f8yeffektiv ventilator for optimal kj\u00f8ling<br \/>\n<\/span><span title=\"Continuous speed control trigger: for a gentle start (starting speed at setting 1 (380 rpm)) and a lock-on for continuous operation \">Kontinuerlig hastighetskontrollbryte for en forsiktig start (starthastighet ved innstilling 1 (380 o\/min)) og\u00a0l\u00e5sing for kontinuerlig drift<br \/>\n<\/span><span title=\"Optimised air flow for optimum cooling of motor and gear.\">Optimal luftstr\u00f8m for optimal kj\u00f8ling av motor og gir.\u00a0<\/span><span title=\"No annoying exhaust air for the user \">Ingen irriterende avtrekk for brukeren<br \/>\n<\/span><span title=\"Innovative combination of planetary and angular gears reduces noise to an absolute minimum \">Innovativ kombinasjon av planet -og vinkelgir reduserer st\u00f8y til et absolutt minimum<br \/>\n<\/span><span title=\"Flat gear head reduces distance to the surface.\">Flatt girhusdeksel reduserer avstanden til overflaten.\u00a0<\/span><span title=\"The machine can therefore be operated safely in any position. \">Maskinen kan derfor betjenes trygt i enhver stilling.<br \/>\n<\/span><span title=\"Grip hood: ergonomically shaped with SoftGrip.\">Ergonomisk formet girhusdeksel\u00a0med SoftGrip.\u00a0<\/span><span title=\"The machine can be controlled with precision and is always comfortable yet secure to hold. \">Maskinen kan styres med presisjon og er alltid komfortabel og\u00a0sikker \u00e5 holde.<br \/>\n<\/span><span title=\"Spindle lock: It is ideally positioned to prevent operating error and does not interfere with the grip area. \">Spindell\u00e5s: Den er ideelt plassert for \u00e5 hindre driftsfeil og ikke forstyrrer gripomr\u00e5det.<br \/>\n<\/span><span title=\"With rubberised resting bar for safe setting down \">Gummiert hvilepunkt beskytter maskinen n\u00e5r den ikke er i bruk<br \/>\n<\/span><span title=\"4 metres PUR H05-BQF cable: wear-resistant, flexible and highly resistant to cuts and abrasions\">4 meter PUR H05-BQF kabel som er slitesterk, fleksibel og sv\u00e6rt motstandsdyktig mot kutt og slitasje.<\/span><\/p>\n<p>&nbsp;<\/p>\n<div class=\"downloads-item\">\n<div class=\"item-icon\"><img decoding=\"async\" src=\"https:\/\/flex-tools.no\/media\/images\/downloads\/types\/pdf.png\" alt=\"pdf\" \/>\u00a0<a title=\"Brukerveiledning PE 14-2 150\" href=\"https:\/\/flex-tools.no\/downloads\/dl\/file\/id\/164\/product\/77\/brukerveiledning_pe_14_2_150.pdf\" rel=\"164\"><b>Brukerveiledning PE 14-2 150<\/b><\/a><\/div>\n<div class=\"item-info\">(St\u00f8rrelse: 4.4 MB)<\/p>\n<\/div>\n<\/div>\n<div class=\"downloads-item\">\n<div class=\"item-icon\"><img decoding=\"async\" src=\"https:\/\/flex-tools.no\/media\/images\/downloads\/types\/pdf.png\" alt=\"pdf\" \/>\u00a0<a title=\"PE 14-2 150\" href=\"https:\/\/flex-tools.no\/downloads\/dl\/file\/id\/11\/product\/77\/pe_14_2_150.pdf\" rel=\"11\"><b>PE 14-2 150<\/b><\/a><\/div>\n<div class=\"item-info\">(St\u00f8rrelse: 1.1 MB)<\/div>\n<\/div>\n","protected":false},"excerpt":{"rendered":"<table class=\"data-table\">\n<caption class=\"h2\">\u00a0<\/caption>\n<colgroup>\n<col width=\"25%\" \/>\n<col \/><\/colgroup>\n<tbody>\n<tr>\n<th class=\"label\">Maks. paddiameter<\/th>\n<td class=\"data\">200 mm<\/td>\n<\/tr>\n<tr>\n<th class=\"label\">Maks. St\u00f8ttetallerken \u00d8<\/th>\n<td class=\"data\">150 mm<\/td>\n<\/tr>\n<tr>\n<th class=\"label\">Tomgangsturtall<\/th>\n<td class=\"data\">380-2100 \/min<\/td>\n<\/tr>\n<tr>\n<th class=\"label\">Nominelt effektopptak<\/th>\n<td class=\"data\">1400w<\/td>\n<\/tr>\n<tr>\n<th class=\"label\">Avgitt effekt<\/th>\n<td class=\"data\">880w<\/td>\n<\/tr>\n<tr>\n<th class=\"label\">Verkt\u00f8yholder<\/th>\n<td class=\"data\">M14<\/td>\n<\/tr>\n<tr>\n<th class=\"label\">St\u00f8rrelse<\/th>\n<td class=\"data\">405 x 117 mm<\/td>\n<\/tr>\n<tr>\n<th class=\"label\">Kabellengde<\/th>\n<td class=\"data\">Nei<\/td>\n<\/tr>\n<tr>\n<th class=\"label\">Vekt<\/th>\n<td class=\"data\">2,3 kg<\/td>\n<\/tr>\n<\/tbody>\n<\/table>\n","protected":false},"featured_media":11407,"template":"","meta":{"inline_featured_image":false,"site-sidebar-layout":"default","site-content-layout":"","ast-site-content-layout":"","site-content-style":"default","site-sidebar-style":"default","ast-global-header-display":"","ast-banner-title-visibility":"","ast-main-header-display":"","ast-hfb-above-header-display":"","ast-hfb-below-header-display":"","ast-hfb-mobile-header-display":"","site-post-title":"","ast-breadcrumbs-content":"","ast-featured-img":"","footer-sml-layout":"","theme-transparent-header-meta":"","adv-header-id-meta":"","stick-header-meta":"","header-above-stick-meta":"","header-main-stick-meta":"","header-below-stick-meta":"","astra-migrate-meta-layouts":"default","ast-page-background-enabled":"default","ast-page-background-meta":{"desktop":{"background-color":"var(--ast-global-color-4)","background-image":"","background-repeat":"repeat","background-position":"center center","background-size":"auto","background-attachment":"scroll","background-type":"","background-media":"","overlay-type":"","overlay-color":"","overlay-opacity":"","overlay-gradient":""},"tablet":{"background-color":"","background-image":"","background-repeat":"repeat","background-position":"center center","background-size":"auto","background-attachment":"scroll","background-type":"","background-media":"","overlay-type":"","overlay-color":"","overlay-opacity":"","overlay-gradient":""},"mobile":{"background-color":"","background-image":"","background-repeat":"repeat","background-position":"center center","background-size":"auto","background-attachment":"scroll","background-type":"","background-media":"","overlay-type":"","overlay-color":"","overlay-opacity":"","overlay-gradient":""}},"ast-content-background-meta":{"desktop":{"background-color":"var(--ast-global-color-5)","background-image":"","background-repeat":"repeat","background-position":"center center","background-size":"auto","background-attachment":"scroll","background-type":"","background-media":"","overlay-type":"","overlay-color":"","overlay-opacity":"","overlay-gradient":""},"tablet":{"background-color":"var(--ast-global-color-5)","background-image":"","background-repeat":"repeat","background-position":"center center","background-size":"auto","background-attachment":"scroll","background-type":"","background-media":"","overlay-type":"","overlay-color":"","overlay-opacity":"","overlay-gradient":""},"mobile":{"background-color":"var(--ast-global-color-5)","background-image":"","background-repeat":"repeat","background-position":"center center","background-size":"auto","background-attachment":"scroll","background-type":"","background-media":"","overlay-type":"","overlay-color":"","overlay-opacity":"","overlay-gradient":""}}},"product_brand":[],"product_cat":[167,188],"product_tag":[],"class_list":{"0":"post-11356","1":"product","2":"type-product","3":"status-publish","4":"has-post-thumbnail","6":"product_cat-polering","7":"product_cat-maskiner","8":"desktop-align-left","9":"tablet-align-left","10":"mobile-align-left","12":"first","13":"instock","14":"taxable","15":"shipping-taxable","16":"purchasable","17":"product-type-simple"},"_links":{"self":[{"href":"https:\/\/dev.sm360.no\/obb\/wp-json\/wp\/v2\/product\/11356","targetHints":{"allow":["GET"]}}],"collection":[{"href":"https:\/\/dev.sm360.no\/obb\/wp-json\/wp\/v2\/product"}],"about":[{"href":"https:\/\/dev.sm360.no\/obb\/wp-json\/wp\/v2\/types\/product"}],"version-history":[{"count":1,"href":"https:\/\/dev.sm360.no\/obb\/wp-json\/wp\/v2\/product\/11356\/revisions"}],"predecessor-version":[{"id":11408,"href":"https:\/\/dev.sm360.no\/obb\/wp-json\/wp\/v2\/product\/11356\/revisions\/11408"}],"wp:featuredmedia":[{"embeddable":true,"href":"https:\/\/dev.sm360.no\/obb\/wp-json\/wp\/v2\/media\/11407"}],"wp:attachment":[{"href":"https:\/\/dev.sm360.no\/obb\/wp-json\/wp\/v2\/media?parent=11356"}],"wp:term":[{"taxonomy":"product_brand","embeddable":true,"href":"https:\/\/dev.sm360.no\/obb\/wp-json\/wp\/v2\/product_brand?post=11356"},{"taxonomy":"product_cat","embeddable":true,"href":"https:\/\/dev.sm360.no\/obb\/wp-json\/wp\/v2\/product_cat?post=11356"},{"taxonomy":"product_tag","embeddable":true,"href":"https:\/\/dev.sm360.no\/obb\/wp-json\/wp\/v2\/product_tag?post=11356"}],"curies":[{"name":"wp","href":"https:\/\/api.w.org\/{rel}","templated":true}]}}