{"id":11357,"date":"2024-05-14T11:21:27","date_gmt":"2024-05-14T11:21:27","guid":{"rendered":"https:\/\/dev.sm360.no\/obb\/?post_type=product&#038;p=11357"},"modified":"2025-03-05T09:58:22","modified_gmt":"2025-03-05T09:58:22","slug":"pe-14-1-180","status":"publish","type":"product","link":"https:\/\/dev.sm360.no\/obb\/produkt\/pe-14-1-180\/","title":{"rendered":"PE 14-1 180"},"content":{"rendered":"<p>VR elektronisk styring: trinnl\u00f8st hastighetsvalg, tachogeneratorstyrt konstant hastighet, overbelastningsbeskyttelse, omstartsbeskyttelse og temperaturoverv\u00e5king<br \/>\nKraftig 1400 watt motor med h\u00f8yeffektiv ventilator for optimal kj\u00f8ling<br \/>\nKontinuerlig hastighetskontrollbryte for en forsiktig start (starthastighet ved innstilling 1 (250 o\/min)) og l\u00e5sing for kontinuerlig drift<br \/>\nOptimal luftstr\u00f8m for optimal kj\u00f8ling av motor og gir. Ingen irriterende avtrekk for brukeren<br \/>\nInnovativ kombinasjon av planet -og vinkelgir reduserer st\u00f8y til et absolutt minimum<br \/>\nFlatt girhusdeksel reduserer avstanden til overflaten. Maskinen kan derfor betjenes trygt i enhver stilling.<br \/>\nErgonomisk formet girhusdeksel med SoftGrip. Maskinen kan styres med presisjon og er alltid komfortabel og sikker \u00e5 holde.<br \/>\nSpindell\u00e5s: Den er ideelt plassert for \u00e5 hindre driftsfeil og ikke forstyrrer gripomr\u00e5det.<br \/>\nGummiert hvilepunkt beskytter maskinen n\u00e5r den ikke er i bruk<br \/>\nSpesielt egnet\u00a0for polering\u00a0av store horisontale og vertikale omr\u00e5der. For bil-, maritim og luftfartsomr\u00e5der<br \/>\nEkstremt lave omdreininger og h\u00f8yt dreiemoment for varmef\u00f8lsomme overflater<br \/>\n4 meter PUR H05-BQF kabel som er slitesterk, fleksibel og sv\u00e6rt motstandsdyktig mot kutt og slitasje.<\/p>\n<p>&nbsp;<\/p>\n<div class=\"downloads-item\">\n<div class=\"item-icon\"><img decoding=\"async\" src=\"https:\/\/flex-tools.no\/media\/images\/downloads\/types\/pdf.png\" alt=\"pdf\" \/>\u00a0<a title=\"Brukerveiledning PE 14-1 180\" href=\"https:\/\/flex-tools.no\/downloads\/dl\/file\/id\/167\/product\/481\/brukerveiledning_pe_14_1_180.pdf\" rel=\"167\"><b>Brukerveiledning PE 14-1 180<\/b><\/a><\/div>\n<div class=\"item-info\">\n<p>(St\u00f8rrelse: 4.4 MB)<\/p>\n<\/div>\n<\/div>\n<div class=\"downloads-item\">\n<div class=\"item-icon\"><img decoding=\"async\" src=\"https:\/\/flex-tools.no\/media\/images\/downloads\/types\/pdf.png\" alt=\"pdf\" \/>\u00a0<a title=\"PE 14-1 180\" href=\"https:\/\/flex-tools.no\/downloads\/dl\/file\/id\/83\/product\/481\/pe_14_1_180.pdf\" rel=\"83\"><b>PE 14-1 180<\/b><\/a><\/div>\n<div class=\"item-info\">(St\u00f8rrelse: 761.9 KB)<\/div>\n<\/div>\n","protected":false},"excerpt":{"rendered":"<table class=\"data-table\">\n<caption class=\"h2\">\u00a0<\/caption>\n<colgroup>\n<col width=\"25%\" \/>\n<col \/><\/colgroup>\n<tbody>\n<tr>\n<th class=\"label\">Maks. paddiameter<\/th>\n<td class=\"data\">250 mm<\/td>\n<\/tr>\n<tr>\n<th class=\"label\">Maks. St\u00f8ttetallerken \u00d8<\/th>\n<td class=\"data\">180 mm<\/td>\n<\/tr>\n<tr>\n<th class=\"label\">Tomgangsturtall<\/th>\n<td class=\"data\">250-1380 \/min<\/td>\n<\/tr>\n<tr>\n<th class=\"label\">Nominelt effektopptak<\/th>\n<td class=\"data\">1400w<\/td>\n<\/tr>\n<tr>\n<th class=\"label\">Avgitt effekt<\/th>\n<td class=\"data\">880w<\/td>\n<\/tr>\n<tr>\n<th class=\"label\">Verkt\u00f8yholder<\/th>\n<td class=\"data\">M14<\/td>\n<\/tr>\n<tr>\n<th class=\"label\">St\u00f8rrelse<\/th>\n<td class=\"data\">405 x 117 mm<\/td>\n<\/tr>\n<tr>\n<th class=\"label\">Kabellengde<\/th>\n<td class=\"data\">4 m<\/td>\n<\/tr>\n<tr>\n<th class=\"label\">Vekt<\/th>\n<td class=\"data\">2,3 kg<\/td>\n<\/tr>\n<\/tbody>\n<\/table>\n","protected":false},"featured_media":11409,"template":"","meta":{"inline_featured_image":false,"site-sidebar-layout":"default","site-content-layout":"","ast-site-content-layout":"","site-content-style":"default","site-sidebar-style":"default","ast-global-header-display":"","ast-banner-title-visibility":"","ast-main-header-display":"","ast-hfb-above-header-display":"","ast-hfb-below-header-display":"","ast-hfb-mobile-header-display":"","site-post-title":"","ast-breadcrumbs-content":"","ast-featured-img":"","footer-sml-layout":"","theme-transparent-header-meta":"","adv-header-id-meta":"","stick-header-meta":"","header-above-stick-meta":"","header-main-stick-meta":"","header-below-stick-meta":"","astra-migrate-meta-layouts":"default","ast-page-background-enabled":"default","ast-page-background-meta":{"desktop":{"background-color":"var(--ast-global-color-4)","background-image":"","background-repeat":"repeat","background-position":"center center","background-size":"auto","background-attachment":"scroll","background-type":"","background-media":"","overlay-type":"","overlay-color":"","overlay-opacity":"","overlay-gradient":""},"tablet":{"background-color":"","background-image":"","background-repeat":"repeat","background-position":"center center","background-size":"auto","background-attachment":"scroll","background-type":"","background-media":"","overlay-type":"","overlay-color":"","overlay-opacity":"","overlay-gradient":""},"mobile":{"background-color":"","background-image":"","background-repeat":"repeat","background-position":"center center","background-size":"auto","background-attachment":"scroll","background-type":"","background-media":"","overlay-type":"","overlay-color":"","overlay-opacity":"","overlay-gradient":""}},"ast-content-background-meta":{"desktop":{"background-color":"var(--ast-global-color-5)","background-image":"","background-repeat":"repeat","background-position":"center center","background-size":"auto","background-attachment":"scroll","background-type":"","background-media":"","overlay-type":"","overlay-color":"","overlay-opacity":"","overlay-gradient":""},"tablet":{"background-color":"var(--ast-global-color-5)","background-image":"","background-repeat":"repeat","background-position":"center center","background-size":"auto","background-attachment":"scroll","background-type":"","background-media":"","overlay-type":"","overlay-color":"","overlay-opacity":"","overlay-gradient":""},"mobile":{"background-color":"var(--ast-global-color-5)","background-image":"","background-repeat":"repeat","background-position":"center center","background-size":"auto","background-attachment":"scroll","background-type":"","background-media":"","overlay-type":"","overlay-color":"","overlay-opacity":"","overlay-gradient":""}}},"product_brand":[],"product_cat":[167,188],"product_tag":[],"class_list":{"0":"post-11357","1":"product","2":"type-product","3":"status-publish","4":"has-post-thumbnail","6":"product_cat-polering","7":"product_cat-maskiner","8":"desktop-align-left","9":"tablet-align-left","10":"mobile-align-left","12":"first","13":"instock","14":"taxable","15":"shipping-taxable","16":"purchasable","17":"product-type-simple"},"_links":{"self":[{"href":"https:\/\/dev.sm360.no\/obb\/wp-json\/wp\/v2\/product\/11357","targetHints":{"allow":["GET"]}}],"collection":[{"href":"https:\/\/dev.sm360.no\/obb\/wp-json\/wp\/v2\/product"}],"about":[{"href":"https:\/\/dev.sm360.no\/obb\/wp-json\/wp\/v2\/types\/product"}],"version-history":[{"count":1,"href":"https:\/\/dev.sm360.no\/obb\/wp-json\/wp\/v2\/product\/11357\/revisions"}],"predecessor-version":[{"id":11410,"href":"https:\/\/dev.sm360.no\/obb\/wp-json\/wp\/v2\/product\/11357\/revisions\/11410"}],"wp:featuredmedia":[{"embeddable":true,"href":"https:\/\/dev.sm360.no\/obb\/wp-json\/wp\/v2\/media\/11409"}],"wp:attachment":[{"href":"https:\/\/dev.sm360.no\/obb\/wp-json\/wp\/v2\/media?parent=11357"}],"wp:term":[{"taxonomy":"product_brand","embeddable":true,"href":"https:\/\/dev.sm360.no\/obb\/wp-json\/wp\/v2\/product_brand?post=11357"},{"taxonomy":"product_cat","embeddable":true,"href":"https:\/\/dev.sm360.no\/obb\/wp-json\/wp\/v2\/product_cat?post=11357"},{"taxonomy":"product_tag","embeddable":true,"href":"https:\/\/dev.sm360.no\/obb\/wp-json\/wp\/v2\/product_tag?post=11357"}],"curies":[{"name":"wp","href":"https:\/\/api.w.org\/{rel}","templated":true}]}}