{"id":11359,"date":"2024-05-14T11:21:27","date_gmt":"2024-05-14T11:21:27","guid":{"rendered":"https:\/\/dev.sm360.no\/obb\/?post_type=product&#038;p=11359"},"modified":"2025-03-05T09:59:37","modified_gmt":"2025-03-05T09:59:37","slug":"pe-14-3-125","status":"publish","type":"product","link":"https:\/\/dev.sm360.no\/obb\/produkt\/pe-14-3-125\/","title":{"rendered":"PE 14-3 125"},"content":{"rendered":"<p>VR mikroprosessor kontroll: med tachogenerator konstant hastighetskontroll, mykstart, kontinuerlig hastighetsreguleringsbryter, omstartbeskyttelse etter str\u00f8mbrudd, overbelastningsbeskyttelse, temperaturoverv\u00e5king og hastighetsvalg.<br \/>\nAksellerasjonsbryter for langsom og forsiktig start.<br \/>\nMed det brede hastighetsomr\u00e5det er den perfekt for \u00e5 jobbe med poleringssvamper fra \u00d8 80 mm opp til maks \u00d8 160 mm.<br \/>\nAnbefalt poleringspute \u00d8 140 mm.<br \/>\nErgonomisk design.<br \/>\nSlank maskinkropp og ergonomisk grepdeksel for \u00e5 optimalisere h\u00e5ndtering og redusere tretthet ved polering.<br \/>\n4 meter PUR H05-BQF kabel som slitesterk, fleksibel og sv\u00e6rt motstandsdyktig mot kutt og slitasje.<br \/>\nSpindell\u00e5s.<\/p>\n<p>&nbsp;<\/p>\n<div class=\"downloads-item\"><\/div>\n<div class=\"downloads-item\">\n<div class=\"item-info\">\n<div class=\"downloads-item\">\n<div class=\"item-icon\"><img decoding=\"async\" src=\"https:\/\/flex-tools.no\/media\/images\/downloads\/types\/pdf.png\" alt=\"pdf\" \/>\u00a0<a title=\"Brukerveiledning PE 14-3 125\" href=\"https:\/\/flex-tools.no\/downloads\/dl\/file\/id\/165\/product\/79\/brukerveiledning_pe_14_3_125.pdf\" rel=\"165\"><b>Brukerveiledning PE 14-3 125<\/b><\/a><\/div>\n<p>(St\u00f8rrelse: 4.3 MB)<\/p>\n<\/div>\n<div class=\"downloads-item\">\n<div><\/div>\n<div class=\"item-icon\"><img decoding=\"async\" src=\"https:\/\/flex-tools.no\/media\/images\/downloads\/types\/pdf.png\" alt=\"pdf\" \/>\u00a0<a title=\"PE 14-3 125\" href=\"https:\/\/flex-tools.no\/downloads\/dl\/file\/id\/13\/product\/79\/pe_14_3_125.pdf\" rel=\"13\"><b>PE 14-3 125<\/b><\/a><\/div>\n<p>(St\u00f8rrelse: 762.3 KB)<\/p>\n<\/div>\n<\/div>\n<\/div>\n","protected":false},"excerpt":{"rendered":"<table class=\"data-table\">\n<caption class=\"h2\">\u00a0<\/caption>\n<colgroup>\n<col width=\"25%\" \/>\n<col \/><\/colgroup>\n<tbody>\n<tr>\n<th class=\"label\">Maks. paddiameter<\/th>\n<td class=\"data\">160 mm<\/td>\n<\/tr>\n<tr>\n<th class=\"label\">Maks. St\u00f8ttetallerken \u00d8<\/th>\n<td class=\"data\">125 mm<\/td>\n<\/tr>\n<tr>\n<th class=\"label\">Tomgangsturtall<\/th>\n<td class=\"data\">1100-3700 \/min<\/td>\n<\/tr>\n<tr>\n<th class=\"label\">Nominelt effektopptak<\/th>\n<td class=\"data\">1400w<\/td>\n<\/tr>\n<tr>\n<th class=\"label\">Avgitt effekt<\/th>\n<td class=\"data\">880w<\/td>\n<\/tr>\n<tr>\n<th class=\"label\">Verkt\u00f8yholder<\/th>\n<td class=\"data\">M14<\/td>\n<\/tr>\n<tr>\n<th class=\"label\">St\u00f8rrelse<\/th>\n<td class=\"data\">375 x 120 mm<\/td>\n<\/tr>\n<tr>\n<th class=\"label\">Kabellengde<\/th>\n<td class=\"data\">Nei<\/td>\n<\/tr>\n<tr>\n<th class=\"label\">Vekt<\/th>\n<td class=\"data\">2,2 kg<\/td>\n<\/tr>\n<\/tbody>\n<\/table>\n","protected":false},"featured_media":11409,"template":"","meta":{"inline_featured_image":false,"site-sidebar-layout":"default","site-content-layout":"","ast-site-content-layout":"","site-content-style":"default","site-sidebar-style":"default","ast-global-header-display":"","ast-banner-title-visibility":"","ast-main-header-display":"","ast-hfb-above-header-display":"","ast-hfb-below-header-display":"","ast-hfb-mobile-header-display":"","site-post-title":"","ast-breadcrumbs-content":"","ast-featured-img":"","footer-sml-layout":"","theme-transparent-header-meta":"","adv-header-id-meta":"","stick-header-meta":"","header-above-stick-meta":"","header-main-stick-meta":"","header-below-stick-meta":"","astra-migrate-meta-layouts":"default","ast-page-background-enabled":"default","ast-page-background-meta":{"desktop":{"background-color":"var(--ast-global-color-4)","background-image":"","background-repeat":"repeat","background-position":"center center","background-size":"auto","background-attachment":"scroll","background-type":"","background-media":"","overlay-type":"","overlay-color":"","overlay-opacity":"","overlay-gradient":""},"tablet":{"background-color":"","background-image":"","background-repeat":"repeat","background-position":"center center","background-size":"auto","background-attachment":"scroll","background-type":"","background-media":"","overlay-type":"","overlay-color":"","overlay-opacity":"","overlay-gradient":""},"mobile":{"background-color":"","background-image":"","background-repeat":"repeat","background-position":"center center","background-size":"auto","background-attachment":"scroll","background-type":"","background-media":"","overlay-type":"","overlay-color":"","overlay-opacity":"","overlay-gradient":""}},"ast-content-background-meta":{"desktop":{"background-color":"var(--ast-global-color-5)","background-image":"","background-repeat":"repeat","background-position":"center center","background-size":"auto","background-attachment":"scroll","background-type":"","background-media":"","overlay-type":"","overlay-color":"","overlay-opacity":"","overlay-gradient":""},"tablet":{"background-color":"var(--ast-global-color-5)","background-image":"","background-repeat":"repeat","background-position":"center center","background-size":"auto","background-attachment":"scroll","background-type":"","background-media":"","overlay-type":"","overlay-color":"","overlay-opacity":"","overlay-gradient":""},"mobile":{"background-color":"var(--ast-global-color-5)","background-image":"","background-repeat":"repeat","background-position":"center center","background-size":"auto","background-attachment":"scroll","background-type":"","background-media":"","overlay-type":"","overlay-color":"","overlay-opacity":"","overlay-gradient":""}}},"product_brand":[],"product_cat":[167,188],"product_tag":[],"class_list":{"0":"post-11359","1":"product","2":"type-product","3":"status-publish","4":"has-post-thumbnail","6":"product_cat-polering","7":"product_cat-maskiner","8":"desktop-align-left","9":"tablet-align-left","10":"mobile-align-left","12":"first","13":"instock","14":"taxable","15":"shipping-taxable","16":"purchasable","17":"product-type-simple"},"_links":{"self":[{"href":"https:\/\/dev.sm360.no\/obb\/wp-json\/wp\/v2\/product\/11359","targetHints":{"allow":["GET"]}}],"collection":[{"href":"https:\/\/dev.sm360.no\/obb\/wp-json\/wp\/v2\/product"}],"about":[{"href":"https:\/\/dev.sm360.no\/obb\/wp-json\/wp\/v2\/types\/product"}],"version-history":[{"count":1,"href":"https:\/\/dev.sm360.no\/obb\/wp-json\/wp\/v2\/product\/11359\/revisions"}],"predecessor-version":[{"id":11413,"href":"https:\/\/dev.sm360.no\/obb\/wp-json\/wp\/v2\/product\/11359\/revisions\/11413"}],"wp:featuredmedia":[{"embeddable":true,"href":"https:\/\/dev.sm360.no\/obb\/wp-json\/wp\/v2\/media\/11409"}],"wp:attachment":[{"href":"https:\/\/dev.sm360.no\/obb\/wp-json\/wp\/v2\/media?parent=11359"}],"wp:term":[{"taxonomy":"product_brand","embeddable":true,"href":"https:\/\/dev.sm360.no\/obb\/wp-json\/wp\/v2\/product_brand?post=11359"},{"taxonomy":"product_cat","embeddable":true,"href":"https:\/\/dev.sm360.no\/obb\/wp-json\/wp\/v2\/product_cat?post=11359"},{"taxonomy":"product_tag","embeddable":true,"href":"https:\/\/dev.sm360.no\/obb\/wp-json\/wp\/v2\/product_tag?post=11359"}],"curies":[{"name":"wp","href":"https:\/\/api.w.org\/{rel}","templated":true}]}}