{"id":11437,"date":"2024-05-14T11:21:33","date_gmt":"2024-05-14T11:21:33","guid":{"rendered":"https:\/\/dev.sm360.no\/obb\/?post_type=product&#038;p=11437"},"modified":"2024-05-14T11:21:37","modified_gmt":"2024-05-14T11:21:37","slug":"fs-140-set","status":"publish","type":"product","link":"https:\/\/dev.sm360.no\/obb\/produkt\/fs-140-set\/","title":{"rendered":"FS 140 SET"},"content":{"rendered":"<div class=\"result-shield-container tlid-copy-target\">\n<p>Inkludert:<\/p>\n<ul>\n<li>2 stk Polersvamp \u00d8 035 m\/6mm skaft PK-G 35 HEX<\/li>\n<li>2 stk Polersvamp \u00d8 035 m\/6mm skaft PK-V 35 HEX<\/li>\n<li>2 stk\u00a0Polersvamp \u00d8 035 m\/6mm skaft PK-O 35 HEX<\/li>\n<li>2 stk\u00a0Polersvamp \u00d8 035 m\/6mm skaft PZ-G 35 HEX<\/li>\n<li>2 stk\u00a0Polersvamp \u00d8 035 m\/6mm skaft PZ-V 35 HEX<\/li>\n<li>2 stk\u00a0Polersvamp \u00d8 035 m\/6mm skaft PZ-O 35 HEX<\/li>\n<li>1 stk koffert L-BOXX\u00ae TK-L 102<\/li>\n<\/ul>\n<p>Den fleksible akslingen og PXE 80 10.8-EC polermaskin skaper et innovativt system for spot-reparasjoner, for hj\u00f8rner og vanskelig tilgjengelige omr\u00e5der som ikke kan h\u00e5ndteres med vanlige polermaskiner. Lengde 1400 mm for maks 6000 o \/ min. Materialer av h\u00f8y kvalitet garanterer maksimal levetid. Verkt\u00f8yfri montering p\u00e5 PXE med hurtigskiftemekanisme og verkt\u00f8yfritt bytte av tilbeh\u00f8r med bitsholder. Perfekt ergonomi takket v\u00e6re et ekstremt slankt h\u00e5ndtak og ideelle h\u00e5ndtaksposisjoner, for \u00e5 styre verkt\u00f8yet til de beste resultater. Sett best\u00e5ende av 1 L-BOXX\u00ae 102 koffert, 6 koniske og 6 sylindriske poleringssvamper i myke, medium harde og harde (2 av hver).<\/p>\n<\/div>\n","protected":false},"excerpt":{"rendered":"<table class=\"data-table\">\n<tbody>\n<tr>\n<th class=\"label\">Type tilbeh\u00f8r<\/th>\n<td class=\"data\">Tilbeh\u00f8r<\/td>\n<\/tr>\n<tr>\n<th class=\"label\">Lengde<\/th>\n<td class=\"data\">1400 mm<\/td>\n<\/tr>\n<tr>\n<th class=\"label\">Antall per pakke<\/th>\n<td class=\"data\">1 sett<\/td>\n<\/tr>\n<\/tbody>\n<\/table>\n","protected":false},"featured_media":11490,"template":"","meta":{"inline_featured_image":false,"site-sidebar-layout":"default","site-content-layout":"","ast-site-content-layout":"","site-content-style":"default","site-sidebar-style":"default","ast-global-header-display":"","ast-banner-title-visibility":"","ast-main-header-display":"","ast-hfb-above-header-display":"","ast-hfb-below-header-display":"","ast-hfb-mobile-header-display":"","site-post-title":"","ast-breadcrumbs-content":"","ast-featured-img":"","footer-sml-layout":"","theme-transparent-header-meta":"","adv-header-id-meta":"","stick-header-meta":"","header-above-stick-meta":"","header-main-stick-meta":"","header-below-stick-meta":"","astra-migrate-meta-layouts":"default","ast-page-background-enabled":"default","ast-page-background-meta":{"desktop":{"background-color":"var(--ast-global-color-4)","background-image":"","background-repeat":"repeat","background-position":"center center","background-size":"auto","background-attachment":"scroll","background-type":"","background-media":"","overlay-type":"","overlay-color":"","overlay-opacity":"","overlay-gradient":""},"tablet":{"background-color":"","background-image":"","background-repeat":"repeat","background-position":"center center","background-size":"auto","background-attachment":"scroll","background-type":"","background-media":"","overlay-type":"","overlay-color":"","overlay-opacity":"","overlay-gradient":""},"mobile":{"background-color":"","background-image":"","background-repeat":"repeat","background-position":"center center","background-size":"auto","background-attachment":"scroll","background-type":"","background-media":"","overlay-type":"","overlay-color":"","overlay-opacity":"","overlay-gradient":""}},"ast-content-background-meta":{"desktop":{"background-color":"var(--ast-global-color-5)","background-image":"","background-repeat":"repeat","background-position":"center center","background-size":"auto","background-attachment":"scroll","background-type":"","background-media":"","overlay-type":"","overlay-color":"","overlay-opacity":"","overlay-gradient":""},"tablet":{"background-color":"var(--ast-global-color-5)","background-image":"","background-repeat":"repeat","background-position":"center center","background-size":"auto","background-attachment":"scroll","background-type":"","background-media":"","overlay-type":"","overlay-color":"","overlay-opacity":"","overlay-gradient":""},"mobile":{"background-color":"var(--ast-global-color-5)","background-image":"","background-repeat":"repeat","background-position":"center center","background-size":"auto","background-attachment":"scroll","background-type":"","background-media":"","overlay-type":"","overlay-color":"","overlay-opacity":"","overlay-gradient":""}}},"product_brand":[],"product_cat":[167,188],"product_tag":[],"class_list":{"0":"post-11437","1":"product","2":"type-product","3":"status-publish","4":"has-post-thumbnail","6":"product_cat-polering","7":"product_cat-maskiner","8":"desktop-align-left","9":"tablet-align-left","10":"mobile-align-left","12":"first","13":"instock","14":"taxable","15":"shipping-taxable","16":"purchasable","17":"product-type-simple"},"_links":{"self":[{"href":"https:\/\/dev.sm360.no\/obb\/wp-json\/wp\/v2\/product\/11437","targetHints":{"allow":["GET"]}}],"collection":[{"href":"https:\/\/dev.sm360.no\/obb\/wp-json\/wp\/v2\/product"}],"about":[{"href":"https:\/\/dev.sm360.no\/obb\/wp-json\/wp\/v2\/types\/product"}],"version-history":[{"count":1,"href":"https:\/\/dev.sm360.no\/obb\/wp-json\/wp\/v2\/product\/11437\/revisions"}],"predecessor-version":[{"id":11491,"href":"https:\/\/dev.sm360.no\/obb\/wp-json\/wp\/v2\/product\/11437\/revisions\/11491"}],"wp:featuredmedia":[{"embeddable":true,"href":"https:\/\/dev.sm360.no\/obb\/wp-json\/wp\/v2\/media\/11490"}],"wp:attachment":[{"href":"https:\/\/dev.sm360.no\/obb\/wp-json\/wp\/v2\/media?parent=11437"}],"wp:term":[{"taxonomy":"product_brand","embeddable":true,"href":"https:\/\/dev.sm360.no\/obb\/wp-json\/wp\/v2\/product_brand?post=11437"},{"taxonomy":"product_cat","embeddable":true,"href":"https:\/\/dev.sm360.no\/obb\/wp-json\/wp\/v2\/product_cat?post=11437"},{"taxonomy":"product_tag","embeddable":true,"href":"https:\/\/dev.sm360.no\/obb\/wp-json\/wp\/v2\/product_tag?post=11437"}],"curies":[{"name":"wp","href":"https:\/\/api.w.org\/{rel}","templated":true}]}}