{"id":11859,"date":"2024-05-14T11:22:03","date_gmt":"2024-05-14T11:22:03","guid":{"rendered":"https:\/\/dev.sm360.no\/obb\/?post_type=product&#038;p=11859"},"modified":"2024-05-14T11:22:06","modified_gmt":"2024-05-14T11:22:06","slug":"multivac-ts","status":"publish","type":"product","link":"https:\/\/dev.sm360.no\/obb\/produkt\/multivac-ts\/","title":{"rendered":"Multivac TS"},"content":{"rendered":"<div id=\"product-info\" class=\"collapse show\">\n<div class=\"mb-5 mt-3 pb-4\">\n<div id=\"prod-txt-container\" class=\"\">\n<div class=\"row\">\n<div class=\"col-md-6 product-order\">\n<div id=\"product-info\" class=\"collapse show\">\n<div class=\"mb-5 mt-3 pb-4\">\n<div id=\"prod-txt-container\" class=\"\">\n<div id=\"product-info\" class=\"collapse show\">\n<div class=\"mb-5 mt-3 pb-4\">\n<div id=\"prod-txt-container\" class=\"\">\n<div id=\"product-info\" class=\"collapse show\">\n<div class=\"mb-5 mt-3 pb-4\">\n<div id=\"prod-txt-container\" class=\"\">\n<div id=\"product-info\" class=\"collapse show\">\n<div class=\"mb-5 mt-3 pb-4\">\n<div id=\"prod-txt-container\" class=\"\">\n<div id=\"product-info\" class=\"collapse show\">\n<div class=\"mb-5 mt-3 pb-4\">\n<div id=\"prod-txt-container\" class=\"\">\n<div class=\"row\">\n<div class=\"col-md-6 product-order\">\n<div id=\"product-info\" class=\"collapse show\">\n<div class=\"mb-5 mt-3 pb-4\">\n<div id=\"prod-txt-container\" class=\"\">\n<div class=\"row\">\n<div class=\"col-md-6 product-order\">\n<div id=\"product-info\" class=\"collapse show\">\n<div class=\"mb-5 mt-3 pb-4\">\n<div id=\"prod-txt-container\">\n<div class=\"row\">\n<div class=\"col-md-6 product-order\">\n<div id=\"product-info\" class=\"collapse show\">\n<div class=\"mb-5 mt-3 pb-4\">\n<div id=\"prod-txt-container\" class=\"\">\n<div class=\"row\">\n<div class=\"col-md-6 product-order\">\n<div id=\"product-info\" class=\"collapse show\">\n<div class=\"mb-5 mt-3 pb-4\">\n<div id=\"prod-txt-container\" class=\"\">\n<div class=\"row\">\n<div class=\"col-md-6 product-order\">\n<div id=\"product-info\" class=\"collapse show\">\n<div class=\"mb-5 mt-3 pb-4\">\n<div id=\"prod-txt-container\" class=\"\">\n<div class=\"row\">\n<div class=\"col-md-6 product-order\">\n<div id=\"product-info\" class=\"collapse show\">\n<div class=\"mb-5 mt-3 pb-4\">\n<div id=\"prod-txt-container\" class=\"\">\n<div>\n<p>Foma Multivac TS er en st\u00f8v- og vannsuger spesielt tilpasset nevenyttige og h\u00e5ndverkere. Den er velutstyrt med ulike munnstykker og har start\/stopp automatikk innebygget for styring av elektroverkt\u00f8y. Slipemaskinens el. kabel plugges i str\u00f8muttaket p\u00e5 st\u00f8vsugeren.<br \/>\nN\u00e5r verkt\u00f8yet startes, starter ogs\u00e5 st\u00f8vsugeren. Foma Multivac TS leveres klar til bruk med engangspose, superflex sugeslange og munnstykker for ulike oppgaver samt en universalovergang for ulike elektroverkt\u00f8y. HEPA filter er ekstrautstyr.<\/p>\n<\/div>\n<p>&nbsp;<\/p>\n<div>\n<p><strong>Fjernstyring<\/strong><\/p>\n<p>Fjernstyringsfunksjonen fungerer slik, at n\u00e5r elektroverkt\u00f8yet settes i stikkontakten og startes, vil ogs\u00e5 st\u00f8vsugeren starte, og den sl\u00e5s av automatisk n\u00e5r du slipper avtrekkeren til verkt\u00f8yet.<br \/>\nDen integrerte ekstrakontakten st\u00f8tter forskjellige verkt\u00f8y:<br \/>\nElektroverkt\u00f8y (TC) p\u00e5 opptil 2 600 Watt, Pneumatiske verkt\u00f8y (PN) p\u00e5 opptil 7 bar.<\/p>\n<p><strong>Fordeler<\/strong><\/p>\n<p>&#8211; Ved \u00e5 koble verkt\u00f8yet til maskinen, f\u00e5r du bedre oversikt over arbeidsstedet og kan jobbe raskere og mer presist.<br \/>\n&#8211; Ved bruk av st\u00f8vsugeren slipper man rengj\u00f8ring ved<br \/>\nendt arbeid.<br \/>\n&#8211; Det er tryggere for helsen, siden farlig st\u00f8v suges opp umiddelbart.<br \/>\n&#8211; Allsidig og dobbelt driftssystem:<br \/>\n1. Autostartfunksjon gjennom elektroverkt\u00f8y,,,<br \/>\n2. Standard rengj\u00f8ring ved hjelp av tilbeh\u00f8r<\/p>\n<\/div>\n<\/div>\n<\/div>\n<\/div>\n<\/div>\n<\/div>\n<\/div>\n<\/div>\n<\/div>\n<\/div>\n<\/div>\n<\/div>\n<\/div>\n<\/div>\n<\/div>\n<\/div>\n<\/div>\n<\/div>\n<\/div>\n<\/div>\n<\/div>\n<\/div>\n<\/div>\n<\/div>\n<\/div>\n<\/div>\n<\/div>\n<\/div>\n<\/div>\n<\/div>\n<\/div>\n<\/div>\n<\/div>\n<\/div>\n<\/div>\n<\/div>\n<\/div>\n<\/div>\n<\/div>\n<\/div>\n<\/div>\n<\/div>\n<\/div>\n<\/div>\n<\/div>\n<\/div>\n<\/div>\n<\/div>\n<\/div>\n<\/div>\n<\/div>\n","protected":false},"excerpt":{"rendered":"<table class=\"alternate-rows mb-5\">\n<tbody>\n<tr>\n<td>Varenummer: 131250<\/td>\n<\/tr>\n<tr>\n<td>EAN-nr: 7050481312508<\/td>\n<\/tr>\n<tr>\n<td>Motoreffekt maks: 1200 Watt<\/td>\n<\/tr>\n<tr>\n<td>Maks. uttak for elektroverkt\u00f8y: 2100 Watt<\/td>\n<\/tr>\n<tr>\n<td>Spenning: 230\/10 V-Amp<\/td>\n<\/tr>\n<tr>\n<td>Sugeeffekt: 2400 mmVs<\/td>\n<\/tr>\n<tr>\n<td>Luftmengde: 169 m3\/t<\/td>\n<\/tr>\n<tr>\n<td>Filtrering med hovedfilter: 99,93 %<\/td>\n<\/tr>\n<tr>\n<td>Filtrering med engangspose: 99,96 %<\/td>\n<\/tr>\n<tr>\n<td>Filtrering med HEPA filter: 100,00 %<\/td>\n<\/tr>\n<tr>\n<td>Tankvolum: 15 liter<\/td>\n<\/tr>\n<tr>\n<td>Str\u00f8mkabel: 8,5 meter<\/td>\n<\/tr>\n<tr>\n<td>St\u00f8yniv\u00e5: 57 dB(A)<\/td>\n<\/tr>\n<tr>\n<td>Dimensjoner: 54,5&#215;54,5&#215;38,5 cm<\/td>\n<\/tr>\n<tr>\n<td>Vekt: 7,5 Kg<\/td>\n<\/tr>\n<\/tbody>\n<\/table>\n","protected":false},"featured_media":11901,"template":"","meta":{"inline_featured_image":false,"site-sidebar-layout":"default","site-content-layout":"","ast-site-content-layout":"","site-content-style":"default","site-sidebar-style":"default","ast-global-header-display":"","ast-banner-title-visibility":"","ast-main-header-display":"","ast-hfb-above-header-display":"","ast-hfb-below-header-display":"","ast-hfb-mobile-header-display":"","site-post-title":"","ast-breadcrumbs-content":"","ast-featured-img":"","footer-sml-layout":"","theme-transparent-header-meta":"","adv-header-id-meta":"","stick-header-meta":"","header-above-stick-meta":"","header-main-stick-meta":"","header-below-stick-meta":"","astra-migrate-meta-layouts":"default","ast-page-background-enabled":"default","ast-page-background-meta":{"desktop":{"background-color":"var(--ast-global-color-4)","background-image":"","background-repeat":"repeat","background-position":"center center","background-size":"auto","background-attachment":"scroll","background-type":"","background-media":"","overlay-type":"","overlay-color":"","overlay-opacity":"","overlay-gradient":""},"tablet":{"background-color":"","background-image":"","background-repeat":"repeat","background-position":"center center","background-size":"auto","background-attachment":"scroll","background-type":"","background-media":"","overlay-type":"","overlay-color":"","overlay-opacity":"","overlay-gradient":""},"mobile":{"background-color":"","background-image":"","background-repeat":"repeat","background-position":"center center","background-size":"auto","background-attachment":"scroll","background-type":"","background-media":"","overlay-type":"","overlay-color":"","overlay-opacity":"","overlay-gradient":""}},"ast-content-background-meta":{"desktop":{"background-color":"var(--ast-global-color-5)","background-image":"","background-repeat":"repeat","background-position":"center center","background-size":"auto","background-attachment":"scroll","background-type":"","background-media":"","overlay-type":"","overlay-color":"","overlay-opacity":"","overlay-gradient":""},"tablet":{"background-color":"var(--ast-global-color-5)","background-image":"","background-repeat":"repeat","background-position":"center center","background-size":"auto","background-attachment":"scroll","background-type":"","background-media":"","overlay-type":"","overlay-color":"","overlay-opacity":"","overlay-gradient":""},"mobile":{"background-color":"var(--ast-global-color-5)","background-image":"","background-repeat":"repeat","background-position":"center center","background-size":"auto","background-attachment":"scroll","background-type":"","background-media":"","overlay-type":"","overlay-color":"","overlay-opacity":"","overlay-gradient":""}}},"product_brand":[],"product_cat":[216,219],"product_tag":[],"class_list":{"0":"post-11859","1":"product","2":"type-product","3":"status-publish","4":"has-post-thumbnail","6":"product_cat-stovsugere","7":"product_cat-1-sugemotor","8":"desktop-align-left","9":"tablet-align-left","10":"mobile-align-left","12":"first","13":"instock","14":"taxable","15":"shipping-taxable","16":"purchasable","17":"product-type-simple"},"_links":{"self":[{"href":"https:\/\/dev.sm360.no\/obb\/wp-json\/wp\/v2\/product\/11859","targetHints":{"allow":["GET"]}}],"collection":[{"href":"https:\/\/dev.sm360.no\/obb\/wp-json\/wp\/v2\/product"}],"about":[{"href":"https:\/\/dev.sm360.no\/obb\/wp-json\/wp\/v2\/types\/product"}],"version-history":[{"count":1,"href":"https:\/\/dev.sm360.no\/obb\/wp-json\/wp\/v2\/product\/11859\/revisions"}],"predecessor-version":[{"id":11902,"href":"https:\/\/dev.sm360.no\/obb\/wp-json\/wp\/v2\/product\/11859\/revisions\/11902"}],"wp:featuredmedia":[{"embeddable":true,"href":"https:\/\/dev.sm360.no\/obb\/wp-json\/wp\/v2\/media\/11901"}],"wp:attachment":[{"href":"https:\/\/dev.sm360.no\/obb\/wp-json\/wp\/v2\/media?parent=11859"}],"wp:term":[{"taxonomy":"product_brand","embeddable":true,"href":"https:\/\/dev.sm360.no\/obb\/wp-json\/wp\/v2\/product_brand?post=11859"},{"taxonomy":"product_cat","embeddable":true,"href":"https:\/\/dev.sm360.no\/obb\/wp-json\/wp\/v2\/product_cat?post=11859"},{"taxonomy":"product_tag","embeddable":true,"href":"https:\/\/dev.sm360.no\/obb\/wp-json\/wp\/v2\/product_tag?post=11859"}],"curies":[{"name":"wp","href":"https:\/\/api.w.org\/{rel}","templated":true}]}}