{"id":11862,"date":"2024-05-14T11:22:03","date_gmt":"2024-05-14T11:22:03","guid":{"rendered":"https:\/\/dev.sm360.no\/obb\/?post_type=product&#038;p=11862"},"modified":"2024-05-14T11:22:06","modified_gmt":"2024-05-14T11:22:06","slug":"gp-1-16-wd","status":"publish","type":"product","link":"https:\/\/dev.sm360.no\/obb\/produkt\/gp-1-16-wd\/","title":{"rendered":"GP 1\/16 W&#038;D"},"content":{"rendered":"<div id=\"product-info\" class=\"collapse show\">\n<div class=\"mb-5 mt-3 pb-4\">\n<div id=\"prod-txt-container\" class=\"\">\n<div class=\"row\">\n<div class=\"col-md-6 product-order\">\n<div id=\"product-info\" class=\"collapse show\">\n<div class=\"mb-5 mt-3 pb-4\">\n<div id=\"prod-txt-container\" class=\"\">\n<div id=\"product-info\" class=\"collapse show\">\n<div class=\"mb-5 mt-3 pb-4\">\n<div id=\"prod-txt-container\" class=\"\">\n<div id=\"product-info\" class=\"collapse show\">\n<div class=\"mb-5 mt-3 pb-4\">\n<div id=\"prod-txt-container\" class=\"\">\n<div id=\"product-info\" class=\"collapse show\">\n<div class=\"mb-5 mt-3 pb-4\">\n<div id=\"prod-txt-container\" class=\"\">\n<div id=\"product-info\" class=\"collapse show\">\n<div class=\"mb-5 mt-3 pb-4\">\n<div id=\"prod-txt-container\" class=\"\">\n<div class=\"row\">\n<div class=\"col-md-6 product-order\">\n<div id=\"product-info\" class=\"collapse show\">\n<div class=\"mb-5 mt-3 pb-4\">\n<div id=\"prod-txt-container\" class=\"\">\n<div class=\"row\">\n<div class=\"col-md-6 product-order\">\n<div id=\"product-info\" class=\"collapse show\">\n<div class=\"mb-5 mt-3 pb-4\">\n<div id=\"prod-txt-container\">\n<div class=\"row\">\n<div class=\"col-md-6 product-order\">\n<div id=\"product-info\" class=\"collapse show\">\n<div class=\"mb-5 mt-3 pb-4\">\n<div id=\"prod-txt-container\" class=\"\">\n<div class=\"row\">\n<div class=\"col-md-6 product-order\">\n<div id=\"product-info\" class=\"collapse show\">\n<div class=\"mb-5 mt-3 pb-4\">\n<div id=\"prod-txt-container\" class=\"\">\n<div class=\"row\">\n<div class=\"col-md-6 product-order\">\n<div id=\"product-info\" class=\"collapse show\">\n<div class=\"mb-5 mt-3 pb-4\">\n<div id=\"prod-txt-container\" class=\"\">\n<div class=\"row\">\n<div class=\"col-md-6 product-order\">\n<div id=\"product-info\" class=\"collapse show\">\n<div class=\"mb-5 mt-3 pb-4\">\n<div id=\"prod-txt-container\" class=\"\">\n<div id=\"product-info\" class=\"collapse show\">\n<div class=\"mb-5 mt-3 pb-4\">\n<div id=\"prod-txt-container\" class=\"\">\n<div>\n<p>GP st\u00f8v- og vannsuger er en modell full av innovative l\u00f8sninger. Maskinen kan brukes til \u00e5 suge opp alt av st\u00f8v og vann avfall, en flott\u00f8r i tanken hindrer at vann kommer inn i sugemotoren. Pakningene som er brukt har maksimalt beskyttelse mot oppsug av f. eks. olje og kjemikalier noe som gj\u00f8r GP st\u00f8v- og vannsuger veldig anvendelig. GP har innovasjonen &laquo;Black is Green&raquo; som betyr at den er laget av opp til 75% resirkulert plast og er like slitesterk som ny plast. Suger\u00f8rene er laget av en blanding av plast og aluminium som gj\u00f8r det meget slitestrekt og lett i vekt. GP st\u00f8v- og vannsugere egner seg til bruk i anleggsbransjen, autobransjen, jordbruk og industribransjen. GP st\u00f8v- og vannsuger kommer i utgaver med 1, 2 og 3 sugemotor(er) og i tank st\u00f8rrelser fra 16 liter til 72 liter.<\/p>\n<\/div>\n<div><\/div>\n<\/div>\n<\/div>\n<\/div>\n<div class=\"iframeContainer\"><iframe class=\"responsive-iframe\" src=\"https:\/\/www.youtube.com\/embed\/CP6P2n_I-mA\" width=\"750\" height=\"422\" frameborder=\"0\" allowfullscreen=\"allowfullscreen\" data-mce-fragment=\"1\"><\/iframe><\/div>\n<\/div>\n<\/div>\n<\/div>\n<\/div>\n<\/div>\n<\/div>\n<\/div>\n<\/div>\n<\/div>\n<\/div>\n<\/div>\n<\/div>\n<\/div>\n<\/div>\n<\/div>\n<\/div>\n<\/div>\n<\/div>\n<\/div>\n<\/div>\n<\/div>\n<\/div>\n<\/div>\n<\/div>\n<\/div>\n<\/div>\n<\/div>\n<\/div>\n<\/div>\n<\/div>\n<\/div>\n<\/div>\n<\/div>\n<\/div>\n<\/div>\n<\/div>\n<\/div>\n<\/div>\n<\/div>\n<\/div>\n<\/div>\n<\/div>\n<\/div>\n<\/div>\n<\/div>\n<\/div>\n<\/div>\n<\/div>\n<\/div>\n<\/div>\n","protected":false},"excerpt":{"rendered":"<table class=\"alternate-rows mb-5\">\n<tbody>\n<tr>\n<td>Varenummer: 185012<\/td>\n<\/tr>\n<tr>\n<td>EAN-nr: 7050481850123<\/td>\n<\/tr>\n<tr>\n<td>Motoreffekt maks: 1300 Watt<\/td>\n<\/tr>\n<tr>\n<td>Antall motorer: 1<\/td>\n<\/tr>\n<tr>\n<td>Spenning: 230 V-Amp<\/td>\n<\/tr>\n<tr>\n<td>Sugeeffekt: 2380 mmVs<\/td>\n<\/tr>\n<tr>\n<td>Luftmengde: 200 m3\/t<\/td>\n<\/tr>\n<tr>\n<td>Tankvolum: 16\/#Plast liter<\/td>\n<\/tr>\n<tr>\n<td>Str\u00f8mkabel: 8,5 meter<\/td>\n<\/tr>\n<tr>\n<td>St\u00f8yniv\u00e5: 70 dB(A)<\/td>\n<\/tr>\n<tr>\n<td>Dimensjoner: 38x38x50 cm<\/td>\n<\/tr>\n<tr>\n<td>Vekt: 10 Kg<\/td>\n<\/tr>\n<\/tbody>\n<\/table>\n","protected":false},"featured_media":11906,"template":"","meta":{"inline_featured_image":false,"site-sidebar-layout":"default","site-content-layout":"","ast-site-content-layout":"","site-content-style":"default","site-sidebar-style":"default","ast-global-header-display":"","ast-banner-title-visibility":"","ast-main-header-display":"","ast-hfb-above-header-display":"","ast-hfb-below-header-display":"","ast-hfb-mobile-header-display":"","site-post-title":"","ast-breadcrumbs-content":"","ast-featured-img":"","footer-sml-layout":"","theme-transparent-header-meta":"","adv-header-id-meta":"","stick-header-meta":"","header-above-stick-meta":"","header-main-stick-meta":"","header-below-stick-meta":"","astra-migrate-meta-layouts":"default","ast-page-background-enabled":"default","ast-page-background-meta":{"desktop":{"background-color":"var(--ast-global-color-4)","background-image":"","background-repeat":"repeat","background-position":"center center","background-size":"auto","background-attachment":"scroll","background-type":"","background-media":"","overlay-type":"","overlay-color":"","overlay-opacity":"","overlay-gradient":""},"tablet":{"background-color":"","background-image":"","background-repeat":"repeat","background-position":"center center","background-size":"auto","background-attachment":"scroll","background-type":"","background-media":"","overlay-type":"","overlay-color":"","overlay-opacity":"","overlay-gradient":""},"mobile":{"background-color":"","background-image":"","background-repeat":"repeat","background-position":"center center","background-size":"auto","background-attachment":"scroll","background-type":"","background-media":"","overlay-type":"","overlay-color":"","overlay-opacity":"","overlay-gradient":""}},"ast-content-background-meta":{"desktop":{"background-color":"var(--ast-global-color-5)","background-image":"","background-repeat":"repeat","background-position":"center center","background-size":"auto","background-attachment":"scroll","background-type":"","background-media":"","overlay-type":"","overlay-color":"","overlay-opacity":"","overlay-gradient":""},"tablet":{"background-color":"var(--ast-global-color-5)","background-image":"","background-repeat":"repeat","background-position":"center center","background-size":"auto","background-attachment":"scroll","background-type":"","background-media":"","overlay-type":"","overlay-color":"","overlay-opacity":"","overlay-gradient":""},"mobile":{"background-color":"var(--ast-global-color-5)","background-image":"","background-repeat":"repeat","background-position":"center center","background-size":"auto","background-attachment":"scroll","background-type":"","background-media":"","overlay-type":"","overlay-color":"","overlay-opacity":"","overlay-gradient":""}}},"product_brand":[],"product_cat":[216,219],"product_tag":[],"class_list":{"0":"post-11862","1":"product","2":"type-product","3":"status-publish","4":"has-post-thumbnail","6":"product_cat-stovsugere","7":"product_cat-1-sugemotor","8":"desktop-align-left","9":"tablet-align-left","10":"mobile-align-left","12":"first","13":"instock","14":"taxable","15":"shipping-taxable","16":"purchasable","17":"product-type-simple"},"_links":{"self":[{"href":"https:\/\/dev.sm360.no\/obb\/wp-json\/wp\/v2\/product\/11862","targetHints":{"allow":["GET"]}}],"collection":[{"href":"https:\/\/dev.sm360.no\/obb\/wp-json\/wp\/v2\/product"}],"about":[{"href":"https:\/\/dev.sm360.no\/obb\/wp-json\/wp\/v2\/types\/product"}],"version-history":[{"count":1,"href":"https:\/\/dev.sm360.no\/obb\/wp-json\/wp\/v2\/product\/11862\/revisions"}],"predecessor-version":[{"id":11907,"href":"https:\/\/dev.sm360.no\/obb\/wp-json\/wp\/v2\/product\/11862\/revisions\/11907"}],"wp:featuredmedia":[{"embeddable":true,"href":"https:\/\/dev.sm360.no\/obb\/wp-json\/wp\/v2\/media\/11906"}],"wp:attachment":[{"href":"https:\/\/dev.sm360.no\/obb\/wp-json\/wp\/v2\/media?parent=11862"}],"wp:term":[{"taxonomy":"product_brand","embeddable":true,"href":"https:\/\/dev.sm360.no\/obb\/wp-json\/wp\/v2\/product_brand?post=11862"},{"taxonomy":"product_cat","embeddable":true,"href":"https:\/\/dev.sm360.no\/obb\/wp-json\/wp\/v2\/product_cat?post=11862"},{"taxonomy":"product_tag","embeddable":true,"href":"https:\/\/dev.sm360.no\/obb\/wp-json\/wp\/v2\/product_tag?post=11862"}],"curies":[{"name":"wp","href":"https:\/\/api.w.org\/{rel}","templated":true}]}}